{"id":2174,"date":"2025-07-25T07:54:19","date_gmt":"2025-07-25T07:54:19","guid":{"rendered":"https:\/\/qrideamenu.com\/kuzinrestaurant\/?post_type=product&#038;p=2174"},"modified":"2025-07-25T10:17:34","modified_gmt":"2025-07-25T10:17:34","slug":"mercimek","status":"publish","type":"product","link":"https:\/\/qrideamenu.com\/kuzinrestaurant\/urun\/mercimek\/","title":{"rendered":"Mercimek \u00c7orbas\u0131"},"content":{"rendered":"<div class=\"product_desc-row\">\n<div class=\"product_desc-desc\">\n<div class=\"product_desc-row\">\n<div class=\"product_desc-desc\">\n<p data-start=\"0\" data-end=\"418\"><strong data-start=\"0\" data-end=\"19\">Mercimek Yeme\u011fi<\/strong><br data-start=\"19\" data-end=\"22\" \/>Kuzin\u2019in sade ama g\u00fc\u00e7l\u00fc lezzetlerinden biri.<br data-start=\"66\" data-end=\"69\" \/>Protein de\u011feri y\u00fcksek ye\u015fil mercimekler, zeytinya\u011f\u0131nda kavrulan so\u011fan, havu\u00e7 ve domates sal\u00e7as\u0131yla harmanlanarak k\u0131s\u0131k ate\u015fte pi\u015firilir. Kuzin\u2019in \u00f6zel sebze suyu ile tatland\u0131r\u0131lan bu yemek, hem geleneksel damak tad\u0131na hem de modern sa\u011fl\u0131kl\u0131 beslenme anlay\u0131\u015f\u0131na hitap eder. Ev yeme\u011fi s\u0131cakl\u0131\u011f\u0131nda, besleyici ve dengeli bir ana \u00f6\u011f\u00fcn alternatifi sunar.<\/p>\n<p data-start=\"420\" data-end=\"596\"><strong data-start=\"420\" data-end=\"442\">Kullan\u0131lan Teknik:<\/strong><br data-start=\"442\" data-end=\"445\" \/>Malzemeler ta\u015f tencerede kavrulduktan sonra d\u00fc\u015f\u00fck \u0131s\u0131da uzun s\u00fcreli pi\u015firme y\u00f6ntemi uygulan\u0131r. Servis \u00f6ncesi dinlendirilerek lezzet b\u00fct\u00fcnl\u00fc\u011f\u00fc sa\u011flan\u0131r.<\/p>\n<p data-start=\"598\" data-end=\"636\"><strong data-start=\"598\" data-end=\"619\">Porsiyon Gramaj\u0131:<\/strong><br data-start=\"619\" data-end=\"622\" \/>250 g \/ servis<\/p>\n<p data-start=\"638\" data-end=\"777\"><strong data-start=\"641\" data-end=\"672\">100 g \u0130\u00e7in Besin De\u011ferleri:<\/strong><br data-start=\"672\" data-end=\"675\" \/>Enerji (kcal): 106 kcal<br data-start=\"698\" data-end=\"701\" \/>Karbonhidrat: 14.2 g<br data-start=\"721\" data-end=\"724\" \/>Protein: 6.8 g<br data-start=\"738\" data-end=\"741\" \/>Ya\u011f: 2.4 g<br data-start=\"751\" data-end=\"754\" \/>Lif: 4.1 g<br data-start=\"764\" data-end=\"767\" \/>Tuz: 0.6 g<\/p>\n<p data-start=\"779\" data-end=\"931\">\u26a0\ufe0f <strong data-start=\"782\" data-end=\"802\">Alerjen Bilgisi:<\/strong><br data-start=\"802\" data-end=\"805\" \/>Bu \u00fcr\u00fcn gluten i\u00e7erebilir. Tarifin k\u0131vam\u0131nda az miktarda un kullan\u0131lmaktad\u0131r. Gluten hassasiyeti olan bireyler i\u00e7in \u00f6nerilmez.<\/p>\n<\/div>\n<\/div>\n<div class=\"product_desc-img\"><\/div>\n<div><\/div>\n<\/div>\n<div class=\"product_desc-img\"><\/div>\n<\/div>\n","protected":false},"excerpt":{"rendered":"<p>Mercimek Yeme\u011fi<br \/>\nKuzin\u2019in sade ama g\u00fc\u00e7l\u00fc lezzetlerinden biri.<br \/>\nProtein de\u011feri y\u00fcksek ye\u015fil mercimekler, zeytinya\u011f\u0131nda kavrulan so\u011fan, havu\u00e7 ve domates sal\u00e7as\u0131yla harmanlanarak k\u0131s\u0131k ate\u015fte pi\u015firilir. Kuzin\u2019in \u00f6zel sebze suyu ile tatland\u0131r\u0131lan bu yemek, hem geleneksel damak tad\u0131na hem de modern sa\u011fl\u0131kl\u0131 beslenme anlay\u0131\u015f\u0131na hitap eder. Ev yeme\u011fi s\u0131cakl\u0131\u011f\u0131nda, besleyici ve dengeli bir ana \u00f6\u011f\u00fcn alternatifi sunar.<\/p>\n<p>Kullan\u0131lan Teknik:<br \/>\nMalzemeler ta\u015f tencerede kavrulduktan sonra d\u00fc\u015f\u00fck \u0131s\u0131da uzun s\u00fcreli pi\u015firme y\u00f6ntemi uygulan\u0131r. Servis \u00f6ncesi dinlendirilerek lezzet b\u00fct\u00fcnl\u00fc\u011f\u00fc sa\u011flan\u0131r.<\/p>\n<p>Porsiyon Gramaj\u0131:<br \/>\n250 g \/ servis<\/p>\n<p>100 g \u0130\u00e7in Besin De\u011ferleri:<br \/>\nEnerji (kcal): 106 kcal<br \/>\nKarbonhidrat: 14.2 g<br \/>\nProtein: 6.8 g<br \/>\nYa\u011f: 2.4 g<br \/>\nLif: 4.1 g<br \/>\nTuz: 0.6 g<\/p>\n<p>Alerjen Bilgisi:<br \/>\nBu \u00fcr\u00fcn gluten i\u00e7erebilir. Tarifin k\u0131vam\u0131nda az miktarda un kullan\u0131lmaktad\u0131r. Gluten hassasiyeti olan bireyler i\u00e7in \u00f6nerilmez.<\/p>\n","protected":false},"featured_media":2710,"comment_status":"open","ping_status":"closed","template":"","meta":{"pagelayer_contact_templates":[],"_pagelayer_content":""},"product_brand":[],"product_cat":[35],"product_tag":[36],"class_list":{"0":"post-2174","1":"product","2":"type-product","3":"status-publish","4":"has-post-thumbnail","6":"product_cat-corbalar","7":"product_tag-food","9":"first","10":"instock","11":"shipping-taxable","12":"purchasable","13":"product-type-simple"},"jetpack_sharing_enabled":true,"_links":{"self":[{"href":"https:\/\/qrideamenu.com\/kuzinrestaurant\/wp-json\/wp\/v2\/product\/2174","targetHints":{"allow":["GET"]}}],"collection":[{"href":"https:\/\/qrideamenu.com\/kuzinrestaurant\/wp-json\/wp\/v2\/product"}],"about":[{"href":"https:\/\/qrideamenu.com\/kuzinrestaurant\/wp-json\/wp\/v2\/types\/product"}],"replies":[{"embeddable":true,"href":"https:\/\/qrideamenu.com\/kuzinrestaurant\/wp-json\/wp\/v2\/comments?post=2174"}],"wp:featuredmedia":[{"embeddable":true,"href":"https:\/\/qrideamenu.com\/kuzinrestaurant\/wp-json\/wp\/v2\/media\/2710"}],"wp:attachment":[{"href":"https:\/\/qrideamenu.com\/kuzinrestaurant\/wp-json\/wp\/v2\/media?parent=2174"}],"wp:term":[{"taxonomy":"product_brand","embeddable":true,"href":"https:\/\/qrideamenu.com\/kuzinrestaurant\/wp-json\/wp\/v2\/product_brand?post=2174"},{"taxonomy":"product_cat","embeddable":true,"href":"https:\/\/qrideamenu.com\/kuzinrestaurant\/wp-json\/wp\/v2\/product_cat?post=2174"},{"taxonomy":"product_tag","embeddable":true,"href":"https:\/\/qrideamenu.com\/kuzinrestaurant\/wp-json\/wp\/v2\/product_tag?post=2174"}],"curies":[{"name":"wp","href":"https:\/\/api.w.org\/{rel}","templated":true}]}}