{"id":2179,"date":"2025-07-23T07:54:19","date_gmt":"2025-07-23T07:54:19","guid":{"rendered":"https:\/\/qrideamenu.com\/kuzinrestaurant\/?post_type=product&#038;p=2179"},"modified":"2025-11-12T07:01:13","modified_gmt":"2025-11-12T07:01:13","slug":"hunkarbegendi","status":"publish","type":"product","link":"https:\/\/qrideamenu.com\/kuzinrestaurant\/urun\/hunkarbegendi\/","title":{"rendered":"H\u00fcnkarbe\u011fendi"},"content":{"rendered":"<div class=\"product_desc-row\">\n<div class=\"product_desc-desc\">\n<p data-start=\"0\" data-end=\"345\"><strong data-start=\"0\" data-end=\"17\">H\u00fcnkarbe\u011fendi<\/strong><br data-start=\"17\" data-end=\"20\" \/>Kuzin mutfa\u011f\u0131n\u0131n Osmanl\u0131 saraylar\u0131ndan g\u00fcn\u00fcm\u00fcze uzanan klasik lezzeti.<br data-start=\"90\" data-end=\"93\" \/>K\u00f6zlenmi\u015f patl\u0131canlar\u0131n s\u00fct ve un ile haz\u0131rlanan be\u015famel sosla bulu\u015ftu\u011fu p\u00fcr\u00fczs\u00fcz be\u011fendi taban\u0131, \u00f6zel baharatlarla marine edilmi\u015f kuzu etinin zengin aromas\u0131yla tamamlan\u0131r. Ta\u015f f\u0131r\u0131nda nazik\u00e7e pi\u015firilerek geleneksel tad\u0131 modern sunumla sofran\u0131za ta\u015f\u0131r.<\/p>\n<p data-start=\"347\" data-end=\"543\"><strong data-start=\"347\" data-end=\"369\">Kullan\u0131lan Teknik:<\/strong><br data-start=\"369\" data-end=\"372\" \/>Patl\u0131canlar k\u00f6zlenir, be\u015famel sos haz\u0131rlan\u0131r ve patl\u0131canlarla kar\u0131\u015ft\u0131r\u0131l\u0131r. Kuzu eti \u00f6zel baharatlarla marine edilip ta\u015f f\u0131r\u0131nda pi\u015firilir. Be\u011fendi \u00fczerinde servis edilir.<\/p>\n<p data-start=\"545\" data-end=\"583\"><strong data-start=\"545\" data-end=\"566\">Porsiyon Gramaj\u0131:<\/strong><br data-start=\"566\" data-end=\"569\" \/>120 g \/ servis<\/p>\n<p data-start=\"585\" data-end=\"725\"><strong data-start=\"588\" data-end=\"619\">100 g \u0130\u00e7in Besin De\u011ferleri:<\/strong><br data-start=\"619\" data-end=\"622\" \/>Enerji (kcal): 195 kcal<br data-start=\"645\" data-end=\"648\" \/>Karbonhidrat: 12.0 g<br data-start=\"668\" data-end=\"671\" \/>Protein: 14.5 g<br data-start=\"686\" data-end=\"689\" \/>Ya\u011f: 9.0 g<br data-start=\"699\" data-end=\"702\" \/>Lif: 3.2 g<br data-start=\"712\" data-end=\"715\" \/>Tuz: 0.7 g<\/p>\n<p data-start=\"727\" data-end=\"876\">\u26a0\ufe0f <strong data-start=\"730\" data-end=\"750\">Alerjen Bilgisi:<\/strong><br data-start=\"750\" data-end=\"753\" \/>Bu \u00fcr\u00fcn s\u00fct ve gluten i\u00e7erir. Be\u015famel sos i\u00e7inde un ve s\u00fct bulunur. Gluten ve s\u00fct hassasiyeti olan bireyler i\u00e7in \u00f6nerilmez.<\/p>\n<\/div>\n<div class=\"product_desc-img\"><\/div>\n<\/div>\n","protected":false},"excerpt":{"rendered":"<p>H\u00fcnkarbe\u011fendi<br \/>\nKuzin mutfa\u011f\u0131n\u0131n Osmanl\u0131 saraylar\u0131ndan g\u00fcn\u00fcm\u00fcze uzanan klasik lezzeti.<br \/>\nK\u00f6zlenmi\u015f patl\u0131canlar\u0131n s\u00fct ve un ile haz\u0131rlanan be\u015famel sosla bulu\u015ftu\u011fu p\u00fcr\u00fczs\u00fcz be\u011fendi taban\u0131, \u00f6zel baharatlarla marine edilmi\u015f kuzu etinin zengin aromas\u0131yla tamamlan\u0131r. Ta\u015f f\u0131r\u0131nda nazik\u00e7e pi\u015firilerek geleneksel tad\u0131 modern sunumla sofran\u0131za ta\u015f\u0131r.<\/p>\n<p>Kullan\u0131lan Teknik:<br \/>\nPatl\u0131canlar k\u00f6zlenir, be\u015famel sos haz\u0131rlan\u0131r ve patl\u0131canlarla kar\u0131\u015ft\u0131r\u0131l\u0131r. Kuzu eti \u00f6zel baharatlarla marine edilip ta\u015f f\u0131r\u0131nda pi\u015firilir. Be\u011fendi \u00fczerinde servis edilir.<\/p>\n<p>Porsiyon Gramaj\u0131:<br \/>\n120 g \/ servis<\/p>\n<p>100 g \u0130\u00e7in Besin De\u011ferleri:<br \/>\nEnerji (kcal): 195 kcal<br \/>\nKarbonhidrat: 12.0 g<br \/>\nProtein: 14.5 g<br \/>\nYa\u011f: 9.0 g<br \/>\nLif: 3.2 g<br \/>\nTuz: 0.7 g<\/p>\n<p>Alerjen Bilgisi:<br \/>\nBu \u00fcr\u00fcn s\u00fct ve gluten i\u00e7erir. Be\u015famel sos i\u00e7inde un ve s\u00fct bulunur. Gluten ve s\u00fct hassasiyeti olan bireyler i\u00e7in \u00f6nerilmez.<\/p>\n","protected":false},"featured_media":2755,"comment_status":"open","ping_status":"closed","template":"","meta":{"pagelayer_contact_templates":[],"_pagelayer_content":""},"product_brand":[],"product_cat":[50],"product_tag":[38],"class_list":{"0":"post-2179","1":"product","2":"type-product","3":"status-publish","4":"has-post-thumbnail","6":"product_cat-kuzin-geleneksel","7":"product_tag-steakhouse","9":"first","10":"instock","11":"shipping-taxable","12":"purchasable","13":"product-type-simple"},"jetpack_sharing_enabled":true,"_links":{"self":[{"href":"https:\/\/qrideamenu.com\/kuzinrestaurant\/wp-json\/wp\/v2\/product\/2179","targetHints":{"allow":["GET"]}}],"collection":[{"href":"https:\/\/qrideamenu.com\/kuzinrestaurant\/wp-json\/wp\/v2\/product"}],"about":[{"href":"https:\/\/qrideamenu.com\/kuzinrestaurant\/wp-json\/wp\/v2\/types\/product"}],"replies":[{"embeddable":true,"href":"https:\/\/qrideamenu.com\/kuzinrestaurant\/wp-json\/wp\/v2\/comments?post=2179"}],"wp:featuredmedia":[{"embeddable":true,"href":"https:\/\/qrideamenu.com\/kuzinrestaurant\/wp-json\/wp\/v2\/media\/2755"}],"wp:attachment":[{"href":"https:\/\/qrideamenu.com\/kuzinrestaurant\/wp-json\/wp\/v2\/media?parent=2179"}],"wp:term":[{"taxonomy":"product_brand","embeddable":true,"href":"https:\/\/qrideamenu.com\/kuzinrestaurant\/wp-json\/wp\/v2\/product_brand?post=2179"},{"taxonomy":"product_cat","embeddable":true,"href":"https:\/\/qrideamenu.com\/kuzinrestaurant\/wp-json\/wp\/v2\/product_cat?post=2179"},{"taxonomy":"product_tag","embeddable":true,"href":"https:\/\/qrideamenu.com\/kuzinrestaurant\/wp-json\/wp\/v2\/product_tag?post=2179"}],"curies":[{"name":"wp","href":"https:\/\/api.w.org\/{rel}","templated":true}]}}