{"id":2180,"date":"2025-07-23T07:54:19","date_gmt":"2025-07-23T07:54:19","guid":{"rendered":"https:\/\/qrideamenu.com\/kuzinrestaurant\/?post_type=product&#038;p=2180"},"modified":"2026-01-01T07:55:44","modified_gmt":"2026-01-01T07:55:44","slug":"patlican-kebabi","status":"publish","type":"product","link":"https:\/\/qrideamenu.com\/kuzinrestaurant\/urun\/patlican-kebabi\/","title":{"rendered":"Patl\u0131can Kebab\u0131"},"content":{"rendered":"<div class=\"product_desc-row\">\n<div class=\"product_desc-desc\">\n<p data-start=\"0\" data-end=\"309\"><strong data-start=\"0\" data-end=\"19\">Patl\u0131can Kebab\u0131<\/strong><br data-start=\"19\" data-end=\"22\" \/>Kuzin mutfa\u011f\u0131n\u0131n e\u015fsiz lezzeti, Anadolu\u2019nun geleneksel tad\u0131.<br data-start=\"82\" data-end=\"85\" \/>K\u00f6zlenmi\u015f patl\u0131canlar\u0131n \u00fczerine \u00f6zel baharatlarla marine edilmi\u015f kuzu k\u0131ymas\u0131 yerle\u015ftirilir ve ta\u015f f\u0131r\u0131nda a\u011f\u0131r ate\u015fte pi\u015firilir. Yo\u011furt ve domates sosuyla servis edilerek hem hafif hem doyurucu bir ana yemek olarak sunulur.<\/p>\n<p data-start=\"311\" data-end=\"452\"><strong data-start=\"311\" data-end=\"333\">Kullan\u0131lan Teknik:<\/strong><br data-start=\"333\" data-end=\"336\" \/>Patl\u0131canlar k\u00f6zlenip soyulur, \u00fczerine baharatl\u0131 k\u0131yma yerle\u015ftirilir. Ta\u015f f\u0131r\u0131nda pi\u015firilerek aroma ve k\u0131vam kazan\u0131r.<\/p>\n<p data-start=\"454\" data-end=\"492\"><strong data-start=\"454\" data-end=\"475\">Porsiyon Gramaj\u0131:<\/strong><br data-start=\"475\" data-end=\"478\" \/>120 g \/ servis<\/p>\n<p data-start=\"494\" data-end=\"633\"><strong data-start=\"497\" data-end=\"528\">100 g \u0130\u00e7in Besin De\u011ferleri:<\/strong><br data-start=\"528\" data-end=\"531\" \/>Enerji (kcal): 185 kcal<br data-start=\"554\" data-end=\"557\" \/>Karbonhidrat: 8.5 g<br data-start=\"576\" data-end=\"579\" \/>Protein: 14.0 g<br data-start=\"594\" data-end=\"597\" \/>Ya\u011f: 9.5 g<br data-start=\"607\" data-end=\"610\" \/>Lif: 3.0 g<br data-start=\"620\" data-end=\"623\" \/>Tuz: 0.7 g<\/p>\n<p data-start=\"635\" data-end=\"757\">&#x26a0;&#xfe0f; <strong data-start=\"638\" data-end=\"658\">Alerjen Bilgisi:<\/strong><br data-start=\"658\" data-end=\"661\" \/>Bu \u00fcr\u00fcn s\u00fct \u00fcr\u00fcn\u00fc i\u00e7erebilir. Yo\u011furt sosu nedeniyle s\u00fct alerjisi olan bireyler dikkat etmelidir.<\/p>\n<\/div>\n<div class=\"product_desc-img\"><\/div>\n<\/div>\n","protected":false},"excerpt":{"rendered":"<p>Patl\u0131can Kebab\u0131<br \/>\nKuzin mutfa\u011f\u0131n\u0131n e\u015fsiz lezzeti, Anadolu\u2019nun geleneksel tad\u0131.<br \/>\nK\u00f6zlenmi\u015f patl\u0131canlar\u0131n \u00fczerine \u00f6zel baharatlarla marine edilmi\u015f kuzu k\u0131ymas\u0131 yerle\u015ftirilir ve ta\u015f f\u0131r\u0131nda a\u011f\u0131r ate\u015fte pi\u015firilir. Yo\u011furt ve domates sosuyla servis edilerek hem hafif hem doyurucu bir ana yemek olarak sunulur.<\/p>\n<p>Kullan\u0131lan Teknik:<br \/>\nPatl\u0131canlar k\u00f6zlenip soyulur, \u00fczerine baharatl\u0131 k\u0131yma yerle\u015ftirilir. Ta\u015f f\u0131r\u0131nda pi\u015firilerek aroma ve k\u0131vam kazan\u0131r.<\/p>\n<p>Porsiyon Gramaj\u0131:<br \/>\n120 g \/ servis<\/p>\n<p>100 g \u0130\u00e7in Besin De\u011ferleri:<br \/>\nEnerji (kcal): 185 kcal<br \/>\nKarbonhidrat: 8.5 g<br \/>\nProtein: 14.0 g<br \/>\nYa\u011f: 9.5 g<br \/>\nLif: 3.0 g<br \/>\nTuz: 0.7 g<\/p>\n<p>Alerjen Bilgisi:<br \/>\nBu \u00fcr\u00fcn s\u00fct \u00fcr\u00fcn\u00fc i\u00e7erebilir. Yo\u011furt sosu nedeniyle s\u00fct alerjisi olan bireyler dikkat etmelidir.<\/p>\n","protected":false},"featured_media":2757,"comment_status":"open","ping_status":"closed","template":"","meta":{"pagelayer_contact_templates":[],"_pagelayer_content":""},"product_brand":[],"product_cat":[50],"product_tag":[38],"class_list":{"0":"post-2180","1":"product","2":"type-product","3":"status-publish","4":"has-post-thumbnail","6":"product_cat-kuzin-geleneksel","7":"product_tag-steakhouse","9":"first","10":"instock","11":"shipping-taxable","12":"purchasable","13":"product-type-simple"},"jetpack_sharing_enabled":true,"_links":{"self":[{"href":"https:\/\/qrideamenu.com\/kuzinrestaurant\/wp-json\/wp\/v2\/product\/2180","targetHints":{"allow":["GET"]}}],"collection":[{"href":"https:\/\/qrideamenu.com\/kuzinrestaurant\/wp-json\/wp\/v2\/product"}],"about":[{"href":"https:\/\/qrideamenu.com\/kuzinrestaurant\/wp-json\/wp\/v2\/types\/product"}],"replies":[{"embeddable":true,"href":"https:\/\/qrideamenu.com\/kuzinrestaurant\/wp-json\/wp\/v2\/comments?post=2180"}],"wp:featuredmedia":[{"embeddable":true,"href":"https:\/\/qrideamenu.com\/kuzinrestaurant\/wp-json\/wp\/v2\/media\/2757"}],"wp:attachment":[{"href":"https:\/\/qrideamenu.com\/kuzinrestaurant\/wp-json\/wp\/v2\/media?parent=2180"}],"wp:term":[{"taxonomy":"product_brand","embeddable":true,"href":"https:\/\/qrideamenu.com\/kuzinrestaurant\/wp-json\/wp\/v2\/product_brand?post=2180"},{"taxonomy":"product_cat","embeddable":true,"href":"https:\/\/qrideamenu.com\/kuzinrestaurant\/wp-json\/wp\/v2\/product_cat?post=2180"},{"taxonomy":"product_tag","embeddable":true,"href":"https:\/\/qrideamenu.com\/kuzinrestaurant\/wp-json\/wp\/v2\/product_tag?post=2180"}],"curies":[{"name":"wp","href":"https:\/\/api.w.org\/{rel}","templated":true}]}}