{"id":2181,"date":"2025-07-23T07:54:19","date_gmt":"2025-07-23T07:54:19","guid":{"rendered":"https:\/\/qrideamenu.com\/kuzinrestaurant\/?post_type=product&#038;p=2181"},"modified":"2026-01-01T07:55:56","modified_gmt":"2026-01-01T07:55:56","slug":"orman-kebabi","status":"publish","type":"product","link":"https:\/\/qrideamenu.com\/kuzinrestaurant\/urun\/orman-kebabi\/","title":{"rendered":"Orman Kebab\u0131"},"content":{"rendered":"<div class=\"product_desc-row\">\n<div class=\"product_desc-desc\">\n<p data-start=\"0\" data-end=\"317\"><strong data-start=\"0\" data-end=\"16\">Orman Kebab\u0131<\/strong><br data-start=\"16\" data-end=\"19\" \/>Kuzin mutfa\u011f\u0131n\u0131n do\u011fadan ilham alan zengin ve doyurucu lezzeti.<br data-start=\"82\" data-end=\"85\" \/>\u00d6zel baharatlarla marine edilmi\u015f kuzu ve dana eti, mantar ve biberle birlikte ku\u015fba\u015f\u0131 do\u011franarak ta\u015f f\u0131r\u0131nda a\u011f\u0131r ate\u015fte pi\u015firilir. Yo\u011furt ve domates sosuyla servis edilerek sofralara hem g\u00f6rsel hem de tat a\u00e7\u0131s\u0131ndan zenginlik katar.<\/p>\n<p data-start=\"319\" data-end=\"481\"><strong data-start=\"319\" data-end=\"341\">Kullan\u0131lan Teknik:<\/strong><br data-start=\"341\" data-end=\"344\" \/>Et ve sebzeler \u00f6zenle do\u011fran\u0131p baharatlan\u0131r, ta\u015f f\u0131r\u0131nda a\u011f\u0131r ate\u015fte pi\u015firilir. Servis \u00f6ncesi taze yo\u011furt ve domates sosu ile tamamlan\u0131r.<\/p>\n<p data-start=\"483\" data-end=\"521\"><strong data-start=\"483\" data-end=\"504\">Porsiyon Gramaj\u0131:<\/strong><br data-start=\"504\" data-end=\"507\" \/>120 g \/ servis<\/p>\n<p data-start=\"523\" data-end=\"663\"><strong data-start=\"526\" data-end=\"557\">100 g \u0130\u00e7in Besin De\u011ferleri:<\/strong><br data-start=\"557\" data-end=\"560\" \/>Enerji (kcal): 220 kcal<br data-start=\"583\" data-end=\"586\" \/>Karbonhidrat: 5.0 g<br data-start=\"605\" data-end=\"608\" \/>Protein: 18.0 g<br data-start=\"623\" data-end=\"626\" \/>Ya\u011f: 14.0 g<br data-start=\"637\" data-end=\"640\" \/>Lif: 1.2 g<br data-start=\"650\" data-end=\"653\" \/>Tuz: 0.8 g<\/p>\n<p data-start=\"665\" data-end=\"786\">&#x26a0;&#xfe0f; <strong data-start=\"668\" data-end=\"688\">Alerjen Bilgisi:<\/strong><br data-start=\"688\" data-end=\"691\" \/>Bu \u00fcr\u00fcn s\u00fct \u00fcr\u00fcn\u00fc i\u00e7erir. Yo\u011furt sosu nedeniyle s\u00fct alerjisi olan bireyler i\u00e7in uygun de\u011fildir.<\/p>\n<\/div>\n<div class=\"product_desc-img\"><\/div>\n<\/div>\n","protected":false},"excerpt":{"rendered":"<div class=\"product_desc-row\">\n<div class=\"product_desc-desc\">\n<p data-start=\"0\" data-end=\"317\"><strong data-start=\"0\" data-end=\"16\">Orman Kebab\u0131<\/strong><br data-start=\"16\" data-end=\"19\" \/>Kuzin mutfa\u011f\u0131n\u0131n do\u011fadan ilham alan zengin ve doyurucu lezzeti.<br data-start=\"82\" data-end=\"85\" \/>\u00d6zel baharatlarla marine edilmi\u015f kuzu ve dana eti, mantar ve biberle birlikte ku\u015fba\u015f\u0131 do\u011franarak ta\u015f f\u0131r\u0131nda a\u011f\u0131r ate\u015fte pi\u015firilir. Yo\u011furt ve domates sosuyla servis edilerek sofralara hem g\u00f6rsel hem de tat a\u00e7\u0131s\u0131ndan zenginlik katar.<\/p>\n<p data-start=\"319\" data-end=\"481\"><strong data-start=\"319\" data-end=\"341\">Kullan\u0131lan Teknik:<\/strong><br data-start=\"341\" data-end=\"344\" \/>Et ve sebzeler \u00f6zenle do\u011fran\u0131p baharatlan\u0131r, ta\u015f f\u0131r\u0131nda a\u011f\u0131r ate\u015fte pi\u015firilir. Servis \u00f6ncesi taze yo\u011furt ve domates sosu ile tamamlan\u0131r.<\/p>\n<p data-start=\"483\" data-end=\"521\"><strong data-start=\"483\" data-end=\"504\">Porsiyon Gramaj\u0131:<\/strong><br data-start=\"504\" data-end=\"507\" \/>120 g \/ servis<\/p>\n<p data-start=\"523\" data-end=\"663\"><strong data-start=\"526\" data-end=\"557\">100 g \u0130\u00e7in Besin De\u011ferleri:<\/strong><br data-start=\"557\" data-end=\"560\" \/>Enerji (kcal): 220 kcal<br data-start=\"583\" data-end=\"586\" \/>Karbonhidrat: 5.0 g<br data-start=\"605\" data-end=\"608\" \/>Protein: 18.0 g<br data-start=\"623\" data-end=\"626\" \/>Ya\u011f: 14.0 g<br data-start=\"637\" data-end=\"640\" \/>Lif: 1.2 g<br data-start=\"650\" data-end=\"653\" \/>Tuz: 0.8 g<\/p>\n<p data-start=\"665\" data-end=\"786\">&#x26a0;&#xfe0f; <strong data-start=\"668\" data-end=\"688\">Alerjen Bilgisi:<\/strong><br data-start=\"688\" data-end=\"691\" \/>Bu \u00fcr\u00fcn s\u00fct \u00fcr\u00fcn\u00fc i\u00e7erir. Yo\u011furt sosu nedeniyle s\u00fct alerjisi olan bireyler i\u00e7in uygun de\u011fildir.<\/p>\n<\/div>\n<div class=\"product_desc-img\"><\/div>\n<\/div>\n","protected":false},"featured_media":2756,"comment_status":"open","ping_status":"closed","template":"","meta":{"pagelayer_contact_templates":[],"_pagelayer_content":""},"product_brand":[],"product_cat":[50],"product_tag":[38],"class_list":{"0":"post-2181","1":"product","2":"type-product","3":"status-publish","4":"has-post-thumbnail","6":"product_cat-kuzin-geleneksel","7":"product_tag-steakhouse","9":"first","10":"instock","11":"shipping-taxable","12":"purchasable","13":"product-type-simple"},"jetpack_sharing_enabled":true,"_links":{"self":[{"href":"https:\/\/qrideamenu.com\/kuzinrestaurant\/wp-json\/wp\/v2\/product\/2181","targetHints":{"allow":["GET"]}}],"collection":[{"href":"https:\/\/qrideamenu.com\/kuzinrestaurant\/wp-json\/wp\/v2\/product"}],"about":[{"href":"https:\/\/qrideamenu.com\/kuzinrestaurant\/wp-json\/wp\/v2\/types\/product"}],"replies":[{"embeddable":true,"href":"https:\/\/qrideamenu.com\/kuzinrestaurant\/wp-json\/wp\/v2\/comments?post=2181"}],"wp:featuredmedia":[{"embeddable":true,"href":"https:\/\/qrideamenu.com\/kuzinrestaurant\/wp-json\/wp\/v2\/media\/2756"}],"wp:attachment":[{"href":"https:\/\/qrideamenu.com\/kuzinrestaurant\/wp-json\/wp\/v2\/media?parent=2181"}],"wp:term":[{"taxonomy":"product_brand","embeddable":true,"href":"https:\/\/qrideamenu.com\/kuzinrestaurant\/wp-json\/wp\/v2\/product_brand?post=2181"},{"taxonomy":"product_cat","embeddable":true,"href":"https:\/\/qrideamenu.com\/kuzinrestaurant\/wp-json\/wp\/v2\/product_cat?post=2181"},{"taxonomy":"product_tag","embeddable":true,"href":"https:\/\/qrideamenu.com\/kuzinrestaurant\/wp-json\/wp\/v2\/product_tag?post=2181"}],"curies":[{"name":"wp","href":"https:\/\/api.w.org\/{rel}","templated":true}]}}