{"id":2189,"date":"2025-07-17T07:54:20","date_gmt":"2025-07-17T07:54:20","guid":{"rendered":"https:\/\/qrideamenu.com\/kuzinrestaurant\/?post_type=product&#038;p=2189"},"modified":"2025-07-25T10:36:48","modified_gmt":"2025-07-25T10:36:48","slug":"bulgur_pilavi","status":"publish","type":"product","link":"https:\/\/qrideamenu.com\/kuzinrestaurant\/urun\/bulgur_pilavi\/","title":{"rendered":"Bulgur Pilav"},"content":{"rendered":"<div class=\"product_desc-row\">\n<div class=\"product_desc-desc\">\n<p data-start=\"0\" data-end=\"412\"><strong data-start=\"0\" data-end=\"17\">Bulgur Pilav\u0131<\/strong><br data-start=\"17\" data-end=\"20\" \/>Kuzin\u2019in Anadolu mutfa\u011f\u0131ndan gelen do\u011fal ve doyurucu bir lezzet.<br data-start=\"84\" data-end=\"87\" \/>K\u00f6y usul\u00fc esmer pilavl\u0131k bulgur, domates sal\u00e7as\u0131, kuru so\u011fan ve do\u011fal sebze suyuyla ta\u015f tencerede pi\u015firilir. Hafif zeytinya\u011f\u0131 dokunu\u015fu ve baharat dengesiyle \u00f6ne \u00e7\u0131kan bu pilav; lif a\u00e7\u0131s\u0131ndan zengin, besleyici ve mideyi yormayan bir tamamlay\u0131c\u0131d\u0131r. Hem ana yemeklerin yan\u0131na hem de tek ba\u015f\u0131na g\u00fc\u00e7l\u00fc bir \u00f6\u011f\u00fcn alternatifi sunar.<\/p>\n<p data-start=\"414\" data-end=\"603\"><strong data-start=\"414\" data-end=\"436\">Kullan\u0131lan Teknik:<\/strong><br data-start=\"436\" data-end=\"439\" \/>Bulgur, so\u011fan ve sal\u00e7ayla kavrulduktan sonra sebze suyuyla k\u0131s\u0131k ate\u015fte yava\u015f pi\u015firilir. Servis \u00f6ncesi k\u0131sa s\u00fcre dinlendirilerek tane tane k\u0131vam kazanmas\u0131 sa\u011flan\u0131r.<\/p>\n<p data-start=\"605\" data-end=\"643\"><strong data-start=\"605\" data-end=\"626\">Porsiyon Gramaj\u0131:<\/strong><br data-start=\"626\" data-end=\"629\" \/>200 g \/ servis<\/p>\n<p data-start=\"645\" data-end=\"784\"><strong data-start=\"648\" data-end=\"679\">100 g \u0130\u00e7in Besin De\u011ferleri:<\/strong><br data-start=\"679\" data-end=\"682\" \/>Enerji (kcal): 121 kcal<br data-start=\"705\" data-end=\"708\" \/>Karbonhidrat: 21.5 g<br data-start=\"728\" data-end=\"731\" \/>Protein: 3.4 g<br data-start=\"745\" data-end=\"748\" \/>Ya\u011f: 3.2 g<br data-start=\"758\" data-end=\"761\" \/>Lif: 3.6 g<br data-start=\"771\" data-end=\"774\" \/>Tuz: 0.5 g<\/p>\n<p data-start=\"786\" data-end=\"929\">\u26a0\ufe0f <strong data-start=\"789\" data-end=\"809\">Alerjen Bilgisi:<\/strong><br data-start=\"809\" data-end=\"812\" \/>Bu \u00fcr\u00fcn gluten i\u00e7erir. Bulgur bu\u011fdaydan \u00fcretildi\u011fi i\u00e7in gluten hassasiyeti olan bireyler taraf\u0131ndan t\u00fcketilmemelidir.<\/p>\n<\/div>\n<div class=\"product_desc-img\"><\/div>\n<\/div>\n","protected":false},"excerpt":{"rendered":"<div class=\"product_desc-row\">\n<div class=\"product_desc-desc\">\n<p data-start=\"0\" data-end=\"412\"><strong data-start=\"0\" data-end=\"17\">Bulgur Pilav\u0131<\/strong><br data-start=\"17\" data-end=\"20\" \/>Kuzin\u2019in Anadolu mutfa\u011f\u0131ndan gelen do\u011fal ve doyurucu bir lezzet.<br data-start=\"84\" data-end=\"87\" \/>K\u00f6y usul\u00fc esmer pilavl\u0131k bulgur, domates sal\u00e7as\u0131, kuru so\u011fan ve do\u011fal sebze suyuyla ta\u015f tencerede pi\u015firilir. Hafif zeytinya\u011f\u0131 dokunu\u015fu ve baharat dengesiyle \u00f6ne \u00e7\u0131kan bu pilav; lif a\u00e7\u0131s\u0131ndan zengin, besleyici ve mideyi yormayan bir tamamlay\u0131c\u0131d\u0131r. Hem ana yemeklerin yan\u0131na hem de tek ba\u015f\u0131na g\u00fc\u00e7l\u00fc bir \u00f6\u011f\u00fcn alternatifi sunar.<\/p>\n<p data-start=\"414\" data-end=\"603\"><strong data-start=\"414\" data-end=\"436\">Kullan\u0131lan Teknik:<\/strong><br data-start=\"436\" data-end=\"439\" \/>Bulgur, so\u011fan ve sal\u00e7ayla kavrulduktan sonra sebze suyuyla k\u0131s\u0131k ate\u015fte yava\u015f pi\u015firilir. Servis \u00f6ncesi k\u0131sa s\u00fcre dinlendirilerek tane tane k\u0131vam kazanmas\u0131 sa\u011flan\u0131r.<\/p>\n<p data-start=\"605\" data-end=\"643\"><strong data-start=\"605\" data-end=\"626\">Porsiyon Gramaj\u0131:<\/strong><br data-start=\"626\" data-end=\"629\" \/>200 g \/ servis<\/p>\n<p data-start=\"645\" data-end=\"784\"><strong data-start=\"648\" data-end=\"679\">100 g \u0130\u00e7in Besin De\u011ferleri:<\/strong><br data-start=\"679\" data-end=\"682\" \/>Enerji (kcal): 121 kcal<br data-start=\"705\" data-end=\"708\" \/>Karbonhidrat: 21.5 g<br data-start=\"728\" data-end=\"731\" \/>Protein: 3.4 g<br data-start=\"745\" data-end=\"748\" \/>Ya\u011f: 3.2 g<br data-start=\"758\" data-end=\"761\" \/>Lif: 3.6 g<br data-start=\"771\" data-end=\"774\" \/>Tuz: 0.5 g<\/p>\n<p data-start=\"786\" data-end=\"929\">\u26a0\ufe0f <strong data-start=\"789\" data-end=\"809\">Alerjen Bilgisi:<\/strong><br data-start=\"809\" data-end=\"812\" \/>Bu \u00fcr\u00fcn gluten i\u00e7erir. Bulgur bu\u011fdaydan \u00fcretildi\u011fi i\u00e7in gluten hassasiyeti olan bireyler taraf\u0131ndan t\u00fcketilmemelidir.<\/p>\n<\/div>\n<div class=\"product_desc-img\"><\/div>\n<\/div>\n","protected":false},"featured_media":2731,"comment_status":"open","ping_status":"closed","template":"","meta":{"pagelayer_contact_templates":[],"_pagelayer_content":""},"product_brand":[],"product_cat":[37],"product_tag":[39],"class_list":{"0":"post-2189","1":"product","2":"type-product","3":"status-publish","4":"has-post-thumbnail","6":"product_cat-garniturler","7":"product_tag-steakhouse-menu","9":"first","10":"instock","11":"shipping-taxable","12":"purchasable","13":"product-type-simple"},"jetpack_sharing_enabled":true,"_links":{"self":[{"href":"https:\/\/qrideamenu.com\/kuzinrestaurant\/wp-json\/wp\/v2\/product\/2189","targetHints":{"allow":["GET"]}}],"collection":[{"href":"https:\/\/qrideamenu.com\/kuzinrestaurant\/wp-json\/wp\/v2\/product"}],"about":[{"href":"https:\/\/qrideamenu.com\/kuzinrestaurant\/wp-json\/wp\/v2\/types\/product"}],"replies":[{"embeddable":true,"href":"https:\/\/qrideamenu.com\/kuzinrestaurant\/wp-json\/wp\/v2\/comments?post=2189"}],"wp:featuredmedia":[{"embeddable":true,"href":"https:\/\/qrideamenu.com\/kuzinrestaurant\/wp-json\/wp\/v2\/media\/2731"}],"wp:attachment":[{"href":"https:\/\/qrideamenu.com\/kuzinrestaurant\/wp-json\/wp\/v2\/media?parent=2189"}],"wp:term":[{"taxonomy":"product_brand","embeddable":true,"href":"https:\/\/qrideamenu.com\/kuzinrestaurant\/wp-json\/wp\/v2\/product_brand?post=2189"},{"taxonomy":"product_cat","embeddable":true,"href":"https:\/\/qrideamenu.com\/kuzinrestaurant\/wp-json\/wp\/v2\/product_cat?post=2189"},{"taxonomy":"product_tag","embeddable":true,"href":"https:\/\/qrideamenu.com\/kuzinrestaurant\/wp-json\/wp\/v2\/product_tag?post=2189"}],"curies":[{"name":"wp","href":"https:\/\/api.w.org\/{rel}","templated":true}]}}