{"id":2191,"date":"2025-07-18T07:54:20","date_gmt":"2025-07-18T07:54:20","guid":{"rendered":"https:\/\/qrideamenu.com\/kuzinrestaurant\/?post_type=product&#038;p=2191"},"modified":"2025-07-25T10:33:10","modified_gmt":"2025-07-25T10:33:10","slug":"coban-salata","status":"publish","type":"product","link":"https:\/\/qrideamenu.com\/kuzinrestaurant\/urun\/coban-salata\/","title":{"rendered":"\u00c7oban Salata"},"content":{"rendered":"<div class=\"product_desc-row\">\n<div class=\"product_desc-desc\">\n<p data-start=\"0\" data-end=\"345\"><strong data-start=\"0\" data-end=\"16\">\u00c7oban Salata<\/strong><br data-start=\"16\" data-end=\"19\" \/>Kuzin\u2019in hafif ve ferahlat\u0131c\u0131 klasik salatas\u0131.<br data-start=\"65\" data-end=\"68\" \/>Domates, salatal\u0131k, ye\u015fil biber, k\u0131rm\u0131z\u0131 so\u011fan ve maydanoz taze ve iri do\u011franarak, zeytinya\u011f\u0131 ve taze limon suyu ile bulu\u015fur. Tuz ve karabiberle tatland\u0131r\u0131lan bu salata, sofralara Akdeniz\u2019in do\u011fal tazeli\u011fini getirir. Hem sa\u011fl\u0131kl\u0131 hem pratik, her \u00f6\u011f\u00fcn\u00fcn yan\u0131na m\u00fckemmel e\u015flik\u00e7i.<\/p>\n<p data-start=\"347\" data-end=\"498\"><strong data-start=\"347\" data-end=\"369\">Kullan\u0131lan Teknik:<\/strong><br data-start=\"369\" data-end=\"372\" \/>Sebzeler \u00f6zenle y\u0131kan\u0131r, iri do\u011fran\u0131r ve taze sos ile nazik\u00e7e kar\u0131\u015ft\u0131r\u0131l\u0131r. Servis \u00f6ncesi zeytinya\u011f\u0131 ve limon suyu gezdirilir.<\/p>\n<p data-start=\"500\" data-end=\"538\"><strong data-start=\"500\" data-end=\"521\">Porsiyon Gramaj\u0131:<\/strong><br data-start=\"521\" data-end=\"524\" \/>180 g \/ servis<\/p>\n<p data-start=\"540\" data-end=\"677\"><strong data-start=\"543\" data-end=\"574\">100 g \u0130\u00e7in Besin De\u011ferleri:<\/strong><br data-start=\"574\" data-end=\"577\" \/>Enerji (kcal): 38 kcal<br data-start=\"599\" data-end=\"602\" \/>Karbonhidrat: 7.0 g<br data-start=\"621\" data-end=\"624\" \/>Protein: 1.2 g<br data-start=\"638\" data-end=\"641\" \/>Ya\u011f: 0.3 g<br data-start=\"651\" data-end=\"654\" \/>Lif: 2.2 g<br data-start=\"664\" data-end=\"667\" \/>Tuz: 0.4 g<\/p>\n<p data-start=\"679\" data-end=\"798\">\u26a0\ufe0f <strong data-start=\"682\" data-end=\"702\">Alerjen Bilgisi:<\/strong><br data-start=\"702\" data-end=\"705\" \/>Bu \u00fcr\u00fcn alerjen i\u00e7ermez ve gluten\/s\u00fct \u00fcr\u00fcn\u00fc i\u00e7ermez. Hassasiyeti olan bireyler i\u00e7in uygundur.<\/p>\n<\/div>\n<div class=\"product_desc-img\"><\/div>\n<\/div>\n","protected":false},"excerpt":{"rendered":"<div class=\"product_desc-row\">\n<div class=\"product_desc-desc\">\n<p data-start=\"0\" data-end=\"345\"><strong data-start=\"0\" data-end=\"16\">\u00c7oban Salata<\/strong><br data-start=\"16\" data-end=\"19\" \/>Kuzin\u2019in hafif ve ferahlat\u0131c\u0131 klasik salatas\u0131.<br data-start=\"65\" data-end=\"68\" \/>Domates, salatal\u0131k, ye\u015fil biber, k\u0131rm\u0131z\u0131 so\u011fan ve maydanoz taze ve iri do\u011franarak, zeytinya\u011f\u0131 ve taze limon suyu ile bulu\u015fur. Tuz ve karabiberle tatland\u0131r\u0131lan bu salata, sofralara Akdeniz\u2019in do\u011fal tazeli\u011fini getirir. Hem sa\u011fl\u0131kl\u0131 hem pratik, her \u00f6\u011f\u00fcn\u00fcn yan\u0131na m\u00fckemmel e\u015flik\u00e7i.<\/p>\n<p data-start=\"347\" data-end=\"498\"><strong data-start=\"347\" data-end=\"369\">Kullan\u0131lan Teknik:<\/strong><br data-start=\"369\" data-end=\"372\" \/>Sebzeler \u00f6zenle y\u0131kan\u0131r, iri do\u011fran\u0131r ve taze sos ile nazik\u00e7e kar\u0131\u015ft\u0131r\u0131l\u0131r. Servis \u00f6ncesi zeytinya\u011f\u0131 ve limon suyu gezdirilir.<\/p>\n<p data-start=\"500\" data-end=\"538\"><strong data-start=\"500\" data-end=\"521\">Porsiyon Gramaj\u0131:<\/strong><br data-start=\"521\" data-end=\"524\" \/>180 g \/ servis<\/p>\n<p data-start=\"540\" data-end=\"677\"><strong data-start=\"543\" data-end=\"574\">100 g \u0130\u00e7in Besin De\u011ferleri:<\/strong><br data-start=\"574\" data-end=\"577\" \/>Enerji (kcal): 38 kcal<br data-start=\"599\" data-end=\"602\" \/>Karbonhidrat: 7.0 g<br data-start=\"621\" data-end=\"624\" \/>Protein: 1.2 g<br data-start=\"638\" data-end=\"641\" \/>Ya\u011f: 0.3 g<br data-start=\"651\" data-end=\"654\" \/>Lif: 2.2 g<br data-start=\"664\" data-end=\"667\" \/>Tuz: 0.4 g<\/p>\n<p data-start=\"679\" data-end=\"798\">\u26a0\ufe0f <strong data-start=\"682\" data-end=\"702\">Alerjen Bilgisi:<\/strong><br data-start=\"702\" data-end=\"705\" \/>Bu \u00fcr\u00fcn alerjen i\u00e7ermez ve gluten\/s\u00fct \u00fcr\u00fcn\u00fc i\u00e7ermez. Hassasiyeti olan bireyler i\u00e7in uygundur.<\/p>\n<\/div>\n<div class=\"product_desc-img\"><\/div>\n<\/div>\n","protected":false},"featured_media":2744,"comment_status":"open","ping_status":"closed","template":"","meta":{"pagelayer_contact_templates":[],"_pagelayer_content":""},"product_brand":[],"product_cat":[49],"product_tag":[39],"class_list":{"0":"post-2191","1":"product","2":"type-product","3":"status-publish","4":"has-post-thumbnail","6":"product_cat-salatalar","7":"product_tag-steakhouse-menu","9":"first","10":"instock","11":"shipping-taxable","12":"purchasable","13":"product-type-simple"},"jetpack_sharing_enabled":true,"_links":{"self":[{"href":"https:\/\/qrideamenu.com\/kuzinrestaurant\/wp-json\/wp\/v2\/product\/2191","targetHints":{"allow":["GET"]}}],"collection":[{"href":"https:\/\/qrideamenu.com\/kuzinrestaurant\/wp-json\/wp\/v2\/product"}],"about":[{"href":"https:\/\/qrideamenu.com\/kuzinrestaurant\/wp-json\/wp\/v2\/types\/product"}],"replies":[{"embeddable":true,"href":"https:\/\/qrideamenu.com\/kuzinrestaurant\/wp-json\/wp\/v2\/comments?post=2191"}],"wp:featuredmedia":[{"embeddable":true,"href":"https:\/\/qrideamenu.com\/kuzinrestaurant\/wp-json\/wp\/v2\/media\/2744"}],"wp:attachment":[{"href":"https:\/\/qrideamenu.com\/kuzinrestaurant\/wp-json\/wp\/v2\/media?parent=2191"}],"wp:term":[{"taxonomy":"product_brand","embeddable":true,"href":"https:\/\/qrideamenu.com\/kuzinrestaurant\/wp-json\/wp\/v2\/product_brand?post=2191"},{"taxonomy":"product_cat","embeddable":true,"href":"https:\/\/qrideamenu.com\/kuzinrestaurant\/wp-json\/wp\/v2\/product_cat?post=2191"},{"taxonomy":"product_tag","embeddable":true,"href":"https:\/\/qrideamenu.com\/kuzinrestaurant\/wp-json\/wp\/v2\/product_tag?post=2191"}],"curies":[{"name":"wp","href":"https:\/\/api.w.org\/{rel}","templated":true}]}}