{"id":2194,"date":"2025-07-18T07:54:20","date_gmt":"2025-07-18T07:54:20","guid":{"rendered":"https:\/\/qrideamenu.com\/kuzinrestaurant\/?post_type=product&#038;p=2194"},"modified":"2025-11-12T07:03:03","modified_gmt":"2025-11-12T07:03:03","slug":"patlican-salata","status":"publish","type":"product","link":"https:\/\/qrideamenu.com\/kuzinrestaurant\/urun\/patlican-salata\/","title":{"rendered":"Patl\u0131can Salata"},"content":{"rendered":"<div class=\"product_desc-row\">\n<div class=\"product_desc-desc\">\n<p data-start=\"0\" data-end=\"277\"><strong data-start=\"0\" data-end=\"19\">Patl\u0131can Salata<\/strong><br data-start=\"19\" data-end=\"22\" \/>Kuzin\u2019in hafif ve lezzetli sebze mezesi.<br data-start=\"62\" data-end=\"65\" \/>K\u00f6zlenmi\u015f patl\u0131canlar, taze sar\u0131msak, zeytinya\u011f\u0131, limon suyu ve ince k\u0131y\u0131lm\u0131\u015f maydanoz ile bulu\u015fur. Do\u011fal ve katk\u0131s\u0131z malzemelerle haz\u0131rlanan bu salata, hem ferahlat\u0131c\u0131 hem de doyurucu bir meze alternatifi sunar.<\/p>\n<p data-start=\"279\" data-end=\"438\"><strong data-start=\"279\" data-end=\"301\">Kullan\u0131lan Teknik:<\/strong><br data-start=\"301\" data-end=\"304\" \/>Patl\u0131canlar k\u00f6zlenip kabuklar\u0131 soyulur, ezilir ve di\u011fer malzemelerle nazik\u00e7e kar\u0131\u015ft\u0131r\u0131l\u0131r. Servis \u00f6ncesi zeytinya\u011f\u0131 ile tatland\u0131r\u0131l\u0131r.<\/p>\n<p data-start=\"440\" data-end=\"478\"><strong data-start=\"440\" data-end=\"461\">Porsiyon Gramaj\u0131:<\/strong><br data-start=\"461\" data-end=\"464\" \/>180 g \/ servis<\/p>\n<p data-start=\"480\" data-end=\"617\"><strong data-start=\"483\" data-end=\"514\">100 g \u0130\u00e7in Besin De\u011ferleri:<\/strong><br data-start=\"514\" data-end=\"517\" \/>Enerji (kcal): 70 kcal<br data-start=\"539\" data-end=\"542\" \/>Karbonhidrat: 8.0 g<br data-start=\"561\" data-end=\"564\" \/>Protein: 1.2 g<br data-start=\"578\" data-end=\"581\" \/>Ya\u011f: 3.5 g<br data-start=\"591\" data-end=\"594\" \/>Lif: 3.1 g<br data-start=\"604\" data-end=\"607\" \/>Tuz: 0.4 g<\/p>\n<p data-start=\"619\" data-end=\"739\">\u26a0\ufe0f <strong data-start=\"622\" data-end=\"642\">Alerjen Bilgisi:<\/strong><br data-start=\"642\" data-end=\"645\" \/>Bu \u00fcr\u00fcn alerjen i\u00e7ermez. Gluten ve s\u00fct \u00fcr\u00fcn\u00fc i\u00e7ermez, hassasiyeti olan bireyler i\u00e7in uygundur.<\/p>\n<\/div>\n<div class=\"product_desc-img\"><\/div>\n<\/div>\n","protected":false},"excerpt":{"rendered":"<div class=\"product_desc-row\">\n<div class=\"product_desc-desc\">\n<div class=\"product_desc-row\">\n<div class=\"product_desc-desc\">\n<p data-start=\"0\" data-end=\"277\"><strong data-start=\"0\" data-end=\"19\">Patl\u0131can Salata<\/strong><br data-start=\"19\" data-end=\"22\" \/>Kuzin\u2019in hafif ve lezzetli sebze mezesi.<br data-start=\"62\" data-end=\"65\" \/>K\u00f6zlenmi\u015f patl\u0131canlar, taze sar\u0131msak, zeytinya\u011f\u0131, limon suyu ve ince k\u0131y\u0131lm\u0131\u015f maydanoz ile bulu\u015fur. Do\u011fal ve katk\u0131s\u0131z malzemelerle haz\u0131rlanan bu salata, hem ferahlat\u0131c\u0131 hem de doyurucu bir meze alternatifi sunar.<\/p>\n<p data-start=\"279\" data-end=\"438\"><strong data-start=\"279\" data-end=\"301\">Kullan\u0131lan Teknik:<\/strong><br data-start=\"301\" data-end=\"304\" \/>Patl\u0131canlar k\u00f6zlenip kabuklar\u0131 soyulur, ezilir ve di\u011fer malzemelerle nazik\u00e7e kar\u0131\u015ft\u0131r\u0131l\u0131r. Servis \u00f6ncesi zeytinya\u011f\u0131 ile tatland\u0131r\u0131l\u0131r.<\/p>\n<p data-start=\"440\" data-end=\"478\"><strong data-start=\"440\" data-end=\"461\">Porsiyon Gramaj\u0131:<\/strong><br data-start=\"461\" data-end=\"464\" \/>180 g \/ servis<\/p>\n<p data-start=\"480\" data-end=\"617\"><strong data-start=\"483\" data-end=\"514\">100 g \u0130\u00e7in Besin De\u011ferleri:<\/strong><br data-start=\"514\" data-end=\"517\" \/>Enerji (kcal): 70 kcal<br data-start=\"539\" data-end=\"542\" \/>Karbonhidrat: 8.0 g<br data-start=\"561\" data-end=\"564\" \/>Protein: 1.2 g<br data-start=\"578\" data-end=\"581\" \/>Ya\u011f: 3.5 g<br data-start=\"591\" data-end=\"594\" \/>Lif: 3.1 g<br data-start=\"604\" data-end=\"607\" \/>Tuz: 0.4 g<\/p>\n<p data-start=\"619\" data-end=\"739\">\u26a0\ufe0f <strong data-start=\"622\" data-end=\"642\">Alerjen Bilgisi:<\/strong><br data-start=\"642\" data-end=\"645\" \/>Bu \u00fcr\u00fcn alerjen i\u00e7ermez. Gluten ve s\u00fct \u00fcr\u00fcn\u00fc i\u00e7ermez, hassasiyeti olan bireyler i\u00e7in uygundur.<\/p>\n<\/div>\n<div class=\"product_desc-img\"><\/div>\n<\/div>\n<\/div>\n<\/div>\n","protected":false},"featured_media":2747,"comment_status":"open","ping_status":"closed","template":"","meta":{"pagelayer_contact_templates":[],"_pagelayer_content":""},"product_brand":[],"product_cat":[49],"product_tag":[41],"class_list":{"0":"post-2194","1":"product","2":"type-product","3":"status-publish","4":"has-post-thumbnail","6":"product_cat-salatalar","7":"product_tag-vegetarian-hot","9":"first","10":"instock","11":"shipping-taxable","12":"purchasable","13":"product-type-simple"},"jetpack_sharing_enabled":true,"_links":{"self":[{"href":"https:\/\/qrideamenu.com\/kuzinrestaurant\/wp-json\/wp\/v2\/product\/2194","targetHints":{"allow":["GET"]}}],"collection":[{"href":"https:\/\/qrideamenu.com\/kuzinrestaurant\/wp-json\/wp\/v2\/product"}],"about":[{"href":"https:\/\/qrideamenu.com\/kuzinrestaurant\/wp-json\/wp\/v2\/types\/product"}],"replies":[{"embeddable":true,"href":"https:\/\/qrideamenu.com\/kuzinrestaurant\/wp-json\/wp\/v2\/comments?post=2194"}],"wp:featuredmedia":[{"embeddable":true,"href":"https:\/\/qrideamenu.com\/kuzinrestaurant\/wp-json\/wp\/v2\/media\/2747"}],"wp:attachment":[{"href":"https:\/\/qrideamenu.com\/kuzinrestaurant\/wp-json\/wp\/v2\/media?parent=2194"}],"wp:term":[{"taxonomy":"product_brand","embeddable":true,"href":"https:\/\/qrideamenu.com\/kuzinrestaurant\/wp-json\/wp\/v2\/product_brand?post=2194"},{"taxonomy":"product_cat","embeddable":true,"href":"https:\/\/qrideamenu.com\/kuzinrestaurant\/wp-json\/wp\/v2\/product_cat?post=2194"},{"taxonomy":"product_tag","embeddable":true,"href":"https:\/\/qrideamenu.com\/kuzinrestaurant\/wp-json\/wp\/v2\/product_tag?post=2194"}],"curies":[{"name":"wp","href":"https:\/\/api.w.org\/{rel}","templated":true}]}}