{"id":2196,"date":"2025-07-18T07:54:20","date_gmt":"2025-07-18T07:54:20","guid":{"rendered":"https:\/\/qrideamenu.com\/kuzinrestaurant\/?post_type=product&#038;p=2196"},"modified":"2025-11-12T06:52:08","modified_gmt":"2025-11-12T06:52:08","slug":"citir-tavuklu-salata","status":"publish","type":"product","link":"https:\/\/qrideamenu.com\/kuzinrestaurant\/urun\/citir-tavuklu-salata\/","title":{"rendered":"\u00c7\u0131t\u0131r Tavuklu Salata"},"content":{"rendered":"<div class=\"product_desc-row\">\n<div class=\"product_desc-desc\">\n<p data-start=\"0\" data-end=\"380\"><strong data-start=\"0\" data-end=\"24\">\u00c7\u0131t\u0131r Tavuklu Salata<\/strong><br data-start=\"24\" data-end=\"27\" \/>Kuzin\u2019in doyurucu ve hafif \u00f6\u011f\u00fcn se\u00e7ene\u011fi.<br data-start=\"68\" data-end=\"71\" \/>\u00d6zel baharatlarla marine edilmi\u015f tavuk g\u00f6\u011fs\u00fc, \u00e7\u0131t\u0131r pane kaplamas\u0131yla k\u0131zart\u0131l\u0131r ve taptaze ye\u015filliklerle bulu\u015fur. Roka, marul, domates, salatal\u0131k ve renkli biberlerle zenginle\u015fen salata, hafif yo\u011furtlu sosla tamamlan\u0131r. Hem protein kayna\u011f\u0131 hem de vitamin deposu olarak men\u00fcn\u00fcn \u00f6ne \u00e7\u0131kan sa\u011fl\u0131kl\u0131 alternatifi.<\/p>\n<p data-start=\"382\" data-end=\"548\"><strong data-start=\"382\" data-end=\"404\">Kullan\u0131lan Teknik:<\/strong><br data-start=\"404\" data-end=\"407\" \/>Tavuklar \u00f6zel pane harc\u0131na bulan\u0131p s\u0131cak ya\u011fda \u00e7ift a\u015famal\u0131 k\u0131zart\u0131l\u0131r. Taze sebzelerle kar\u0131\u015ft\u0131r\u0131larak, hafif yo\u011furtlu sos e\u015fli\u011finde sunulur.<\/p>\n<p data-start=\"550\" data-end=\"588\"><strong data-start=\"550\" data-end=\"571\">Porsiyon Gramaj\u0131:<\/strong><br data-start=\"571\" data-end=\"574\" \/>250 g \/ servis<\/p>\n<p data-start=\"590\" data-end=\"730\"><strong data-start=\"593\" data-end=\"624\">100 g \u0130\u00e7in Besin De\u011ferleri:<\/strong><br data-start=\"624\" data-end=\"627\" \/>Enerji (kcal): 185 kcal<br data-start=\"650\" data-end=\"653\" \/>Karbonhidrat: 10.5 g<br data-start=\"673\" data-end=\"676\" \/>Protein: 15.8 g<br data-start=\"691\" data-end=\"694\" \/>Ya\u011f: 7.2 g<br data-start=\"704\" data-end=\"707\" \/>Lif: 2.0 g<br data-start=\"717\" data-end=\"720\" \/>Tuz: 0.7 g<\/p>\n<p data-start=\"732\" data-end=\"908\">\u26a0\ufe0f <strong data-start=\"735\" data-end=\"755\">Alerjen Bilgisi:<\/strong><br data-start=\"755\" data-end=\"758\" \/>Bu \u00fcr\u00fcn gluten ve s\u00fct \u00fcr\u00fcn\u00fc i\u00e7erir. Pane kaplamas\u0131nda un kullan\u0131l\u0131r ve sos s\u00fct \u00fcr\u00fcn\u00fc i\u00e7erir. Gluten ve s\u00fct alerjisi olan bireyler i\u00e7in uygun de\u011fildir.<\/p>\n<\/div>\n<div class=\"product_desc-img\"><\/div>\n<\/div>\n","protected":false},"excerpt":{"rendered":"<div class=\"product_desc-row\">\n<div class=\"product_desc-desc\">\n<p data-start=\"0\" data-end=\"380\"><strong data-start=\"0\" data-end=\"24\">\u00c7\u0131t\u0131r Tavuklu Salata<\/strong><br data-start=\"24\" data-end=\"27\" \/>Kuzin\u2019in doyurucu ve hafif \u00f6\u011f\u00fcn se\u00e7ene\u011fi.<br data-start=\"68\" data-end=\"71\" \/>\u00d6zel baharatlarla marine edilmi\u015f tavuk g\u00f6\u011fs\u00fc, \u00e7\u0131t\u0131r pane kaplamas\u0131yla k\u0131zart\u0131l\u0131r ve taptaze ye\u015filliklerle bulu\u015fur. Roka, marul, domates, salatal\u0131k ve renkli biberlerle zenginle\u015fen salata, hafif yo\u011furtlu sosla tamamlan\u0131r. Hem protein kayna\u011f\u0131 hem de vitamin deposu olarak men\u00fcn\u00fcn \u00f6ne \u00e7\u0131kan sa\u011fl\u0131kl\u0131 alternatifi.<\/p>\n<p data-start=\"382\" data-end=\"548\"><strong data-start=\"382\" data-end=\"404\">Kullan\u0131lan Teknik:<\/strong><br data-start=\"404\" data-end=\"407\" \/>Tavuklar \u00f6zel pane harc\u0131na bulan\u0131p s\u0131cak ya\u011fda \u00e7ift a\u015famal\u0131 k\u0131zart\u0131l\u0131r. Taze sebzelerle kar\u0131\u015ft\u0131r\u0131larak, hafif yo\u011furtlu sos e\u015fli\u011finde sunulur.<\/p>\n<p data-start=\"550\" data-end=\"588\"><strong data-start=\"550\" data-end=\"571\">Porsiyon Gramaj\u0131:<\/strong><br data-start=\"571\" data-end=\"574\" \/>250 g \/ servis<\/p>\n<p data-start=\"590\" data-end=\"730\"><strong data-start=\"593\" data-end=\"624\">100 g \u0130\u00e7in Besin De\u011ferleri:<\/strong><br data-start=\"624\" data-end=\"627\" \/>Enerji (kcal): 185 kcal<br data-start=\"650\" data-end=\"653\" \/>Karbonhidrat: 10.5 g<br data-start=\"673\" data-end=\"676\" \/>Protein: 15.8 g<br data-start=\"691\" data-end=\"694\" \/>Ya\u011f: 7.2 g<br data-start=\"704\" data-end=\"707\" \/>Lif: 2.0 g<br data-start=\"717\" data-end=\"720\" \/>Tuz: 0.7 g<\/p>\n<p data-start=\"732\" data-end=\"908\">\u26a0\ufe0f <strong data-start=\"735\" data-end=\"755\">Alerjen Bilgisi:<\/strong><br data-start=\"755\" data-end=\"758\" \/>Bu \u00fcr\u00fcn gluten ve s\u00fct \u00fcr\u00fcn\u00fc i\u00e7erir. Pane kaplamas\u0131nda un kullan\u0131l\u0131r ve sos s\u00fct \u00fcr\u00fcn\u00fc i\u00e7erir. Gluten ve s\u00fct alerjisi olan bireyler i\u00e7in uygun de\u011fildir.<\/p>\n<\/div>\n<div class=\"product_desc-img\"><\/div>\n<\/div>\n","protected":false},"featured_media":2741,"comment_status":"open","ping_status":"closed","template":"","meta":{"pagelayer_contact_templates":[],"_pagelayer_content":""},"product_brand":[],"product_cat":[49],"product_tag":[42],"class_list":{"0":"post-2196","1":"product","2":"type-product","3":"status-publish","4":"has-post-thumbnail","6":"product_cat-salatalar","7":"product_tag-vegetarian","9":"first","10":"instock","11":"shipping-taxable","12":"purchasable","13":"product-type-simple"},"jetpack_sharing_enabled":true,"_links":{"self":[{"href":"https:\/\/qrideamenu.com\/kuzinrestaurant\/wp-json\/wp\/v2\/product\/2196","targetHints":{"allow":["GET"]}}],"collection":[{"href":"https:\/\/qrideamenu.com\/kuzinrestaurant\/wp-json\/wp\/v2\/product"}],"about":[{"href":"https:\/\/qrideamenu.com\/kuzinrestaurant\/wp-json\/wp\/v2\/types\/product"}],"replies":[{"embeddable":true,"href":"https:\/\/qrideamenu.com\/kuzinrestaurant\/wp-json\/wp\/v2\/comments?post=2196"}],"wp:featuredmedia":[{"embeddable":true,"href":"https:\/\/qrideamenu.com\/kuzinrestaurant\/wp-json\/wp\/v2\/media\/2741"}],"wp:attachment":[{"href":"https:\/\/qrideamenu.com\/kuzinrestaurant\/wp-json\/wp\/v2\/media?parent=2196"}],"wp:term":[{"taxonomy":"product_brand","embeddable":true,"href":"https:\/\/qrideamenu.com\/kuzinrestaurant\/wp-json\/wp\/v2\/product_brand?post=2196"},{"taxonomy":"product_cat","embeddable":true,"href":"https:\/\/qrideamenu.com\/kuzinrestaurant\/wp-json\/wp\/v2\/product_cat?post=2196"},{"taxonomy":"product_tag","embeddable":true,"href":"https:\/\/qrideamenu.com\/kuzinrestaurant\/wp-json\/wp\/v2\/product_tag?post=2196"}],"curies":[{"name":"wp","href":"https:\/\/api.w.org\/{rel}","templated":true}]}}