{"id":2205,"date":"2025-07-24T07:54:21","date_gmt":"2025-07-24T07:54:21","guid":{"rendered":"https:\/\/qrideamenu.com\/kuzinrestaurant\/?post_type=product&#038;p=2205"},"modified":"2025-07-25T10:20:56","modified_gmt":"2025-07-25T10:20:56","slug":"semizotu_atom","status":"publish","type":"product","link":"https:\/\/qrideamenu.com\/kuzinrestaurant\/urun\/semizotu_atom\/","title":{"rendered":"Semizli Atom"},"content":{"rendered":"<div class=\"product_desc-row\">\n<div class=\"product_desc-desc\">\n<p data-start=\"0\" data-end=\"388\"><strong data-start=\"0\" data-end=\"25\">Semizli Atom<\/strong><br data-start=\"25\" data-end=\"28\" \/>Kuzin\u2019in enerjik ve besleyici mezesinden taptaze bir se\u00e7enek.<br data-start=\"89\" data-end=\"92\" \/>Taze semizotu, sar\u0131msakl\u0131 yo\u011furtla bulu\u015fur; \u00fczerine ev yap\u0131m\u0131 k\u0131rm\u0131z\u0131 biberli zeytinya\u011f\u0131 gezdirilir. Zengin omega-3 kayna\u011f\u0131 semizotu, probiyotik yo\u011furt ve do\u011fal baharatlarla birle\u015ferek hem hafif hem doyurucu bir lezzet sunar. Kuzin\u2019in kendi do\u011fal yo\u011furdu ve erken hasat zeytinya\u011f\u0131 ile haz\u0131rlan\u0131r.<\/p>\n<p data-start=\"390\" data-end=\"575\"><strong data-start=\"390\" data-end=\"412\">Kullan\u0131lan Teknik:<\/strong><br data-start=\"412\" data-end=\"415\" \/>Semizotu y\u0131kan\u0131p ince k\u0131y\u0131l\u0131r, taze yo\u011furt ve sar\u0131msakla kar\u0131\u015ft\u0131r\u0131l\u0131r. \u00dczeri k\u0131zd\u0131r\u0131lm\u0131\u015f zeytinya\u011f\u0131 ve k\u0131rm\u0131z\u0131 biberle son dokunu\u015f yap\u0131l\u0131r. So\u011fuk servis edilir.<\/p>\n<p data-start=\"577\" data-end=\"615\"><strong data-start=\"577\" data-end=\"598\">Porsiyon Gramaj\u0131:<\/strong><br data-start=\"598\" data-end=\"601\" \/>180 g \/ servis<\/p>\n<p data-start=\"617\" data-end=\"754\"><strong data-start=\"620\" data-end=\"651\">100 g \u0130\u00e7in Besin De\u011ferleri:<\/strong><br data-start=\"651\" data-end=\"654\" \/>Enerji (kcal): 85 kcal<br data-start=\"676\" data-end=\"679\" \/>Karbonhidrat: 5.0 g<br data-start=\"698\" data-end=\"701\" \/>Protein: 3.8 g<br data-start=\"715\" data-end=\"718\" \/>Ya\u011f: 5.4 g<br data-start=\"728\" data-end=\"731\" \/>Lif: 3.1 g<br data-start=\"741\" data-end=\"744\" \/>Tuz: 0.6 g<\/p>\n<p data-start=\"756\" data-end=\"890\">\u26a0\ufe0f <strong data-start=\"759\" data-end=\"779\">Alerjen Bilgisi:<\/strong><br data-start=\"779\" data-end=\"782\" \/>Bu \u00fcr\u00fcn s\u00fct \u00fcr\u00fcn\u00fc i\u00e7erir. Laktoz intolerans\u0131 veya s\u00fct proteinine alerjisi olan bireyler i\u00e7in uygun de\u011fildir.<\/p>\n<\/div>\n<div class=\"product_desc-img\"><\/div>\n<\/div>\n","protected":false},"excerpt":{"rendered":"<div class=\"product_desc-row\">\n<div class=\"product_desc-desc\">\n<p data-start=\"0\" data-end=\"388\"><strong data-start=\"0\" data-end=\"25\">Semizli Atom<\/strong><br data-start=\"25\" data-end=\"28\" \/>Kuzin\u2019in enerjik ve besleyici mezesinden taptaze bir se\u00e7enek.<br data-start=\"89\" data-end=\"92\" \/>Taze semizotu, sar\u0131msakl\u0131 yo\u011furtla bulu\u015fur; \u00fczerine ev yap\u0131m\u0131 k\u0131rm\u0131z\u0131 biberli zeytinya\u011f\u0131 gezdirilir. Zengin omega-3 kayna\u011f\u0131 semizotu, probiyotik yo\u011furt ve do\u011fal baharatlarla birle\u015ferek hem hafif hem doyurucu bir lezzet sunar. Kuzin\u2019in kendi do\u011fal yo\u011furdu ve erken hasat zeytinya\u011f\u0131 ile haz\u0131rlan\u0131r.<\/p>\n<p data-start=\"390\" data-end=\"575\"><strong data-start=\"390\" data-end=\"412\">Kullan\u0131lan Teknik:<\/strong><br data-start=\"412\" data-end=\"415\" \/>Semizotu y\u0131kan\u0131p ince k\u0131y\u0131l\u0131r, taze yo\u011furt ve sar\u0131msakla kar\u0131\u015ft\u0131r\u0131l\u0131r. \u00dczeri k\u0131zd\u0131r\u0131lm\u0131\u015f zeytinya\u011f\u0131 ve k\u0131rm\u0131z\u0131 biberle son dokunu\u015f yap\u0131l\u0131r. So\u011fuk servis edilir.<\/p>\n<p data-start=\"577\" data-end=\"615\"><strong data-start=\"577\" data-end=\"598\">Porsiyon Gramaj\u0131:<\/strong><br data-start=\"598\" data-end=\"601\" \/>180 g \/ servis<\/p>\n<p data-start=\"617\" data-end=\"754\"><strong data-start=\"620\" data-end=\"651\">100 g \u0130\u00e7in Besin De\u011ferleri:<\/strong><br data-start=\"651\" data-end=\"654\" \/>Enerji (kcal): 85 kcal<br data-start=\"676\" data-end=\"679\" \/>Karbonhidrat: 5.0 g<br data-start=\"698\" data-end=\"701\" \/>Protein: 3.8 g<br data-start=\"715\" data-end=\"718\" \/>Ya\u011f: 5.4 g<br data-start=\"728\" data-end=\"731\" \/>Lif: 3.1 g<br data-start=\"741\" data-end=\"744\" \/>Tuz: 0.6 g<\/p>\n<p data-start=\"756\" data-end=\"890\">\u26a0\ufe0f <strong data-start=\"759\" data-end=\"779\">Alerjen Bilgisi:<\/strong><br data-start=\"779\" data-end=\"782\" \/>Bu \u00fcr\u00fcn s\u00fct \u00fcr\u00fcn\u00fc i\u00e7erir. Laktoz intolerans\u0131 veya s\u00fct proteinine alerjisi olan bireyler i\u00e7in uygun de\u011fildir.<\/p>\n<\/div>\n<div class=\"product_desc-img\"><\/div>\n<\/div>\n","protected":false},"featured_media":2726,"comment_status":"open","ping_status":"closed","template":"","meta":{"pagelayer_contact_templates":[],"_pagelayer_content":""},"product_brand":[],"product_cat":[43],"product_tag":[44],"class_list":{"0":"post-2205","1":"product","2":"type-product","3":"status-publish","4":"has-post-thumbnail","6":"product_cat-zeytinyagliler","7":"product_tag-coffee-hot","9":"first","10":"instock","11":"shipping-taxable","12":"purchasable","13":"product-type-simple"},"jetpack_sharing_enabled":true,"_links":{"self":[{"href":"https:\/\/qrideamenu.com\/kuzinrestaurant\/wp-json\/wp\/v2\/product\/2205","targetHints":{"allow":["GET"]}}],"collection":[{"href":"https:\/\/qrideamenu.com\/kuzinrestaurant\/wp-json\/wp\/v2\/product"}],"about":[{"href":"https:\/\/qrideamenu.com\/kuzinrestaurant\/wp-json\/wp\/v2\/types\/product"}],"replies":[{"embeddable":true,"href":"https:\/\/qrideamenu.com\/kuzinrestaurant\/wp-json\/wp\/v2\/comments?post=2205"}],"wp:featuredmedia":[{"embeddable":true,"href":"https:\/\/qrideamenu.com\/kuzinrestaurant\/wp-json\/wp\/v2\/media\/2726"}],"wp:attachment":[{"href":"https:\/\/qrideamenu.com\/kuzinrestaurant\/wp-json\/wp\/v2\/media?parent=2205"}],"wp:term":[{"taxonomy":"product_brand","embeddable":true,"href":"https:\/\/qrideamenu.com\/kuzinrestaurant\/wp-json\/wp\/v2\/product_brand?post=2205"},{"taxonomy":"product_cat","embeddable":true,"href":"https:\/\/qrideamenu.com\/kuzinrestaurant\/wp-json\/wp\/v2\/product_cat?post=2205"},{"taxonomy":"product_tag","embeddable":true,"href":"https:\/\/qrideamenu.com\/kuzinrestaurant\/wp-json\/wp\/v2\/product_tag?post=2205"}],"curies":[{"name":"wp","href":"https:\/\/api.w.org\/{rel}","templated":true}]}}