{"id":2207,"date":"2025-07-24T07:54:21","date_gmt":"2025-07-24T07:54:21","guid":{"rendered":"https:\/\/qrideamenu.com\/kuzinrestaurant\/?post_type=product&#038;p=2207"},"modified":"2025-09-12T13:04:41","modified_gmt":"2025-09-12T13:04:41","slug":"canakenginar","status":"publish","type":"product","link":"https:\/\/qrideamenu.com\/kuzinrestaurant\/urun\/canakenginar\/","title":{"rendered":"\u00c7anak Enginar"},"content":{"rendered":"<div class=\"product_desc-row\">\n<div class=\"product_desc-desc\">\n<p data-start=\"0\" data-end=\"387\"><strong data-start=\"0\" data-end=\"24\">\u00c7anak Enginar<\/strong><br data-start=\"24\" data-end=\"27\" \/>Kuzin\u2019in rafine ve zarif dokunu\u015flar\u0131ndan biri.<br data-start=\"73\" data-end=\"76\" \/>Ege&#8217;nin bereketli topraklar\u0131ndan gelen enginarlar, zeytinya\u011f\u0131nda sote edilen havu\u00e7, patates ve bezelye ile doldurulur. Limonla terbiye edilerek pi\u015firilen bu yemek, Kuzin\u2019in erken hasat zeytinya\u011f\u0131 ve do\u011fal sebze suyuyla tatland\u0131r\u0131l\u0131r. Hafif, taze ve besin de\u011feri y\u00fcksek bir zeytinya\u011fl\u0131 se\u00e7ene\u011fi olarak \u00f6ne \u00e7\u0131kar.<\/p>\n<p data-start=\"389\" data-end=\"609\"><strong data-start=\"389\" data-end=\"411\">Kullan\u0131lan Teknik:<\/strong><br data-start=\"411\" data-end=\"414\" \/>Enginar \u00e7anaklar\u0131 buharda \u00f6n pi\u015firme ile yumu\u015fat\u0131l\u0131r, i\u00e7 harc\u0131 ayr\u0131 pi\u015firilerek i\u00e7ine yerle\u015ftirilir. Son olarak limonlu sebze suyunda ta\u015f f\u0131r\u0131nda k\u0131sa s\u00fcre dinlendirilerek aroma dengesi sa\u011flan\u0131r.<\/p>\n<p data-start=\"611\" data-end=\"664\"><strong data-start=\"611\" data-end=\"632\">Porsiyon Gramaj\u0131:<\/strong><br data-start=\"632\" data-end=\"635\" \/>1 adet \u00e7anak \/ yakla\u015f\u0131k 200 g<\/p>\n<p data-start=\"666\" data-end=\"803\"><strong data-start=\"669\" data-end=\"700\">100 g \u0130\u00e7in Besin De\u011ferleri:<\/strong><br data-start=\"700\" data-end=\"703\" \/>Enerji (kcal): 72 kcal<br data-start=\"725\" data-end=\"728\" \/>Karbonhidrat: 8.9 g<br data-start=\"747\" data-end=\"750\" \/>Protein: 2.0 g<br data-start=\"764\" data-end=\"767\" \/>Ya\u011f: 3.5 g<br data-start=\"777\" data-end=\"780\" \/>Lif: 4.0 g<br data-start=\"790\" data-end=\"793\" \/>Tuz: 0.4 g<\/p>\n<p data-start=\"805\" data-end=\"927\">\u26a0\ufe0f <strong data-start=\"808\" data-end=\"828\">Alerjen Bilgisi:<\/strong><br data-start=\"828\" data-end=\"831\" \/>Bu \u00fcr\u00fcn gluten i\u00e7ermez. Ancak \u00fcretim alan\u0131nda gluten i\u00e7eren \u00fcr\u00fcnlerle \u00e7apraz temas riski vard\u0131r.<\/p>\n<\/div>\n<div class=\"product_desc-img\"><\/div>\n<\/div>\n","protected":false},"excerpt":{"rendered":"<p>\u00c7anak EnginarKuzin\u2019in rafine ve zarif dokunu\u015flar\u0131ndan biri.Ege&#8217;nin bereketli topraklar\u0131ndan gelen enginarlar, zeytinya\u011f\u0131nda sote edilen havu\u00e7, patates ve bezelye ile doldurulur. Limonla terbiye edilerek pi\u015firilen bu yemek, Kuzin\u2019in erken hasat zeytinya\u011f\u0131 ve do\u011fal sebze suyuyla tatland\u0131r\u0131l\u0131r. Hafif, taze ve besin de\u011feri y\u00fcksek bir zeytinya\u011fl\u0131 se\u00e7ene\u011fi olarak \u00f6ne \u00e7\u0131kar. Kullan\u0131lan Teknik:Enginar \u00e7anaklar\u0131 buharda&hellip;<\/p>\n","protected":false},"featured_media":3210,"comment_status":"open","ping_status":"closed","template":"","meta":{"pagelayer_contact_templates":[],"_pagelayer_content":""},"product_brand":[],"product_cat":[43],"product_tag":[44],"class_list":{"0":"post-2207","1":"product","2":"type-product","3":"status-publish","4":"has-post-thumbnail","6":"product_cat-zeytinyagliler","7":"product_tag-coffee-hot","9":"first","10":"instock","11":"shipping-taxable","12":"purchasable","13":"product-type-simple"},"jetpack_sharing_enabled":true,"_links":{"self":[{"href":"https:\/\/qrideamenu.com\/kuzinrestaurant\/wp-json\/wp\/v2\/product\/2207","targetHints":{"allow":["GET"]}}],"collection":[{"href":"https:\/\/qrideamenu.com\/kuzinrestaurant\/wp-json\/wp\/v2\/product"}],"about":[{"href":"https:\/\/qrideamenu.com\/kuzinrestaurant\/wp-json\/wp\/v2\/types\/product"}],"replies":[{"embeddable":true,"href":"https:\/\/qrideamenu.com\/kuzinrestaurant\/wp-json\/wp\/v2\/comments?post=2207"}],"wp:featuredmedia":[{"embeddable":true,"href":"https:\/\/qrideamenu.com\/kuzinrestaurant\/wp-json\/wp\/v2\/media\/3210"}],"wp:attachment":[{"href":"https:\/\/qrideamenu.com\/kuzinrestaurant\/wp-json\/wp\/v2\/media?parent=2207"}],"wp:term":[{"taxonomy":"product_brand","embeddable":true,"href":"https:\/\/qrideamenu.com\/kuzinrestaurant\/wp-json\/wp\/v2\/product_brand?post=2207"},{"taxonomy":"product_cat","embeddable":true,"href":"https:\/\/qrideamenu.com\/kuzinrestaurant\/wp-json\/wp\/v2\/product_cat?post=2207"},{"taxonomy":"product_tag","embeddable":true,"href":"https:\/\/qrideamenu.com\/kuzinrestaurant\/wp-json\/wp\/v2\/product_tag?post=2207"}],"curies":[{"name":"wp","href":"https:\/\/api.w.org\/{rel}","templated":true}]}}