{"id":2210,"date":"2025-07-24T07:54:21","date_gmt":"2025-07-24T07:54:21","guid":{"rendered":"https:\/\/qrideamenu.com\/kuzinrestaurant\/?post_type=product&#038;p=2210"},"modified":"2025-07-25T10:21:31","modified_gmt":"2025-07-25T10:21:31","slug":"piyaz","status":"publish","type":"product","link":"https:\/\/qrideamenu.com\/kuzinrestaurant\/urun\/piyaz\/","title":{"rendered":"Piyaz"},"content":{"rendered":"<div class=\"product_desc-row\">\n<div class=\"product_desc-desc\">\n<p data-start=\"0\" data-end=\"308\"><strong data-start=\"0\" data-end=\"16\">Piyaz<\/strong><br data-start=\"16\" data-end=\"19\" \/>Kuzin\u2019in zamans\u0131z ve doyurucu mezesi.<br data-start=\"56\" data-end=\"59\" \/>Ha\u015flanm\u0131\u015f kuru fasulye, ince k\u0131y\u0131lm\u0131\u015f so\u011fan, maydanoz, domates ve yumurta ile bulu\u015fur. \u00dczerine Kuzin\u2019in \u00f6zel yap\u0131m\u0131 nar ek\u015fisi ve erken hasat zeytinya\u011f\u0131 gezdirilerek servis edilir. Protein ve lif a\u00e7\u0131s\u0131ndan zengin, taze ve hafif bir meze se\u00e7ene\u011fidir.<\/p>\n<p data-start=\"310\" data-end=\"515\"><strong data-start=\"310\" data-end=\"332\">Kullan\u0131lan Teknik:<\/strong><br data-start=\"332\" data-end=\"335\" \/>Fasulyeler \u00f6nceden ha\u015flan\u0131p so\u011futulur. Di\u011fer malzemelerle nazik\u00e7e kar\u0131\u015ft\u0131r\u0131l\u0131r, nar ek\u015fisi ve zeytinya\u011f\u0131yla son dokunu\u015f yap\u0131l\u0131r. Servis \u00f6ncesi k\u0131sa s\u00fcre buzdolab\u0131nda dinlendirilir.<\/p>\n<p data-start=\"517\" data-end=\"555\"><strong data-start=\"517\" data-end=\"538\">Porsiyon Gramaj\u0131:<\/strong><br data-start=\"538\" data-end=\"541\" \/>180 g \/ servis<\/p>\n<p data-start=\"557\" data-end=\"696\"><strong data-start=\"560\" data-end=\"591\">100 g \u0130\u00e7in Besin De\u011ferleri:<\/strong><br data-start=\"591\" data-end=\"594\" \/>Enerji (kcal): 124 kcal<br data-start=\"617\" data-end=\"620\" \/>Karbonhidrat: 20.0 g<br data-start=\"640\" data-end=\"643\" \/>Protein: 6.3 g<br data-start=\"657\" data-end=\"660\" \/>Ya\u011f: 3.1 g<br data-start=\"670\" data-end=\"673\" \/>Lif: 5.2 g<br data-start=\"683\" data-end=\"686\" \/>Tuz: 0.7 g<\/p>\n<p data-start=\"698\" data-end=\"799\">\u26a0\ufe0f <strong data-start=\"701\" data-end=\"721\">Alerjen Bilgisi:<\/strong><br data-start=\"721\" data-end=\"724\" \/>Bu \u00fcr\u00fcn yumurta i\u00e7erir. Yumurta alerjisi olan bireyler i\u00e7in uygun de\u011fildir.<\/p>\n<\/div>\n<div class=\"product_desc-img\"><\/div>\n<\/div>\n","protected":false},"excerpt":{"rendered":"<div class=\"product_desc-row\">\n<div class=\"product_desc-desc\">\n<p data-start=\"0\" data-end=\"308\"><strong data-start=\"0\" data-end=\"16\">Piyaz<\/strong><br data-start=\"16\" data-end=\"19\" \/>Kuzin\u2019in zamans\u0131z ve doyurucu mezesi.<br data-start=\"56\" data-end=\"59\" \/>Ha\u015flanm\u0131\u015f kuru fasulye, ince k\u0131y\u0131lm\u0131\u015f so\u011fan, maydanoz, domates ve yumurta ile bulu\u015fur. \u00dczerine Kuzin\u2019in \u00f6zel yap\u0131m\u0131 nar ek\u015fisi ve erken hasat zeytinya\u011f\u0131 gezdirilerek servis edilir. Protein ve lif a\u00e7\u0131s\u0131ndan zengin, taze ve hafif bir meze se\u00e7ene\u011fidir.<\/p>\n<p data-start=\"310\" data-end=\"515\"><strong data-start=\"310\" data-end=\"332\">Kullan\u0131lan Teknik:<\/strong><br data-start=\"332\" data-end=\"335\" \/>Fasulyeler \u00f6nceden ha\u015flan\u0131p so\u011futulur. Di\u011fer malzemelerle nazik\u00e7e kar\u0131\u015ft\u0131r\u0131l\u0131r, nar ek\u015fisi ve zeytinya\u011f\u0131yla son dokunu\u015f yap\u0131l\u0131r. Servis \u00f6ncesi k\u0131sa s\u00fcre buzdolab\u0131nda dinlendirilir.<\/p>\n<p data-start=\"517\" data-end=\"555\"><strong data-start=\"517\" data-end=\"538\">Porsiyon Gramaj\u0131:<\/strong><br data-start=\"538\" data-end=\"541\" \/>180 g \/ servis<\/p>\n<p data-start=\"557\" data-end=\"696\"><strong data-start=\"560\" data-end=\"591\">100 g \u0130\u00e7in Besin De\u011ferleri:<\/strong><br data-start=\"591\" data-end=\"594\" \/>Enerji (kcal): 124 kcal<br data-start=\"617\" data-end=\"620\" \/>Karbonhidrat: 20.0 g<br data-start=\"640\" data-end=\"643\" \/>Protein: 6.3 g<br data-start=\"657\" data-end=\"660\" \/>Ya\u011f: 3.1 g<br data-start=\"670\" data-end=\"673\" \/>Lif: 5.2 g<br data-start=\"683\" data-end=\"686\" \/>Tuz: 0.7 g<\/p>\n<p data-start=\"698\" data-end=\"799\">\u26a0\ufe0f <strong data-start=\"701\" data-end=\"721\">Alerjen Bilgisi:<\/strong><br data-start=\"721\" data-end=\"724\" \/>Bu \u00fcr\u00fcn yumurta i\u00e7erir. Yumurta alerjisi olan bireyler i\u00e7in uygun de\u011fildir.<\/p>\n<\/div>\n<div class=\"product_desc-img\"><\/div>\n<\/div>\n","protected":false},"featured_media":2728,"comment_status":"open","ping_status":"closed","template":"","meta":{"pagelayer_contact_templates":[],"_pagelayer_content":""},"product_brand":[],"product_cat":[43],"product_tag":[45],"class_list":{"0":"post-2210","1":"product","2":"type-product","3":"status-publish","4":"has-post-thumbnail","6":"product_cat-zeytinyagliler","7":"product_tag-coffee","9":"first","10":"instock","11":"shipping-taxable","12":"purchasable","13":"product-type-simple"},"jetpack_sharing_enabled":true,"_links":{"self":[{"href":"https:\/\/qrideamenu.com\/kuzinrestaurant\/wp-json\/wp\/v2\/product\/2210","targetHints":{"allow":["GET"]}}],"collection":[{"href":"https:\/\/qrideamenu.com\/kuzinrestaurant\/wp-json\/wp\/v2\/product"}],"about":[{"href":"https:\/\/qrideamenu.com\/kuzinrestaurant\/wp-json\/wp\/v2\/types\/product"}],"replies":[{"embeddable":true,"href":"https:\/\/qrideamenu.com\/kuzinrestaurant\/wp-json\/wp\/v2\/comments?post=2210"}],"wp:featuredmedia":[{"embeddable":true,"href":"https:\/\/qrideamenu.com\/kuzinrestaurant\/wp-json\/wp\/v2\/media\/2728"}],"wp:attachment":[{"href":"https:\/\/qrideamenu.com\/kuzinrestaurant\/wp-json\/wp\/v2\/media?parent=2210"}],"wp:term":[{"taxonomy":"product_brand","embeddable":true,"href":"https:\/\/qrideamenu.com\/kuzinrestaurant\/wp-json\/wp\/v2\/product_brand?post=2210"},{"taxonomy":"product_cat","embeddable":true,"href":"https:\/\/qrideamenu.com\/kuzinrestaurant\/wp-json\/wp\/v2\/product_cat?post=2210"},{"taxonomy":"product_tag","embeddable":true,"href":"https:\/\/qrideamenu.com\/kuzinrestaurant\/wp-json\/wp\/v2\/product_tag?post=2210"}],"curies":[{"name":"wp","href":"https:\/\/api.w.org\/{rel}","templated":true}]}}