{"id":2216,"date":"2025-07-19T07:54:21","date_gmt":"2025-07-19T07:54:21","guid":{"rendered":"https:\/\/qrideamenu.com\/kuzinrestaurant\/?post_type=product&#038;p=2216"},"modified":"2025-11-12T06:48:48","modified_gmt":"2025-11-12T06:48:48","slug":"manti","status":"publish","type":"product","link":"https:\/\/qrideamenu.com\/kuzinrestaurant\/urun\/manti\/","title":{"rendered":"Mant\u0131"},"content":{"rendered":"<div class=\"product_desc-row\">\n<div class=\"product_desc-desc\">\n<p data-start=\"0\" data-end=\"422\"><strong data-start=\"0\" data-end=\"9\">Mant\u0131<\/strong><br data-start=\"9\" data-end=\"12\" \/>Kuzin\u2019in el eme\u011fiyle yo\u011frulan geleneksel ba\u015f tac\u0131.<br data-start=\"62\" data-end=\"65\" \/>\u0130ncecik a\u00e7\u0131lm\u0131\u015f hamurlar\u0131n i\u00e7ine dana k\u0131ymas\u0131, so\u011fan ve baharatlarla haz\u0131rlanan har\u00e7 \u00f6zenle doldurulur. Her biri elde kapat\u0131lan mant\u0131lar, suda ha\u015fland\u0131ktan sonra Kuzin\u2019in sar\u0131msakl\u0131 yo\u011furdu ve tereya\u011f\u0131nda k\u0131zd\u0131r\u0131lm\u0131\u015f toz biber sosuyla servis edilir. Hem lezzet hem g\u00f6rsel olarak sofralar\u0131n y\u0131ld\u0131z\u0131 olan bu klasik, Anadolu mutfa\u011f\u0131n\u0131n zarif bir temsilcisidir.<\/p>\n<p data-start=\"424\" data-end=\"601\"><strong data-start=\"424\" data-end=\"446\">Kullan\u0131lan Teknik:<\/strong><br data-start=\"446\" data-end=\"449\" \/>Mant\u0131lar elde tek tek haz\u0131rlan\u0131r, kaynar suda ha\u015flan\u0131r. Servis \u00f6ncesi \u00fczerine sar\u0131msakl\u0131 yo\u011furt gezdirilir ve k\u0131zg\u0131n tereya\u011fl\u0131 biber sos ile tamamlan\u0131r.<\/p>\n<p data-start=\"603\" data-end=\"641\"><strong data-start=\"603\" data-end=\"624\">Porsiyon Gramaj\u0131:<\/strong><br data-start=\"624\" data-end=\"627\" \/>220 g \/ servis<\/p>\n<p data-start=\"643\" data-end=\"782\"><strong data-start=\"646\" data-end=\"677\">100 g \u0130\u00e7in Besin De\u011ferleri:<\/strong><br data-start=\"677\" data-end=\"680\" \/>Enerji (kcal): 178 kcal<br data-start=\"703\" data-end=\"706\" \/>Karbonhidrat: 20.6 g<br data-start=\"726\" data-end=\"729\" \/>Protein: 7.4 g<br data-start=\"743\" data-end=\"746\" \/>Ya\u011f: 7.5 g<br data-start=\"756\" data-end=\"759\" \/>Lif: 1.8 g<br data-start=\"769\" data-end=\"772\" \/>Tuz: 0.9 g<\/p>\n<p data-start=\"784\" data-end=\"969\">\u26a0\ufe0f <strong data-start=\"787\" data-end=\"807\">Alerjen Bilgisi:<\/strong><br data-start=\"807\" data-end=\"810\" \/>Bu \u00fcr\u00fcn gluten ve s\u00fct \u00fcr\u00fcn\u00fc i\u00e7erir. Hamurunda bu\u011fday unu, sosunda tereya\u011f\u0131 ve yo\u011furt bulundu\u011fundan gluten ve s\u00fct hassasiyeti olan bireyler i\u00e7in uygun de\u011fildir.<\/p>\n<\/div>\n<div class=\"product_desc-img\"><\/div>\n<\/div>\n","protected":false},"excerpt":{"rendered":"<p>Mant\u0131<br \/>\nKuzin\u2019in el eme\u011fiyle yo\u011frulan geleneksel ba\u015f tac\u0131.<br \/>\n\u0130ncecik a\u00e7\u0131lm\u0131\u015f hamurlar\u0131n i\u00e7ine dana k\u0131ymas\u0131, so\u011fan ve baharatlarla haz\u0131rlanan har\u00e7 \u00f6zenle doldurulur. Her biri elde kapat\u0131lan mant\u0131lar, suda ha\u015fland\u0131ktan sonra Kuzin\u2019in sar\u0131msakl\u0131 yo\u011furdu ve tereya\u011f\u0131nda k\u0131zd\u0131r\u0131lm\u0131\u015f toz biber sosuyla servis edilir. Hem lezzet hem g\u00f6rsel olarak sofralar\u0131n y\u0131ld\u0131z\u0131 olan bu klasik, Anadolu mutfa\u011f\u0131n\u0131n zarif bir temsilcisidir.<\/p>\n<p>Kullan\u0131lan Teknik:<br \/>\nMant\u0131lar elde tek tek haz\u0131rlan\u0131r, kaynar suda ha\u015flan\u0131r. Servis \u00f6ncesi \u00fczerine sar\u0131msakl\u0131 yo\u011furt gezdirilir ve k\u0131zg\u0131n tereya\u011fl\u0131 biber sos ile tamamlan\u0131r.<\/p>\n<p>Porsiyon Gramaj\u0131:<br \/>\n220 g \/ servis<\/p>\n<p>100 g \u0130\u00e7in Besin De\u011ferleri:<br \/>\nEnerji (kcal): 178 kcal<br \/>\nKarbonhidrat: 20.6 g<br \/>\nProtein: 7.4 g<br \/>\nYa\u011f: 7.5 g<br \/>\nLif: 1.8 g<br \/>\nTuz: 0.9 g<\/p>\n<p>Alerjen Bilgisi:<br \/>\nBu \u00fcr\u00fcn gluten ve s\u00fct \u00fcr\u00fcn\u00fc i\u00e7erir. Hamurunda bu\u011fday unu, sosunda tereya\u011f\u0131 ve yo\u011furt bulundu\u011fundan gluten ve s\u00fct hassasiyeti olan bireyler i\u00e7in uygun de\u011fildir.<\/p>\n","protected":false},"featured_media":2736,"comment_status":"open","ping_status":"closed","template":"","meta":{"pagelayer_contact_templates":[],"_pagelayer_content":""},"product_brand":[],"product_cat":[40],"product_tag":[60],"class_list":{"0":"post-2216","1":"product","2":"type-product","3":"status-publish","4":"has-post-thumbnail","6":"product_cat-makarnalar","7":"product_tag-yemek","9":"first","10":"instock","11":"shipping-taxable","12":"purchasable","13":"product-type-simple"},"jetpack_sharing_enabled":true,"_links":{"self":[{"href":"https:\/\/qrideamenu.com\/kuzinrestaurant\/wp-json\/wp\/v2\/product\/2216","targetHints":{"allow":["GET"]}}],"collection":[{"href":"https:\/\/qrideamenu.com\/kuzinrestaurant\/wp-json\/wp\/v2\/product"}],"about":[{"href":"https:\/\/qrideamenu.com\/kuzinrestaurant\/wp-json\/wp\/v2\/types\/product"}],"replies":[{"embeddable":true,"href":"https:\/\/qrideamenu.com\/kuzinrestaurant\/wp-json\/wp\/v2\/comments?post=2216"}],"wp:featuredmedia":[{"embeddable":true,"href":"https:\/\/qrideamenu.com\/kuzinrestaurant\/wp-json\/wp\/v2\/media\/2736"}],"wp:attachment":[{"href":"https:\/\/qrideamenu.com\/kuzinrestaurant\/wp-json\/wp\/v2\/media?parent=2216"}],"wp:term":[{"taxonomy":"product_brand","embeddable":true,"href":"https:\/\/qrideamenu.com\/kuzinrestaurant\/wp-json\/wp\/v2\/product_brand?post=2216"},{"taxonomy":"product_cat","embeddable":true,"href":"https:\/\/qrideamenu.com\/kuzinrestaurant\/wp-json\/wp\/v2\/product_cat?post=2216"},{"taxonomy":"product_tag","embeddable":true,"href":"https:\/\/qrideamenu.com\/kuzinrestaurant\/wp-json\/wp\/v2\/product_tag?post=2216"}],"curies":[{"name":"wp","href":"https:\/\/api.w.org\/{rel}","templated":true}]}}