{"id":2220,"date":"2025-07-24T07:54:21","date_gmt":"2025-07-24T07:54:21","guid":{"rendered":"https:\/\/qrideamenu.com\/kuzinrestaurant\/?post_type=product&#038;p=2220"},"modified":"2025-07-25T10:20:40","modified_gmt":"2025-07-25T10:20:40","slug":"yaprak_sarma","status":"publish","type":"product","link":"https:\/\/qrideamenu.com\/kuzinrestaurant\/urun\/yaprak_sarma\/","title":{"rendered":"Zeytinya\u011fl\u0131 Yaprak Sarma"},"content":{"rendered":"<div class=\"product_desc-row\">\n<div class=\"product_desc-desc\">\n<p data-start=\"0\" data-end=\"381\"><strong data-start=\"0\" data-end=\"16\">Zeytinya\u011fl\u0131 Yaprak Sarma<\/strong><br data-start=\"16\" data-end=\"19\" \/>Kuzin\u2019in sab\u0131rla haz\u0131rlanan el eme\u011fi lezzetlerinden.<br data-start=\"71\" data-end=\"74\" \/>Asma yapraklar\u0131n\u0131n i\u00e7ine, \u00f6zenle haz\u0131rlanm\u0131\u015f pirin\u00e7, so\u011fan, ku\u015f \u00fcz\u00fcm\u00fc, dolmal\u0131k f\u0131st\u0131k ve taze baharat kar\u0131\u015f\u0131m\u0131 sar\u0131l\u0131r. Her biri elde tek tek sar\u0131lan sarmalar, zeytinya\u011f\u0131 ve limon e\u015fli\u011finde k\u0131s\u0131k ate\u015fte pi\u015firilir. So\u011fuk servis edilen bu Ege klasi\u011fi, hafifli\u011fi ve aromatik yap\u0131s\u0131yla sofralara zarafet katar.<\/p>\n<p data-start=\"383\" data-end=\"599\"><strong data-start=\"383\" data-end=\"405\">Kullan\u0131lan Teknik:<\/strong><br data-start=\"405\" data-end=\"408\" \/>\u0130\u00e7 har\u00e7 zeytinya\u011f\u0131nda kavrularak haz\u0131rlan\u0131r, asma yapraklar\u0131na elle sar\u0131ld\u0131ktan sonra limon dilimleriyle d\u00f6\u015fenip ta\u015f tencerede buharl\u0131 y\u00f6ntemle pi\u015firilir. Dinlendirilerek so\u011fuk servis edilir.<\/p>\n<p data-start=\"601\" data-end=\"648\"><strong data-start=\"601\" data-end=\"622\">Porsiyon Gramaj\u0131:<\/strong><br data-start=\"622\" data-end=\"625\" \/>5 adet \/ yakla\u015f\u0131k 180 g<\/p>\n<p data-start=\"650\" data-end=\"789\"><strong data-start=\"653\" data-end=\"684\">100 g \u0130\u00e7in Besin De\u011ferleri:<\/strong><br data-start=\"684\" data-end=\"687\" \/>Enerji (kcal): 134 kcal<br data-start=\"710\" data-end=\"713\" \/>Karbonhidrat: 18.5 g<br data-start=\"733\" data-end=\"736\" \/>Protein: 2.2 g<br data-start=\"750\" data-end=\"753\" \/>Ya\u011f: 5.6 g<br data-start=\"763\" data-end=\"766\" \/>Lif: 2.7 g<br data-start=\"776\" data-end=\"779\" \/>Tuz: 0.8 g<\/p>\n<p data-start=\"791\" data-end=\"921\">\u26a0\ufe0f <strong data-start=\"794\" data-end=\"814\">Alerjen Bilgisi:<\/strong><br data-start=\"814\" data-end=\"817\" \/>Bu \u00fcr\u00fcn dolmal\u0131k f\u0131st\u0131k i\u00e7erir. F\u0131nd\u0131k ve sert kabuklu yemi\u015f alerjisi olan bireyler i\u00e7in uygun de\u011fildir.<\/p>\n<\/div>\n<div class=\"product_desc-img\"><\/div>\n<\/div>\n","protected":false},"excerpt":{"rendered":"<p>Zeytinya\u011fl\u0131 Yaprak Sarma<br \/>\nKuzin\u2019in sab\u0131rla haz\u0131rlanan el eme\u011fi lezzetlerinden.<br \/>\nAsma yapraklar\u0131n\u0131n i\u00e7ine, \u00f6zenle haz\u0131rlanm\u0131\u015f pirin\u00e7, so\u011fan, ku\u015f \u00fcz\u00fcm\u00fc, dolmal\u0131k f\u0131st\u0131k ve taze baharat kar\u0131\u015f\u0131m\u0131 sar\u0131l\u0131r. Her biri elde tek tek sar\u0131lan sarmalar, zeytinya\u011f\u0131 ve limon e\u015fli\u011finde k\u0131s\u0131k ate\u015fte pi\u015firilir. So\u011fuk servis edilen bu Ege klasi\u011fi, hafifli\u011fi ve aromatik yap\u0131s\u0131yla sofralara zarafet katar.<\/p>\n<p>Kullan\u0131lan Teknik:<br \/>\n\u0130\u00e7 har\u00e7 zeytinya\u011f\u0131nda kavrularak haz\u0131rlan\u0131r, asma yapraklar\u0131na elle sar\u0131ld\u0131ktan sonra limon dilimleriyle d\u00f6\u015fenip ta\u015f tencerede buharl\u0131 y\u00f6ntemle pi\u015firilir. Dinlendirilerek so\u011fuk servis edilir.<\/p>\n<p>Porsiyon Gramaj\u0131:<br \/>\n5 adet \/ yakla\u015f\u0131k 180 g<\/p>\n<p>100 g \u0130\u00e7in Besin De\u011ferleri:<br \/>\nEnerji (kcal): 134 kcal<br \/>\nKarbonhidrat: 18.5 g<br \/>\nProtein: 2.2 g<br \/>\nYa\u011f: 5.6 g<br \/>\nLif: 2.7 g<br \/>\nTuz: 0.8 g<\/p>\n<p>Alerjen Bilgisi:<br \/>\nBu \u00fcr\u00fcn dolmal\u0131k f\u0131st\u0131k i\u00e7erir. F\u0131nd\u0131k ve sert kabuklu yemi\u015f alerjisi olan bireyler i\u00e7in uygun de\u011fildir.<\/p>\n","protected":false},"featured_media":2719,"comment_status":"open","ping_status":"closed","template":"","meta":{"pagelayer_contact_templates":[],"_pagelayer_content":""},"product_brand":[],"product_cat":[43],"product_tag":[45],"class_list":{"0":"post-2220","1":"product","2":"type-product","3":"status-publish","4":"has-post-thumbnail","6":"product_cat-zeytinyagliler","7":"product_tag-coffee","9":"first","10":"instock","11":"shipping-taxable","12":"purchasable","13":"product-type-simple"},"jetpack_sharing_enabled":true,"_links":{"self":[{"href":"https:\/\/qrideamenu.com\/kuzinrestaurant\/wp-json\/wp\/v2\/product\/2220","targetHints":{"allow":["GET"]}}],"collection":[{"href":"https:\/\/qrideamenu.com\/kuzinrestaurant\/wp-json\/wp\/v2\/product"}],"about":[{"href":"https:\/\/qrideamenu.com\/kuzinrestaurant\/wp-json\/wp\/v2\/types\/product"}],"replies":[{"embeddable":true,"href":"https:\/\/qrideamenu.com\/kuzinrestaurant\/wp-json\/wp\/v2\/comments?post=2220"}],"wp:featuredmedia":[{"embeddable":true,"href":"https:\/\/qrideamenu.com\/kuzinrestaurant\/wp-json\/wp\/v2\/media\/2719"}],"wp:attachment":[{"href":"https:\/\/qrideamenu.com\/kuzinrestaurant\/wp-json\/wp\/v2\/media?parent=2220"}],"wp:term":[{"taxonomy":"product_brand","embeddable":true,"href":"https:\/\/qrideamenu.com\/kuzinrestaurant\/wp-json\/wp\/v2\/product_brand?post=2220"},{"taxonomy":"product_cat","embeddable":true,"href":"https:\/\/qrideamenu.com\/kuzinrestaurant\/wp-json\/wp\/v2\/product_cat?post=2220"},{"taxonomy":"product_tag","embeddable":true,"href":"https:\/\/qrideamenu.com\/kuzinrestaurant\/wp-json\/wp\/v2\/product_tag?post=2220"}],"curies":[{"name":"wp","href":"https:\/\/api.w.org\/{rel}","templated":true}]}}