{"id":2458,"date":"2025-07-23T07:49:18","date_gmt":"2025-07-23T07:49:18","guid":{"rendered":"https:\/\/qrideamenu.com\/kuzinrestaurant\/?post_type=product&#038;p=2458"},"modified":"2026-01-01T07:57:20","modified_gmt":"2026-01-01T07:57:20","slug":"ciftlik-kebabi","status":"publish","type":"product","link":"https:\/\/qrideamenu.com\/kuzinrestaurant\/urun\/ciftlik-kebabi\/","title":{"rendered":"\u00c7iftlik Kebab\u0131"},"content":{"rendered":"<p data-start=\"0\" data-end=\"326\"><strong data-start=\"0\" data-end=\"18\">\u00c7iftlik Kebab\u0131<\/strong><br data-start=\"18\" data-end=\"21\" \/>Kuzin mutfa\u011f\u0131ndan, do\u011fall\u0131\u011f\u0131 ve lezzeti bir arada sunan enfes kebap se\u00e7ene\u011fi.<br data-start=\"98\" data-end=\"101\" \/>\u00d6zel baharatlarla marine edilmi\u015f kuzu ve dana eti, k\u00f6zlenmi\u015f sebzelerle birlikte ta\u015f f\u0131r\u0131nda a\u011f\u0131r ate\u015fte pi\u015firilir. Yan\u0131nda k\u00f6z patl\u0131can, domates ve biber ile servis edilerek doyurucu ve aromatik bir ana yemek deneyimi sunar.<\/p>\n<p data-start=\"328\" data-end=\"476\"><strong data-start=\"328\" data-end=\"350\">Kullan\u0131lan Teknik:<\/strong><br data-start=\"350\" data-end=\"353\" \/>Etler \u00f6zenle marine edilip ta\u015f f\u0131r\u0131nda k\u00f6z sebzelerle birlikte yava\u015f pi\u015firilir. Bu y\u00f6ntemle etler yumu\u015fak ve aromatik olur.<\/p>\n<p data-start=\"478\" data-end=\"516\"><strong data-start=\"478\" data-end=\"499\">Porsiyon Gramaj\u0131:<\/strong><br data-start=\"499\" data-end=\"502\" \/>120 g \/ servis<\/p>\n<p data-start=\"518\" data-end=\"658\"><strong data-start=\"521\" data-end=\"552\">100 g \u0130\u00e7in Besin De\u011ferleri:<\/strong><br data-start=\"552\" data-end=\"555\" \/>Enerji (kcal): 230 kcal<br data-start=\"578\" data-end=\"581\" \/>Karbonhidrat: 6.0 g<br data-start=\"600\" data-end=\"603\" \/>Protein: 19.0 g<br data-start=\"618\" data-end=\"621\" \/>Ya\u011f: 15.0 g<br data-start=\"632\" data-end=\"635\" \/>Lif: 1.5 g<br data-start=\"645\" data-end=\"648\" \/>Tuz: 0.8 g<\/p>\n<p data-start=\"660\" data-end=\"798\">&#x26a0;&#xfe0f; <strong data-start=\"663\" data-end=\"683\">Alerjen Bilgisi:<\/strong><br data-start=\"683\" data-end=\"686\" \/>Bu \u00fcr\u00fcn alerjen i\u00e7ermez. Ancak \u00e7apraz temas riski nedeniyle s\u00fct \u00fcr\u00fcn\u00fc ve gluten i\u00e7eren \u00fcr\u00fcnlerle temas edebilir.<\/p>\n","protected":false},"excerpt":{"rendered":"<p data-start=\"0\" data-end=\"326\"><strong data-start=\"0\" data-end=\"18\">\u00c7iftlik Kebab\u0131<\/strong><br data-start=\"18\" data-end=\"21\" \/>Kuzin mutfa\u011f\u0131ndan, do\u011fall\u0131\u011f\u0131 ve lezzeti bir arada sunan enfes kebap se\u00e7ene\u011fi.<br data-start=\"98\" data-end=\"101\" \/>\u00d6zel baharatlarla marine edilmi\u015f kuzu ve dana eti, k\u00f6zlenmi\u015f sebzelerle birlikte ta\u015f f\u0131r\u0131nda a\u011f\u0131r ate\u015fte pi\u015firilir. Yan\u0131nda k\u00f6z patl\u0131can, domates ve biber ile servis edilerek doyurucu ve aromatik bir ana yemek deneyimi sunar.<\/p>\n<p data-start=\"328\" data-end=\"476\"><strong data-start=\"328\" data-end=\"350\">Kullan\u0131lan Teknik:<\/strong><br data-start=\"350\" data-end=\"353\" \/>Etler \u00f6zenle marine edilip ta\u015f f\u0131r\u0131nda k\u00f6z sebzelerle birlikte yava\u015f pi\u015firilir. Bu y\u00f6ntemle etler yumu\u015fak ve aromatik olur.<\/p>\n<p data-start=\"478\" data-end=\"516\"><strong data-start=\"478\" data-end=\"499\">Porsiyon Gramaj\u0131:<\/strong><br data-start=\"499\" data-end=\"502\" \/>120 g \/ servis<\/p>\n<p data-start=\"518\" data-end=\"658\"><strong data-start=\"521\" data-end=\"552\">100 g \u0130\u00e7in Besin De\u011ferleri:<\/strong><br data-start=\"552\" data-end=\"555\" \/>Enerji (kcal): 230 kcal<br data-start=\"578\" data-end=\"581\" \/>Karbonhidrat: 6.0 g<br data-start=\"600\" data-end=\"603\" \/>Protein: 19.0 g<br data-start=\"618\" data-end=\"621\" \/>Ya\u011f: 15.0 g<br data-start=\"632\" data-end=\"635\" \/>Lif: 1.5 g<br data-start=\"645\" data-end=\"648\" \/>Tuz: 0.8 g<\/p>\n<p data-start=\"660\" data-end=\"798\">&#x26a0;&#xfe0f; <strong data-start=\"663\" data-end=\"683\">Alerjen Bilgisi:<\/strong><br data-start=\"683\" data-end=\"686\" \/>Bu \u00fcr\u00fcn alerjen i\u00e7ermez. Ancak \u00e7apraz temas riski nedeniyle s\u00fct \u00fcr\u00fcn\u00fc ve gluten i\u00e7eren \u00fcr\u00fcnlerle temas edebilir.<\/p>\n","protected":false},"featured_media":2759,"comment_status":"open","ping_status":"closed","template":"","meta":{"pagelayer_contact_templates":[],"_pagelayer_content":""},"product_brand":[],"product_cat":[50],"product_tag":[],"class_list":{"0":"post-2458","1":"product","2":"type-product","3":"status-publish","4":"has-post-thumbnail","6":"product_cat-kuzin-geleneksel","8":"first","9":"instock","10":"shipping-taxable","11":"purchasable","12":"product-type-simple"},"jetpack_sharing_enabled":true,"_links":{"self":[{"href":"https:\/\/qrideamenu.com\/kuzinrestaurant\/wp-json\/wp\/v2\/product\/2458","targetHints":{"allow":["GET"]}}],"collection":[{"href":"https:\/\/qrideamenu.com\/kuzinrestaurant\/wp-json\/wp\/v2\/product"}],"about":[{"href":"https:\/\/qrideamenu.com\/kuzinrestaurant\/wp-json\/wp\/v2\/types\/product"}],"replies":[{"embeddable":true,"href":"https:\/\/qrideamenu.com\/kuzinrestaurant\/wp-json\/wp\/v2\/comments?post=2458"}],"wp:featuredmedia":[{"embeddable":true,"href":"https:\/\/qrideamenu.com\/kuzinrestaurant\/wp-json\/wp\/v2\/media\/2759"}],"wp:attachment":[{"href":"https:\/\/qrideamenu.com\/kuzinrestaurant\/wp-json\/wp\/v2\/media?parent=2458"}],"wp:term":[{"taxonomy":"product_brand","embeddable":true,"href":"https:\/\/qrideamenu.com\/kuzinrestaurant\/wp-json\/wp\/v2\/product_brand?post=2458"},{"taxonomy":"product_cat","embeddable":true,"href":"https:\/\/qrideamenu.com\/kuzinrestaurant\/wp-json\/wp\/v2\/product_cat?post=2458"},{"taxonomy":"product_tag","embeddable":true,"href":"https:\/\/qrideamenu.com\/kuzinrestaurant\/wp-json\/wp\/v2\/product_tag?post=2458"}],"curies":[{"name":"wp","href":"https:\/\/api.w.org\/{rel}","templated":true}]}}