{"id":2470,"date":"2025-07-23T07:53:13","date_gmt":"2025-07-23T07:53:13","guid":{"rendered":"https:\/\/qrideamenu.com\/kuzinrestaurant\/?post_type=product&#038;p=2470"},"modified":"2026-01-01T07:56:32","modified_gmt":"2026-01-01T07:56:32","slug":"karniyarik","status":"publish","type":"product","link":"https:\/\/qrideamenu.com\/kuzinrestaurant\/urun\/karniyarik\/","title":{"rendered":"Karn\u0131yar\u0131k"},"content":{"rendered":"<p data-start=\"0\" data-end=\"310\"><strong data-start=\"0\" data-end=\"14\">Karn\u0131yar\u0131k<\/strong><br data-start=\"14\" data-end=\"17\" \/>Kuzin mutfa\u011f\u0131n\u0131n klasiklerinden, Anadolu&#8217;nun vazge\u00e7ilmez lezzeti.<br data-start=\"82\" data-end=\"85\" \/>K\u00f6zlenmi\u015f patl\u0131canlar\u0131n i\u00e7ine \u00f6zel baharatlarla haz\u0131rlanm\u0131\u015f k\u0131yma harc\u0131 doldurulur ve domates sosuyla f\u0131r\u0131nlan\u0131r. Ta\u015f f\u0131r\u0131nda a\u011f\u0131r ate\u015fte pi\u015firilerek k\u0131yman\u0131n aromas\u0131 patl\u0131canla b\u00fct\u00fcnle\u015fir, sofralara geleneksel bir tat sunar.<\/p>\n<p data-start=\"312\" data-end=\"456\"><strong data-start=\"312\" data-end=\"334\">Kullan\u0131lan Teknik:<\/strong><br data-start=\"334\" data-end=\"337\" \/>Patl\u0131canlar k\u00f6zlenip i\u00e7i a\u00e7\u0131l\u0131r, baharatl\u0131 k\u0131yma harc\u0131 doldurulur ve domates sosu ile kaplanarak ta\u015f f\u0131r\u0131nda pi\u015firilir.<\/p>\n<p data-start=\"458\" data-end=\"496\"><strong data-start=\"458\" data-end=\"479\">Porsiyon Gramaj\u0131:<\/strong><br data-start=\"479\" data-end=\"482\" \/>80 g \/ servis<\/p>\n<p data-start=\"498\" data-end=\"637\"><strong data-start=\"501\" data-end=\"532\">100 g \u0130\u00e7in Besin De\u011ferleri:<\/strong><br data-start=\"532\" data-end=\"535\" \/>Enerji (kcal): 180 kcal<br data-start=\"558\" data-end=\"561\" \/>Karbonhidrat: 9.0 g<br data-start=\"580\" data-end=\"583\" \/>Protein: 14.0 g<br data-start=\"598\" data-end=\"601\" \/>Ya\u011f: 8.5 g<br data-start=\"611\" data-end=\"614\" \/>Lif: 3.2 g<br data-start=\"624\" data-end=\"627\" \/>Tuz: 0.7 g<\/p>\n<p data-start=\"639\" data-end=\"797\">&#x26a0;&#xfe0f; <strong data-start=\"642\" data-end=\"662\">Alerjen Bilgisi:<\/strong><br data-start=\"662\" data-end=\"665\" \/>Bu \u00fcr\u00fcn s\u00fct \u00fcr\u00fcn\u00fc i\u00e7erebilir. Domates sosunda veya servis s\u0131ras\u0131nda s\u00fct \u00fcr\u00fcn\u00fc kullan\u0131labilir, s\u00fct alerjisi olanlar dikkat etmelidir.<\/p>\n","protected":false},"excerpt":{"rendered":"<p data-start=\"0\" data-end=\"310\"><strong data-start=\"0\" data-end=\"14\">Karn\u0131yar\u0131k<\/strong><br data-start=\"14\" data-end=\"17\" \/>Kuzin mutfa\u011f\u0131n\u0131n klasiklerinden, Anadolu&#8217;nun vazge\u00e7ilmez lezzeti.<br data-start=\"82\" data-end=\"85\" \/>K\u00f6zlenmi\u015f patl\u0131canlar\u0131n i\u00e7ine \u00f6zel baharatlarla haz\u0131rlanm\u0131\u015f k\u0131yma harc\u0131 doldurulur ve domates sosuyla f\u0131r\u0131nlan\u0131r. Ta\u015f f\u0131r\u0131nda a\u011f\u0131r ate\u015fte pi\u015firilerek k\u0131yman\u0131n aromas\u0131 patl\u0131canla b\u00fct\u00fcnle\u015fir, sofralara geleneksel bir tat sunar.<\/p>\n<p data-start=\"312\" data-end=\"456\"><strong data-start=\"312\" data-end=\"334\">Kullan\u0131lan Teknik:<\/strong><br data-start=\"334\" data-end=\"337\" \/>Patl\u0131canlar k\u00f6zlenip i\u00e7i a\u00e7\u0131l\u0131r, baharatl\u0131 k\u0131yma harc\u0131 doldurulur ve domates sosu ile kaplanarak ta\u015f f\u0131r\u0131nda pi\u015firilir.<\/p>\n<p data-start=\"458\" data-end=\"496\"><strong data-start=\"458\" data-end=\"479\">Porsiyon Gramaj\u0131:<\/strong><br data-start=\"479\" data-end=\"482\" \/>80 g \/ servis<\/p>\n<p data-start=\"498\" data-end=\"637\"><strong data-start=\"501\" data-end=\"532\">100 g \u0130\u00e7in Besin De\u011ferleri:<\/strong><br data-start=\"532\" data-end=\"535\" \/>Enerji (kcal): 180 kcal<br data-start=\"558\" data-end=\"561\" \/>Karbonhidrat: 9.0 g<br data-start=\"580\" data-end=\"583\" \/>Protein: 14.0 g<br data-start=\"598\" data-end=\"601\" \/>Ya\u011f: 8.5 g<br data-start=\"611\" data-end=\"614\" \/>Lif: 3.2 g<br data-start=\"624\" data-end=\"627\" \/>Tuz: 0.7 g<\/p>\n<p data-start=\"639\" data-end=\"797\">&#x26a0;&#xfe0f; <strong data-start=\"642\" data-end=\"662\">Alerjen Bilgisi:<\/strong><br data-start=\"662\" data-end=\"665\" \/>Bu \u00fcr\u00fcn s\u00fct \u00fcr\u00fcn\u00fc i\u00e7erebilir. Domates sosunda veya servis s\u0131ras\u0131nda s\u00fct \u00fcr\u00fcn\u00fc kullan\u0131labilir, s\u00fct alerjisi olanlar dikkat etmelidir.<\/p>\n","protected":false},"featured_media":2761,"comment_status":"open","ping_status":"closed","template":"","meta":{"pagelayer_contact_templates":[],"_pagelayer_content":""},"product_brand":[],"product_cat":[50],"product_tag":[],"class_list":{"0":"post-2470","1":"product","2":"type-product","3":"status-publish","4":"has-post-thumbnail","6":"product_cat-kuzin-geleneksel","8":"first","9":"instock","10":"shipping-taxable","11":"purchasable","12":"product-type-simple"},"jetpack_sharing_enabled":true,"_links":{"self":[{"href":"https:\/\/qrideamenu.com\/kuzinrestaurant\/wp-json\/wp\/v2\/product\/2470","targetHints":{"allow":["GET"]}}],"collection":[{"href":"https:\/\/qrideamenu.com\/kuzinrestaurant\/wp-json\/wp\/v2\/product"}],"about":[{"href":"https:\/\/qrideamenu.com\/kuzinrestaurant\/wp-json\/wp\/v2\/types\/product"}],"replies":[{"embeddable":true,"href":"https:\/\/qrideamenu.com\/kuzinrestaurant\/wp-json\/wp\/v2\/comments?post=2470"}],"wp:featuredmedia":[{"embeddable":true,"href":"https:\/\/qrideamenu.com\/kuzinrestaurant\/wp-json\/wp\/v2\/media\/2761"}],"wp:attachment":[{"href":"https:\/\/qrideamenu.com\/kuzinrestaurant\/wp-json\/wp\/v2\/media?parent=2470"}],"wp:term":[{"taxonomy":"product_brand","embeddable":true,"href":"https:\/\/qrideamenu.com\/kuzinrestaurant\/wp-json\/wp\/v2\/product_brand?post=2470"},{"taxonomy":"product_cat","embeddable":true,"href":"https:\/\/qrideamenu.com\/kuzinrestaurant\/wp-json\/wp\/v2\/product_cat?post=2470"},{"taxonomy":"product_tag","embeddable":true,"href":"https:\/\/qrideamenu.com\/kuzinrestaurant\/wp-json\/wp\/v2\/product_tag?post=2470"}],"curies":[{"name":"wp","href":"https:\/\/api.w.org\/{rel}","templated":true}]}}