{"id":2477,"date":"2025-07-23T07:55:34","date_gmt":"2025-07-23T07:55:34","guid":{"rendered":"https:\/\/qrideamenu.com\/kuzinrestaurant\/?post_type=product&#038;p=2477"},"modified":"2026-01-01T07:55:08","modified_gmt":"2026-01-01T07:55:08","slug":"musakka","status":"publish","type":"product","link":"https:\/\/qrideamenu.com\/kuzinrestaurant\/urun\/musakka\/","title":{"rendered":"Musakka"},"content":{"rendered":"<article class=\"text-token-text-primary w-full\" dir=\"auto\" data-testid=\"conversation-turn-4\" data-scroll-anchor=\"true\">\n<div class=\"text-base my-auto mx-auto pb-10 [--thread-content-margin:--spacing(4)] @[37rem]:[--thread-content-margin:--spacing(6)] @[72rem]:[--thread-content-margin:--spacing(16)] px-(--thread-content-margin)\">\n<div class=\"[--thread-content-max-width:32rem] @[34rem]:[--thread-content-max-width:40rem] @[64rem]:[--thread-content-max-width:48rem] mx-auto max-w-(--thread-content-max-width) flex-1 group\/turn-messages focus-visible:outline-hidden relative flex w-full min-w-0 flex-col agent-turn\" tabindex=\"-1\">\n<div class=\"flex max-w-full flex-col grow\">\n<div class=\"min-h-8 text-message relative flex w-full flex-col items-end gap-2 text-start break-words whitespace-normal [.text-message+&amp;]:mt-5\" dir=\"auto\" data-message-author-role=\"assistant\" data-message-id=\"141814f1-2b1b-4a1a-8fba-6a542661a82c\" data-message-model-slug=\"gpt-4-1-mini\">\n<div class=\"flex w-full flex-col gap-1 empty:hidden first:pt-[3px]\">\n<div class=\"markdown prose dark:prose-invert w-full break-words dark\">\n<p data-start=\"0\" data-end=\"325\">Musakka<br data-start=\"7\" data-end=\"10\" \/>Kuzin\u2019in Anadolu mutfa\u011f\u0131ndan ilham alan, zeytinya\u011f\u0131nda kat kat \u00f6zenle haz\u0131rlanan klasik bir lezzet. \u0130nce dilimlenmi\u015f patl\u0131canlar ve baharatl\u0131 k\u0131yma, \u00f6zel bahar kar\u0131\u015f\u0131m\u0131yla harmanlanarak f\u0131r\u0131nda a\u011f\u0131r ate\u015fte pi\u015firilir. Kuzin\u2019in kendi yap\u0131m\u0131 domates sosu ile servis edilir, zengin aromas\u0131yla sofralar\u0131n\u0131z\u0131 \u015fenlendirir.<\/p>\n<p data-start=\"327\" data-end=\"479\">Kullan\u0131lan Teknik:<br data-start=\"345\" data-end=\"348\" \/>Katmanlar halinde haz\u0131rlanan musakka, d\u00fc\u015f\u00fck \u0131s\u0131da f\u0131r\u0131nda uzun s\u00fcre pi\u015firilerek malzemelerin aromas\u0131n\u0131n birbirine ge\u00e7mesi sa\u011flan\u0131r.<\/p>\n<p data-start=\"481\" data-end=\"516\">Porsiyon Gramaj\u0131:<br data-start=\"498\" data-end=\"501\" \/>350 gr \/ servis<\/p>\n<p data-start=\"518\" data-end=\"653\">100 g \u0130\u00e7in Besin De\u011ferleri:<br data-start=\"548\" data-end=\"551\" \/>Enerji (kcal): 160 kcal<br data-start=\"574\" data-end=\"577\" \/>Karbonhidrat: 8.0 g<br data-start=\"596\" data-end=\"599\" \/>Protein: 9.5 g<br data-start=\"613\" data-end=\"616\" \/>Ya\u011f: 10.5 g<br data-start=\"627\" data-end=\"630\" \/>Lif: 2.3 g<br data-start=\"640\" data-end=\"643\" \/>Tuz: 0.8 g<\/p>\n<p data-start=\"655\" data-end=\"760\" data-is-last-node=\"\" data-is-only-node=\"\">&#x26a0;&#xfe0f; Alerjen Bilgisi:<br data-start=\"674\" data-end=\"677\" \/>\u00dcr\u00fcn s\u00fct ve s\u00fct \u00fcr\u00fcnleri i\u00e7erir. Laktoz hassasiyeti olan bireyler dikkat etmelidir.<\/p>\n<\/div>\n<\/div>\n<\/div>\n<\/div>\n<div class=\"mx-[var(--mini-thread-content-inset)]\">\n<div class=\"flex min-h-[46px] justify-start\">\n<div class=\"touch:-me-2 touch:-ms-3.5 -ms-2.5 -me-1 flex flex-wrap items-center gap-y-4 p-1 select-none touch:w-[calc(100%+--spacing(3.5))] -mt-1 w-[calc(100%+--spacing(2.5))] duration-[1.5s] focus-within:transition-none hover:transition-none pointer-events-none [mask-image:linear-gradient(to_right,black_33%,transparent_66%)] [mask-size:300%_100%] [mask-position:100%_0%] motion-safe:transition-[mask-position] group-hover\/turn-messages:pointer-events-auto group-hover\/turn-messages:[mask-position:0_0] group-focus-within\/turn-messages:pointer-events-auto group-focus-within\/turn-messages:[mask-position:0_0] has-data-[state=open]:pointer-events-auto has-data-[state=open]:[mask-position:0_0]\"><\/div>\n<\/div>\n<\/div>\n<div class=\"aria-live=polite absolute\">\n<div class=\"flex items-center justify-center\"><span class=\"flex items-center gap-1.5 select-none\"><span class=\"sr-only whitespace-nowrap! md:not-sr-only\">ChatGPT\u2019ye sor<\/span><\/span><\/div>\n<\/div>\n<\/div>\n<\/div>\n<\/article>\n<div class=\"pointer-events-none h-px w-px\" aria-hidden=\"true\" data-edge=\"true\"><\/div>\n","protected":false},"excerpt":{"rendered":"<article class=\"text-token-text-primary w-full\" dir=\"auto\" data-testid=\"conversation-turn-4\" data-scroll-anchor=\"true\">\n<div class=\"text-base my-auto mx-auto pb-10 [--thread-content-margin:--spacing(4)] @[37rem]:[--thread-content-margin:--spacing(6)] @[72rem]:[--thread-content-margin:--spacing(16)] px-(--thread-content-margin)\">\n<div class=\"[--thread-content-max-width:32rem] @[34rem]:[--thread-content-max-width:40rem] @[64rem]:[--thread-content-max-width:48rem] mx-auto max-w-(--thread-content-max-width) flex-1 group\/turn-messages focus-visible:outline-hidden relative flex w-full min-w-0 flex-col agent-turn\" tabindex=\"-1\">\n<div class=\"flex max-w-full flex-col grow\">\n<div class=\"min-h-8 text-message relative flex w-full flex-col items-end gap-2 text-start break-words whitespace-normal [.text-message+&amp;]:mt-5\" dir=\"auto\" data-message-author-role=\"assistant\" data-message-id=\"141814f1-2b1b-4a1a-8fba-6a542661a82c\" data-message-model-slug=\"gpt-4-1-mini\">\n<div class=\"flex w-full flex-col gap-1 empty:hidden first:pt-[3px]\">\n<div class=\"markdown prose dark:prose-invert w-full break-words dark\">\n<p data-start=\"0\" data-end=\"325\">Musakka<br data-start=\"7\" data-end=\"10\" \/>Kuzin\u2019in Anadolu mutfa\u011f\u0131ndan ilham alan, zeytinya\u011f\u0131nda kat kat \u00f6zenle haz\u0131rlanan klasik bir lezzet. \u0130nce dilimlenmi\u015f patl\u0131canlar ve baharatl\u0131 k\u0131yma, \u00f6zel bahar kar\u0131\u015f\u0131m\u0131yla harmanlanarak f\u0131r\u0131nda a\u011f\u0131r ate\u015fte pi\u015firilir. Kuzin\u2019in kendi yap\u0131m\u0131 domates sosu ile servis edilir, zengin aromas\u0131yla sofralar\u0131n\u0131z\u0131 \u015fenlendirir.<\/p>\n<p data-start=\"327\" data-end=\"479\">Kullan\u0131lan Teknik:<br data-start=\"345\" data-end=\"348\" \/>Katmanlar halinde haz\u0131rlanan musakka, d\u00fc\u015f\u00fck \u0131s\u0131da f\u0131r\u0131nda uzun s\u00fcre pi\u015firilerek malzemelerin aromas\u0131n\u0131n birbirine ge\u00e7mesi sa\u011flan\u0131r.<\/p>\n<p data-start=\"481\" data-end=\"516\">Porsiyon Gramaj\u0131:<br data-start=\"498\" data-end=\"501\" \/>350 gr \/ servis<\/p>\n<p data-start=\"518\" data-end=\"653\">100 g \u0130\u00e7in Besin De\u011ferleri:<br data-start=\"548\" data-end=\"551\" \/>Enerji (kcal): 160 kcal<br data-start=\"574\" data-end=\"577\" \/>Karbonhidrat: 8.0 g<br data-start=\"596\" data-end=\"599\" \/>Protein: 9.5 g<br data-start=\"613\" data-end=\"616\" \/>Ya\u011f: 10.5 g<br data-start=\"627\" data-end=\"630\" \/>Lif: 2.3 g<br data-start=\"640\" data-end=\"643\" \/>Tuz: 0.8 g<\/p>\n<p data-start=\"655\" data-end=\"760\" data-is-last-node=\"\" data-is-only-node=\"\">&#x26a0;&#xfe0f; Alerjen Bilgisi:<br data-start=\"674\" data-end=\"677\" \/>\u00dcr\u00fcn s\u00fct ve s\u00fct \u00fcr\u00fcnleri i\u00e7erir. Laktoz hassasiyeti olan bireyler dikkat etmelidir.<\/p>\n<\/div>\n<\/div>\n<\/div>\n<\/div>\n<div class=\"mx-[var(--mini-thread-content-inset)]\">\n<div class=\"flex min-h-[46px] justify-start\">\n<div class=\"touch:-me-2 touch:-ms-3.5 -ms-2.5 -me-1 flex flex-wrap items-center gap-y-4 p-1 select-none touch:w-[calc(100%+--spacing(3.5))] -mt-1 w-[calc(100%+--spacing(2.5))] duration-[1.5s] focus-within:transition-none hover:transition-none pointer-events-none [mask-image:linear-gradient(to_right,black_33%,transparent_66%)] [mask-size:300%_100%] [mask-position:100%_0%] motion-safe:transition-[mask-position] group-hover\/turn-messages:pointer-events-auto group-hover\/turn-messages:[mask-position:0_0] group-focus-within\/turn-messages:pointer-events-auto group-focus-within\/turn-messages:[mask-position:0_0] has-data-[state=open]:pointer-events-auto has-data-[state=open]:[mask-position:0_0]\"><\/div>\n<\/div>\n<\/div>\n<div class=\"aria-live=polite absolute\">\n<div class=\"flex items-center justify-center\"><span class=\"flex items-center gap-1.5 select-none\"><span class=\"sr-only whitespace-nowrap! md:not-sr-only\">ChatGPT\u2019ye sor<\/span><\/span><\/div>\n<\/div>\n<\/div>\n<\/div>\n<\/article>\n<div class=\"pointer-events-none h-px w-px\" aria-hidden=\"true\" data-edge=\"true\"><\/div>\n","protected":false},"featured_media":2762,"comment_status":"open","ping_status":"closed","template":"","meta":{"pagelayer_contact_templates":[],"_pagelayer_content":""},"product_brand":[],"product_cat":[50],"product_tag":[],"class_list":{"0":"post-2477","1":"product","2":"type-product","3":"status-publish","4":"has-post-thumbnail","6":"product_cat-kuzin-geleneksel","8":"first","9":"instock","10":"shipping-taxable","11":"purchasable","12":"product-type-simple"},"jetpack_sharing_enabled":true,"_links":{"self":[{"href":"https:\/\/qrideamenu.com\/kuzinrestaurant\/wp-json\/wp\/v2\/product\/2477","targetHints":{"allow":["GET"]}}],"collection":[{"href":"https:\/\/qrideamenu.com\/kuzinrestaurant\/wp-json\/wp\/v2\/product"}],"about":[{"href":"https:\/\/qrideamenu.com\/kuzinrestaurant\/wp-json\/wp\/v2\/types\/product"}],"replies":[{"embeddable":true,"href":"https:\/\/qrideamenu.com\/kuzinrestaurant\/wp-json\/wp\/v2\/comments?post=2477"}],"wp:featuredmedia":[{"embeddable":true,"href":"https:\/\/qrideamenu.com\/kuzinrestaurant\/wp-json\/wp\/v2\/media\/2762"}],"wp:attachment":[{"href":"https:\/\/qrideamenu.com\/kuzinrestaurant\/wp-json\/wp\/v2\/media?parent=2477"}],"wp:term":[{"taxonomy":"product_brand","embeddable":true,"href":"https:\/\/qrideamenu.com\/kuzinrestaurant\/wp-json\/wp\/v2\/product_brand?post=2477"},{"taxonomy":"product_cat","embeddable":true,"href":"https:\/\/qrideamenu.com\/kuzinrestaurant\/wp-json\/wp\/v2\/product_cat?post=2477"},{"taxonomy":"product_tag","embeddable":true,"href":"https:\/\/qrideamenu.com\/kuzinrestaurant\/wp-json\/wp\/v2\/product_tag?post=2477"}],"curies":[{"name":"wp","href":"https:\/\/api.w.org\/{rel}","templated":true}]}}