{"id":2480,"date":"2025-07-23T07:56:05","date_gmt":"2025-07-23T07:56:05","guid":{"rendered":"https:\/\/qrideamenu.com\/kuzinrestaurant\/?post_type=product&#038;p=2480"},"modified":"2026-01-01T07:54:42","modified_gmt":"2026-01-01T07:54:42","slug":"ispanak","status":"publish","type":"product","link":"https:\/\/qrideamenu.com\/kuzinrestaurant\/urun\/ispanak\/","title":{"rendered":"Ispanak"},"content":{"rendered":"<p data-start=\"0\" data-end=\"249\">Ispanak<br data-start=\"7\" data-end=\"10\" \/>Kuzin mutfa\u011f\u0131n\u0131n taptaze ve sa\u011fl\u0131kl\u0131 se\u00e7ene\u011fi. Yerel taze \u0131spanaklar, \u00f6zel zeytinya\u011f\u0131 ve sar\u0131msakla hafif\u00e7e sotelenir. Do\u011fal limon suyu ve baharatlarla lezzetlendirilen bu yemek, vitamin ve mineral deposu olarak sofralar\u0131n\u0131za sa\u011fl\u0131k katar.<\/p>\n<p data-start=\"251\" data-end=\"354\">Kullan\u0131lan Teknik:<br data-start=\"269\" data-end=\"272\" \/>Ispanak, y\u00fcksek \u0131s\u0131da h\u0131zl\u0131ca sote edilerek taze aromas\u0131n\u0131 ve canl\u0131 rengini korur.<\/p>\n<p data-start=\"356\" data-end=\"391\">Porsiyon Gramaj\u0131:<br data-start=\"373\" data-end=\"376\" \/>200 gr \/ servis<\/p>\n<p data-start=\"393\" data-end=\"526\">100 g \u0130\u00e7in Besin De\u011ferleri:<br data-start=\"423\" data-end=\"426\" \/>Enerji (kcal): 23 kcal<br data-start=\"448\" data-end=\"451\" \/>Karbonhidrat: 3.6 g<br data-start=\"470\" data-end=\"473\" \/>Protein: 2.9 g<br data-start=\"487\" data-end=\"490\" \/>Ya\u011f: 0.4 g<br data-start=\"500\" data-end=\"503\" \/>Lif: 2.2 g<br data-start=\"513\" data-end=\"516\" \/>Tuz: 0.1 g<\/p>\n<p data-start=\"528\" data-end=\"599\" data-is-last-node=\"\" data-is-only-node=\"\">&#x26a0;&#xfe0f; Alerjen Bilgisi:<br data-start=\"547\" data-end=\"550\" \/>\u00dcr\u00fcn alerjen i\u00e7ermez, t\u00fcm bireyler i\u00e7in uygundur.<\/p>\n","protected":false},"excerpt":{"rendered":"<p>Ispanak<br \/>\nKuzin mutfa\u011f\u0131n\u0131n taptaze ve sa\u011fl\u0131kl\u0131 se\u00e7ene\u011fi. Yerel taze \u0131spanaklar, \u00f6zel zeytinya\u011f\u0131 ve sar\u0131msakla hafif\u00e7e sotelenir. Do\u011fal limon suyu ve baharatlarla lezzetlendirilen bu yemek, vitamin ve mineral deposu olarak sofralar\u0131n\u0131za sa\u011fl\u0131k katar.<\/p>\n<p>Kullan\u0131lan Teknik:<br \/>\nIspanak, y\u00fcksek \u0131s\u0131da h\u0131zl\u0131ca sote edilerek taze aromas\u0131n\u0131 ve canl\u0131 rengini korur.<\/p>\n<p>Porsiyon Gramaj\u0131:<br \/>\n200 gr \/ servis<\/p>\n<p>100 g \u0130\u00e7in Besin De\u011ferleri:<br \/>\nEnerji (kcal): 23 kcal<br \/>\nKarbonhidrat: 3.6 g<br \/>\nProtein: 2.9 g<br \/>\nYa\u011f: 0.4 g<br \/>\nLif: 2.2 g<br \/>\nTuz: 0.1 g<\/p>\n<p>Alerjen Bilgisi:<br \/>\n\u00dcr\u00fcn alerjen i\u00e7ermez, t\u00fcm bireyler i\u00e7in uygundur.<\/p>\n","protected":false},"featured_media":2766,"comment_status":"open","ping_status":"closed","template":"","meta":{"pagelayer_contact_templates":[],"_pagelayer_content":""},"product_brand":[],"product_cat":[50],"product_tag":[],"class_list":{"0":"post-2480","1":"product","2":"type-product","3":"status-publish","4":"has-post-thumbnail","6":"product_cat-kuzin-geleneksel","8":"first","9":"instock","10":"shipping-taxable","11":"purchasable","12":"product-type-simple"},"jetpack_sharing_enabled":true,"_links":{"self":[{"href":"https:\/\/qrideamenu.com\/kuzinrestaurant\/wp-json\/wp\/v2\/product\/2480","targetHints":{"allow":["GET"]}}],"collection":[{"href":"https:\/\/qrideamenu.com\/kuzinrestaurant\/wp-json\/wp\/v2\/product"}],"about":[{"href":"https:\/\/qrideamenu.com\/kuzinrestaurant\/wp-json\/wp\/v2\/types\/product"}],"replies":[{"embeddable":true,"href":"https:\/\/qrideamenu.com\/kuzinrestaurant\/wp-json\/wp\/v2\/comments?post=2480"}],"wp:featuredmedia":[{"embeddable":true,"href":"https:\/\/qrideamenu.com\/kuzinrestaurant\/wp-json\/wp\/v2\/media\/2766"}],"wp:attachment":[{"href":"https:\/\/qrideamenu.com\/kuzinrestaurant\/wp-json\/wp\/v2\/media?parent=2480"}],"wp:term":[{"taxonomy":"product_brand","embeddable":true,"href":"https:\/\/qrideamenu.com\/kuzinrestaurant\/wp-json\/wp\/v2\/product_brand?post=2480"},{"taxonomy":"product_cat","embeddable":true,"href":"https:\/\/qrideamenu.com\/kuzinrestaurant\/wp-json\/wp\/v2\/product_cat?post=2480"},{"taxonomy":"product_tag","embeddable":true,"href":"https:\/\/qrideamenu.com\/kuzinrestaurant\/wp-json\/wp\/v2\/product_tag?post=2480"}],"curies":[{"name":"wp","href":"https:\/\/api.w.org\/{rel}","templated":true}]}}