{"id":2483,"date":"2025-07-23T08:00:37","date_gmt":"2025-07-23T08:00:37","guid":{"rendered":"https:\/\/qrideamenu.com\/kuzinrestaurant\/?post_type=product&#038;p=2483"},"modified":"2025-11-12T07:05:05","modified_gmt":"2025-11-12T07:05:05","slug":"ispir-fasulye","status":"publish","type":"product","link":"https:\/\/qrideamenu.com\/kuzinrestaurant\/urun\/ispir-fasulye\/","title":{"rendered":"\u0130spir Fasulye"},"content":{"rendered":"<article class=\"text-token-text-primary w-full\" dir=\"auto\" data-testid=\"conversation-turn-8\" data-scroll-anchor=\"true\">\n<div class=\"text-base my-auto mx-auto pb-10 [--thread-content-margin:--spacing(4)] @[37rem]:[--thread-content-margin:--spacing(6)] @[72rem]:[--thread-content-margin:--spacing(16)] px-(--thread-content-margin)\">\n<div class=\"[--thread-content-max-width:32rem] @[34rem]:[--thread-content-max-width:40rem] @[64rem]:[--thread-content-max-width:48rem] mx-auto max-w-(--thread-content-max-width) flex-1 group\/turn-messages focus-visible:outline-hidden relative flex w-full min-w-0 flex-col agent-turn\" tabindex=\"-1\">\n<div class=\"flex max-w-full flex-col grow\">\n<div class=\"min-h-8 text-message relative flex w-full flex-col items-end gap-2 text-start break-words whitespace-normal [.text-message+&amp;]:mt-5\" dir=\"auto\" data-message-author-role=\"assistant\" data-message-id=\"3ea19610-8db1-4c04-81aa-19a8b9405bb7\" data-message-model-slug=\"gpt-4-1-mini\">\n<div class=\"flex w-full flex-col gap-1 empty:hidden first:pt-[3px]\">\n<div class=\"markdown prose dark:prose-invert w-full break-words dark\">\n<p data-start=\"0\" data-end=\"313\">\u0130spir Fasulye<br data-start=\"13\" data-end=\"16\" \/>Kuzin mutfa\u011f\u0131n\u0131n geleneksel lezzetlerinden biri olan \u0130spir fasulye, \u00f6zenle se\u00e7ilmi\u015f kuru fasulyelerin uzun saatler k\u0131s\u0131k ate\u015fte, domates ve \u00f6zel baharat kar\u0131\u015f\u0131m\u0131 ile pi\u015firilmesiyle haz\u0131rlan\u0131r. Kuzin\u2019in do\u011fal et suyu ve zeytinya\u011f\u0131yla zenginle\u015ftirilen bu yemek, doyurucu ve besleyici bir se\u00e7enektir.<\/p>\n<p data-start=\"315\" data-end=\"464\">Kullan\u0131lan Teknik:<br data-start=\"333\" data-end=\"336\" \/>Fasulyeler, \u00f6nceden suda bekletilip yumu\u015fayana kadar d\u00fc\u015f\u00fck \u0131s\u0131da a\u011f\u0131r a\u011f\u0131r pi\u015firilir, b\u00f6ylece lezzetleri tam olarak i\u00e7ine i\u015fler.<\/p>\n<p data-start=\"466\" data-end=\"501\">Porsiyon Gramaj\u0131:<br data-start=\"483\" data-end=\"486\" \/>300 gr \/ servis<\/p>\n<p data-start=\"503\" data-end=\"638\">100 g \u0130\u00e7in Besin De\u011ferleri:<br data-start=\"533\" data-end=\"536\" \/>Enerji (kcal): 110 kcal<br data-start=\"559\" data-end=\"562\" \/>Karbonhidrat: 20.0 g<br data-start=\"582\" data-end=\"585\" \/>Protein: 7.0 g<br data-start=\"599\" data-end=\"602\" \/>Ya\u011f: 1.5 g<br data-start=\"612\" data-end=\"615\" \/>Lif: 6.0 g<br data-start=\"625\" data-end=\"628\" \/>Tuz: 0.6 g<\/p>\n<p data-start=\"640\" data-end=\"711\" data-is-last-node=\"\" data-is-only-node=\"\">\u26a0\ufe0f Alerjen Bilgisi:<br data-start=\"659\" data-end=\"662\" \/>\u00dcr\u00fcn alerjen i\u00e7ermez, t\u00fcm bireyler i\u00e7in uygundur.<\/p>\n<\/div>\n<\/div>\n<\/div>\n<\/div>\n<div class=\"mx-[var(--mini-thread-content-inset)]\">\n<div class=\"flex min-h-[46px] justify-start\">\n<div class=\"touch:-me-2 touch:-ms-3.5 -ms-2.5 -me-1 flex flex-wrap items-center gap-y-4 p-1 select-none touch:w-[calc(100%+--spacing(3.5))] -mt-1 w-[calc(100%+--spacing(2.5))] duration-[1.5s] focus-within:transition-none hover:transition-none pointer-events-none [mask-image:linear-gradient(to_right,black_33%,transparent_66%)] [mask-size:300%_100%] [mask-position:100%_0%] motion-safe:transition-[mask-position] group-hover\/turn-messages:pointer-events-auto group-hover\/turn-messages:[mask-position:0_0] group-focus-within\/turn-messages:pointer-events-auto group-focus-within\/turn-messages:[mask-position:0_0] has-data-[state=open]:pointer-events-auto has-data-[state=open]:[mask-position:0_0]\"><\/div>\n<\/div>\n<\/div>\n<div class=\"aria-live=polite absolute\">\n<div class=\"flex items-center justify-center\"><span class=\"flex items-center gap-1.5 select-none\"><span class=\"sr-only whitespace-nowrap! md:not-sr-only\">ChatGPT\u2019ye sor<\/span><\/span><\/div>\n<\/div>\n<\/div>\n<\/div>\n<\/article>\n<div class=\"pointer-events-none h-px w-px\" aria-hidden=\"true\" data-edge=\"true\"><\/div>\n","protected":false},"excerpt":{"rendered":"<p>\u0130spir Fasulye<br \/>\nKuzin mutfa\u011f\u0131n\u0131n geleneksel lezzetlerinden biri olan \u0130spir fasulye, \u00f6zenle se\u00e7ilmi\u015f kuru fasulyelerin uzun saatler k\u0131s\u0131k ate\u015fte, domates ve \u00f6zel baharat kar\u0131\u015f\u0131m\u0131 ile pi\u015firilmesiyle haz\u0131rlan\u0131r. Kuzin\u2019in do\u011fal et suyu ve zeytinya\u011f\u0131yla zenginle\u015ftirilen bu yemek, doyurucu ve besleyici bir se\u00e7enektir.<\/p>\n<p>Kullan\u0131lan Teknik:<br \/>\nFasulyeler, \u00f6nceden suda bekletilip yumu\u015fayana kadar d\u00fc\u015f\u00fck \u0131s\u0131da a\u011f\u0131r a\u011f\u0131r pi\u015firilir, b\u00f6ylece lezzetleri tam olarak i\u00e7ine i\u015fler.<\/p>\n<p>Porsiyon Gramaj\u0131:<br \/>\n300 gr \/ servis<\/p>\n<p>100 g \u0130\u00e7in Besin De\u011ferleri:<br \/>\nEnerji (kcal): 110 kcal<br \/>\nKarbonhidrat: 20.0 g<br \/>\nProtein: 7.0 g<br \/>\nYa\u011f: 1.5 g<br \/>\nLif: 6.0 g<br \/>\nTuz: 0.6 g<\/p>\n<p>Alerjen Bilgisi:<br \/>\n\u00dcr\u00fcn alerjen i\u00e7ermez, t\u00fcm bireyler i\u00e7in uygundur.<\/p>\n<p>ChatGPT\u2019ye sor<\/p>\n","protected":false},"featured_media":2767,"comment_status":"open","ping_status":"closed","template":"","meta":{"pagelayer_contact_templates":[],"_pagelayer_content":""},"product_brand":[],"product_cat":[50],"product_tag":[],"class_list":{"0":"post-2483","1":"product","2":"type-product","3":"status-publish","4":"has-post-thumbnail","6":"product_cat-kuzin-geleneksel","8":"first","9":"instock","10":"shipping-taxable","11":"purchasable","12":"product-type-simple"},"jetpack_sharing_enabled":true,"_links":{"self":[{"href":"https:\/\/qrideamenu.com\/kuzinrestaurant\/wp-json\/wp\/v2\/product\/2483","targetHints":{"allow":["GET"]}}],"collection":[{"href":"https:\/\/qrideamenu.com\/kuzinrestaurant\/wp-json\/wp\/v2\/product"}],"about":[{"href":"https:\/\/qrideamenu.com\/kuzinrestaurant\/wp-json\/wp\/v2\/types\/product"}],"replies":[{"embeddable":true,"href":"https:\/\/qrideamenu.com\/kuzinrestaurant\/wp-json\/wp\/v2\/comments?post=2483"}],"wp:featuredmedia":[{"embeddable":true,"href":"https:\/\/qrideamenu.com\/kuzinrestaurant\/wp-json\/wp\/v2\/media\/2767"}],"wp:attachment":[{"href":"https:\/\/qrideamenu.com\/kuzinrestaurant\/wp-json\/wp\/v2\/media?parent=2483"}],"wp:term":[{"taxonomy":"product_brand","embeddable":true,"href":"https:\/\/qrideamenu.com\/kuzinrestaurant\/wp-json\/wp\/v2\/product_brand?post=2483"},{"taxonomy":"product_cat","embeddable":true,"href":"https:\/\/qrideamenu.com\/kuzinrestaurant\/wp-json\/wp\/v2\/product_cat?post=2483"},{"taxonomy":"product_tag","embeddable":true,"href":"https:\/\/qrideamenu.com\/kuzinrestaurant\/wp-json\/wp\/v2\/product_tag?post=2483"}],"curies":[{"name":"wp","href":"https:\/\/api.w.org\/{rel}","templated":true}]}}