{"id":2486,"date":"2025-07-23T08:01:47","date_gmt":"2025-07-23T08:01:47","guid":{"rendered":"https:\/\/qrideamenu.com\/kuzinrestaurant\/?post_type=product&#038;p=2486"},"modified":"2026-01-01T07:54:11","modified_gmt":"2026-01-01T07:54:11","slug":"karisik-dolma-tabagi","status":"publish","type":"product","link":"https:\/\/qrideamenu.com\/kuzinrestaurant\/urun\/karisik-dolma-tabagi\/","title":{"rendered":"Kar\u0131\u015f\u0131k Dolma Taba\u011f\u0131"},"content":{"rendered":"<article class=\"text-token-text-primary w-full\" dir=\"auto\" data-testid=\"conversation-turn-10\" data-scroll-anchor=\"true\">\n<p data-start=\"0\" data-end=\"295\"><strong>Kar\u0131\u015f\u0131k Dolma Taba\u011f\u0131<\/strong><br data-start=\"20\" data-end=\"23\" \/>Kuzin\u2019in zengin Anadolu miras\u0131n\u0131 sofran\u0131za ta\u015f\u0131yan kar\u0131\u015f\u0131k dolma taba\u011f\u0131; \u00f6zenle se\u00e7ilmi\u015f asma yapra\u011f\u0131 sarma, dolgun biber ve kabak dolmalar\u0131ndan olu\u015fur. Her bir dolma, Kuzin\u2019in \u00f6zel baharat kar\u0131\u015f\u0131m\u0131 ve do\u011fal pirinci ile haz\u0131rlan\u0131r, geleneksel y\u00f6ntemlerle lezzetlendirilir.<\/p>\n<p data-start=\"297\" data-end=\"431\"><strong>Kullan\u0131lan Teknik:<\/strong><br data-start=\"315\" data-end=\"318\" \/>Dolmalar, k\u0131s\u0131k ate\u015fte kendi suyunda a\u011f\u0131r a\u011f\u0131r pi\u015firilerek i\u00e7 malzemelerin tam k\u0131vam ve aroma kazanmas\u0131 sa\u011flan\u0131r.<\/p>\n<p data-start=\"433\" data-end=\"468\"><strong>Porsiyon Gramaj\u0131:<\/strong><br data-start=\"450\" data-end=\"453\" \/>400 gr \/ servis<\/p>\n<p data-start=\"470\" data-end=\"605\"><strong>100 g \u0130\u00e7in Besin De\u011ferleri:<\/strong><br data-start=\"500\" data-end=\"503\" \/>Enerji (kcal): 120 kcal<br data-start=\"526\" data-end=\"529\" \/>Karbonhidrat: 18.5 g<br data-start=\"549\" data-end=\"552\" \/>Protein: 3.2 g<br data-start=\"566\" data-end=\"569\" \/>Ya\u011f: 4.5 g<br data-start=\"579\" data-end=\"582\" \/>Lif: 3.7 g<br data-start=\"592\" data-end=\"595\" \/>Tuz: 0.7 g<\/p>\n<p data-start=\"607\" data-end=\"729\" data-is-last-node=\"\" data-is-only-node=\"\">&#x26a0;&#xfe0f;<strong> Alerjen Bilgisi:<\/strong><br data-start=\"626\" data-end=\"629\" \/>\u00dcr\u00fcn gluten ve s\u00fct \u00fcr\u00fcnleri i\u00e7erebilir. Gluten ve laktoz hassasiyeti olan bireyler dikkat etmelidir.<\/p>\n<\/article>\n","protected":false},"excerpt":{"rendered":"<article class=\"text-token-text-primary w-full\" dir=\"auto\" data-testid=\"conversation-turn-10\" data-scroll-anchor=\"true\">\n<p data-start=\"0\" data-end=\"295\"><strong>Kar\u0131\u015f\u0131k Dolma Taba\u011f\u0131<\/strong><br data-start=\"20\" data-end=\"23\" \/>Kuzin\u2019in zengin Anadolu miras\u0131n\u0131 sofran\u0131za ta\u015f\u0131yan kar\u0131\u015f\u0131k dolma taba\u011f\u0131; \u00f6zenle se\u00e7ilmi\u015f asma yapra\u011f\u0131 sarma, dolgun biber ve kabak dolmalar\u0131ndan olu\u015fur. Her bir dolma, Kuzin\u2019in \u00f6zel baharat kar\u0131\u015f\u0131m\u0131 ve do\u011fal pirinci ile haz\u0131rlan\u0131r, geleneksel y\u00f6ntemlerle lezzetlendirilir.<\/p>\n<p data-start=\"297\" data-end=\"431\"><strong>Kullan\u0131lan Teknik:<\/strong><br data-start=\"315\" data-end=\"318\" \/>Dolmalar, k\u0131s\u0131k ate\u015fte kendi suyunda a\u011f\u0131r a\u011f\u0131r pi\u015firilerek i\u00e7 malzemelerin tam k\u0131vam ve aroma kazanmas\u0131 sa\u011flan\u0131r.<\/p>\n<p data-start=\"433\" data-end=\"468\"><strong>Porsiyon Gramaj\u0131:<\/strong><br data-start=\"450\" data-end=\"453\" \/>400 gr \/ servis<\/p>\n<p data-start=\"470\" data-end=\"605\"><strong>100 g \u0130\u00e7in Besin De\u011ferleri:<\/strong><br data-start=\"500\" data-end=\"503\" \/>Enerji (kcal): 120 kcal<br data-start=\"526\" data-end=\"529\" \/>Karbonhidrat: 18.5 g<br data-start=\"549\" data-end=\"552\" \/>Protein: 3.2 g<br data-start=\"566\" data-end=\"569\" \/>Ya\u011f: 4.5 g<br data-start=\"579\" data-end=\"582\" \/>Lif: 3.7 g<br data-start=\"592\" data-end=\"595\" \/>Tuz: 0.7 g<\/p>\n<p data-start=\"607\" data-end=\"729\" data-is-last-node=\"\" data-is-only-node=\"\">&#x26a0;&#xfe0f;<strong> Alerjen Bilgisi:<\/strong><br data-start=\"626\" data-end=\"629\" \/>\u00dcr\u00fcn gluten ve s\u00fct \u00fcr\u00fcnleri i\u00e7erebilir. Gluten ve laktoz hassasiyeti olan bireyler dikkat etmelidir.<\/p>\n<\/article>\n","protected":false},"featured_media":2768,"comment_status":"open","ping_status":"closed","template":"","meta":{"pagelayer_contact_templates":[],"_pagelayer_content":""},"product_brand":[],"product_cat":[50],"product_tag":[],"class_list":{"0":"post-2486","1":"product","2":"type-product","3":"status-publish","4":"has-post-thumbnail","6":"product_cat-kuzin-geleneksel","8":"first","9":"instock","10":"shipping-taxable","11":"purchasable","12":"product-type-simple"},"jetpack_sharing_enabled":true,"_links":{"self":[{"href":"https:\/\/qrideamenu.com\/kuzinrestaurant\/wp-json\/wp\/v2\/product\/2486","targetHints":{"allow":["GET"]}}],"collection":[{"href":"https:\/\/qrideamenu.com\/kuzinrestaurant\/wp-json\/wp\/v2\/product"}],"about":[{"href":"https:\/\/qrideamenu.com\/kuzinrestaurant\/wp-json\/wp\/v2\/types\/product"}],"replies":[{"embeddable":true,"href":"https:\/\/qrideamenu.com\/kuzinrestaurant\/wp-json\/wp\/v2\/comments?post=2486"}],"wp:featuredmedia":[{"embeddable":true,"href":"https:\/\/qrideamenu.com\/kuzinrestaurant\/wp-json\/wp\/v2\/media\/2768"}],"wp:attachment":[{"href":"https:\/\/qrideamenu.com\/kuzinrestaurant\/wp-json\/wp\/v2\/media?parent=2486"}],"wp:term":[{"taxonomy":"product_brand","embeddable":true,"href":"https:\/\/qrideamenu.com\/kuzinrestaurant\/wp-json\/wp\/v2\/product_brand?post=2486"},{"taxonomy":"product_cat","embeddable":true,"href":"https:\/\/qrideamenu.com\/kuzinrestaurant\/wp-json\/wp\/v2\/product_cat?post=2486"},{"taxonomy":"product_tag","embeddable":true,"href":"https:\/\/qrideamenu.com\/kuzinrestaurant\/wp-json\/wp\/v2\/product_tag?post=2486"}],"curies":[{"name":"wp","href":"https:\/\/api.w.org\/{rel}","templated":true}]}}