{"id":2513,"date":"2025-07-23T08:20:07","date_gmt":"2025-07-23T08:20:07","guid":{"rendered":"https:\/\/qrideamenu.com\/kuzinrestaurant\/?post_type=product&#038;p=2513"},"modified":"2026-01-01T07:51:40","modified_gmt":"2026-01-01T07:51:40","slug":"izmir-kofte","status":"publish","type":"product","link":"https:\/\/qrideamenu.com\/kuzinrestaurant\/urun\/izmir-kofte\/","title":{"rendered":"\u0130zmir K\u00f6fte"},"content":{"rendered":"<p data-start=\"0\" data-end=\"371\"><strong data-start=\"0\" data-end=\"15\">\u0130zmir K\u00f6fte<\/strong><br data-start=\"15\" data-end=\"18\" \/>Kuzin\u2019in Ege esintili, f\u0131r\u0131ndan \u00e7\u0131kan nostaljik lezzeti. \u00d6zenle yo\u011frulmu\u015f baharatl\u0131 dana k\u00f6fteleri, iri dilimlenmi\u015f patates, domates ve biber e\u015fli\u011finde f\u0131r\u0131nlan\u0131r. Kuzin\u2019in ev yap\u0131m\u0131 domates sosu ile harmanlanarak klasik \u0130zmir k\u00f6fte tad\u0131, hafifli\u011fi ve doyuruculu\u011fuyla bulu\u015fur. Hem ev yeme\u011fi tad\u0131nda hem de \u015fef dokunu\u015fuyla haz\u0131rlanm\u0131\u015f bir tabakt\u0131r.<\/p>\n<p data-start=\"373\" data-end=\"581\"><strong data-start=\"373\" data-end=\"395\">Kullan\u0131lan Teknik:<\/strong><br data-start=\"395\" data-end=\"398\" \/>K\u00f6fteler \u00f6nceden hafif\u00e7e k\u0131zart\u0131l\u0131r, ard\u0131ndan sebzelerle birlikte f\u0131r\u0131n kab\u0131na al\u0131narak domates sosuyla pi\u015firilir. Bu sayede hem i\u00e7i sulu kal\u0131r hem de t\u00fcm malzemeler sosla b\u00fct\u00fcnle\u015fir.<\/p>\n<p data-start=\"583\" data-end=\"622\"><strong data-start=\"583\" data-end=\"604\">Porsiyon Gramaj\u0131:<\/strong><br data-start=\"604\" data-end=\"607\" \/>120 gr \/ servis<\/p>\n<p data-start=\"624\" data-end=\"765\"><strong data-start=\"624\" data-end=\"658\"> 100 g \u0130\u00e7in Besin De\u011ferleri:<\/strong><br data-start=\"658\" data-end=\"661\" \/>Enerji (kcal): 190 kcal<br data-start=\"684\" data-end=\"687\" \/>Karbonhidrat: 10.0 g<br data-start=\"707\" data-end=\"710\" \/>Protein: 12.5 g<br data-start=\"725\" data-end=\"728\" \/>Ya\u011f: 10.5 g<br data-start=\"739\" data-end=\"742\" \/>Lif: 1.9 g<br data-start=\"752\" data-end=\"755\" \/>Tuz: 0.7 g<\/p>\n<p data-start=\"767\" data-end=\"919\" data-is-last-node=\"\" data-is-only-node=\"\"><strong data-start=\"767\" data-end=\"790\">&#x26a0;&#xfe0f; Alerjen Bilgisi:<\/strong><br data-start=\"790\" data-end=\"793\" \/>\u00dcr\u00fcn gluten i\u00e7erebilir. K\u00f6fte harc\u0131nda ekmek k\u0131r\u0131nt\u0131s\u0131 kullan\u0131lmaktad\u0131r. Gluten hassasiyeti olan bireyler i\u00e7in uygun de\u011fildir.<\/p>\n","protected":false},"excerpt":{"rendered":"<p>\u0130zmir K\u00f6fte<br \/>\nKuzin\u2019in Ege esintili, f\u0131r\u0131ndan \u00e7\u0131kan nostaljik lezzeti. \u00d6zenle yo\u011frulmu\u015f baharatl\u0131 dana k\u00f6fteleri, iri dilimlenmi\u015f patates, domates ve biber e\u015fli\u011finde f\u0131r\u0131nlan\u0131r. Kuzin\u2019in ev yap\u0131m\u0131 domates sosu ile harmanlanarak klasik \u0130zmir k\u00f6fte tad\u0131, hafifli\u011fi ve doyuruculu\u011fuyla bulu\u015fur. Hem ev yeme\u011fi tad\u0131nda hem de \u015fef dokunu\u015fuyla haz\u0131rlanm\u0131\u015f bir tabakt\u0131r.<\/p>\n<p>Kullan\u0131lan Teknik:<br \/>\nK\u00f6fteler \u00f6nceden hafif\u00e7e k\u0131zart\u0131l\u0131r, ard\u0131ndan sebzelerle birlikte f\u0131r\u0131n kab\u0131na al\u0131narak domates sosuyla pi\u015firilir. Bu sayede hem i\u00e7i sulu kal\u0131r hem de t\u00fcm malzemeler sosla b\u00fct\u00fcnle\u015fir.<\/p>\n<p>Porsiyon Gramaj\u0131:<br \/>\n120 gr \/ servis<\/p>\n<p>100 g \u0130\u00e7in Besin De\u011ferleri:<br \/>\nEnerji (kcal): 190 kcal<br \/>\nKarbonhidrat: 10.0 g<br \/>\nProtein: 12.5 g<br \/>\nYa\u011f: 10.5 g<br \/>\nLif: 1.9 g<br \/>\nTuz: 0.7 g<\/p>\n<p>Alerjen Bilgisi:<br \/>\n\u00dcr\u00fcn gluten i\u00e7erebilir. K\u00f6fte harc\u0131nda ekmek k\u0131r\u0131nt\u0131s\u0131 kullan\u0131lmaktad\u0131r. Gluten hassasiyeti olan bireyler i\u00e7in uygun de\u011fildir.<\/p>\n","protected":false},"featured_media":3216,"comment_status":"open","ping_status":"closed","template":"","meta":{"pagelayer_contact_templates":[],"_pagelayer_content":""},"product_brand":[],"product_cat":[50],"product_tag":[],"class_list":{"0":"post-2513","1":"product","2":"type-product","3":"status-publish","4":"has-post-thumbnail","6":"product_cat-kuzin-geleneksel","8":"first","9":"instock","10":"shipping-taxable","11":"purchasable","12":"product-type-simple"},"jetpack_sharing_enabled":true,"_links":{"self":[{"href":"https:\/\/qrideamenu.com\/kuzinrestaurant\/wp-json\/wp\/v2\/product\/2513","targetHints":{"allow":["GET"]}}],"collection":[{"href":"https:\/\/qrideamenu.com\/kuzinrestaurant\/wp-json\/wp\/v2\/product"}],"about":[{"href":"https:\/\/qrideamenu.com\/kuzinrestaurant\/wp-json\/wp\/v2\/types\/product"}],"replies":[{"embeddable":true,"href":"https:\/\/qrideamenu.com\/kuzinrestaurant\/wp-json\/wp\/v2\/comments?post=2513"}],"wp:featuredmedia":[{"embeddable":true,"href":"https:\/\/qrideamenu.com\/kuzinrestaurant\/wp-json\/wp\/v2\/media\/3216"}],"wp:attachment":[{"href":"https:\/\/qrideamenu.com\/kuzinrestaurant\/wp-json\/wp\/v2\/media?parent=2513"}],"wp:term":[{"taxonomy":"product_brand","embeddable":true,"href":"https:\/\/qrideamenu.com\/kuzinrestaurant\/wp-json\/wp\/v2\/product_brand?post=2513"},{"taxonomy":"product_cat","embeddable":true,"href":"https:\/\/qrideamenu.com\/kuzinrestaurant\/wp-json\/wp\/v2\/product_cat?post=2513"},{"taxonomy":"product_tag","embeddable":true,"href":"https:\/\/qrideamenu.com\/kuzinrestaurant\/wp-json\/wp\/v2\/product_tag?post=2513"}],"curies":[{"name":"wp","href":"https:\/\/api.w.org\/{rel}","templated":true}]}}