{"id":2549,"date":"2025-07-20T08:35:51","date_gmt":"2025-07-20T08:35:51","guid":{"rendered":"https:\/\/qrideamenu.com\/kuzinrestaurant\/?post_type=product&#038;p=2549"},"modified":"2025-11-12T06:54:53","modified_gmt":"2025-11-12T06:54:53","slug":"kiymali-pide","status":"publish","type":"product","link":"https:\/\/qrideamenu.com\/kuzinrestaurant\/urun\/kiymali-pide\/","title":{"rendered":"K\u0131ymal\u0131 Pide"},"content":{"rendered":"<p data-start=\"0\" data-end=\"360\"><strong data-start=\"0\" data-end=\"16\">K\u0131ymal\u0131 Pide<\/strong><br data-start=\"16\" data-end=\"19\" \/>Kuzin\u2019in geleneksel hamur i\u015fi lezzetlerinden, k\u0131ymayla zenginle\u015ftirilmi\u015f nefis pide. El yap\u0131m\u0131 ince hamurun \u00fczerine, \u00f6zel baharatlarla harmanlanm\u0131\u015f dana k\u0131ymas\u0131 serilir. F\u0131r\u0131nda ta\u015f f\u0131r\u0131n s\u0131cakl\u0131\u011f\u0131nda pi\u015firilerek \u00e7\u0131t\u0131r \u00e7\u0131t\u0131r d\u0131\u015f y\u00fczeyi ve yumu\u015fak i\u00e7 dokusuyla sunulur. Yan\u0131nda yo\u011furt veya salata ile tamamlanan doyurucu bir se\u00e7enektir.<\/p>\n<p data-start=\"362\" data-end=\"537\"><strong data-start=\"362\" data-end=\"384\">Kullan\u0131lan Teknik:<\/strong><br data-start=\"384\" data-end=\"387\" \/>Hamur \u00f6zel mayalama s\u00fcreciyle haz\u0131rlan\u0131r. K\u0131ymal\u0131 har\u00e7 pide \u00fczerine e\u015fit \u015fekilde yay\u0131l\u0131r ve y\u00fcksek \u0131s\u0131da f\u0131r\u0131nlanarak k\u0131t\u0131r bir d\u0131\u015f y\u00fczey elde edilir.<\/p>\n<p data-start=\"539\" data-end=\"576\"><strong data-start=\"539\" data-end=\"560\">Porsiyon Gramaj\u0131:<\/strong><br data-start=\"560\" data-end=\"563\" \/>150 gr \/ adet<\/p>\n<p data-start=\"578\" data-end=\"718\"><strong data-start=\"578\" data-end=\"612\"> 100 g \u0130\u00e7in Besin De\u011ferleri:<\/strong><br data-start=\"612\" data-end=\"615\" \/>Enerji (kcal): 260 kcal<br data-start=\"638\" data-end=\"641\" \/>Karbonhidrat: 35.0 g<br data-start=\"661\" data-end=\"664\" \/>Protein: 12.0 g<br data-start=\"679\" data-end=\"682\" \/>Ya\u011f: 7.5 g<br data-start=\"692\" data-end=\"695\" \/>Lif: 2.0 g<br data-start=\"705\" data-end=\"708\" \/>Tuz: 1.0 g<\/p>\n<p data-start=\"720\" data-end=\"853\" data-is-last-node=\"\" data-is-only-node=\"\"><strong data-start=\"720\" data-end=\"743\">\u26a0\ufe0f Alerjen Bilgisi:<\/strong><br data-start=\"743\" data-end=\"746\" \/>\u00dcr\u00fcn gluten i\u00e7erir. Hamurunda kullan\u0131lan un nedeniyle gluten hassasiyeti olan bireyler i\u00e7in uygun de\u011fildir.<\/p>\n","protected":false},"excerpt":{"rendered":"<p data-start=\"0\" data-end=\"360\"><strong data-start=\"0\" data-end=\"16\">K\u0131ymal\u0131 Pide<\/strong><br data-start=\"16\" data-end=\"19\" \/>Kuzin\u2019in geleneksel hamur i\u015fi lezzetlerinden, k\u0131ymayla zenginle\u015ftirilmi\u015f nefis pide. El yap\u0131m\u0131 ince hamurun \u00fczerine, \u00f6zel baharatlarla harmanlanm\u0131\u015f dana k\u0131ymas\u0131 serilir. F\u0131r\u0131nda ta\u015f f\u0131r\u0131n s\u0131cakl\u0131\u011f\u0131nda pi\u015firilerek \u00e7\u0131t\u0131r \u00e7\u0131t\u0131r d\u0131\u015f y\u00fczeyi ve yumu\u015fak i\u00e7 dokusuyla sunulur. Yan\u0131nda yo\u011furt veya salata ile tamamlanan doyurucu bir se\u00e7enektir.<\/p>\n<p data-start=\"362\" data-end=\"537\"><strong data-start=\"362\" data-end=\"384\">Kullan\u0131lan Teknik:<\/strong><br data-start=\"384\" data-end=\"387\" \/>Hamur \u00f6zel mayalama s\u00fcreciyle haz\u0131rlan\u0131r. K\u0131ymal\u0131 har\u00e7 pide \u00fczerine e\u015fit \u015fekilde yay\u0131l\u0131r ve y\u00fcksek \u0131s\u0131da f\u0131r\u0131nlanarak k\u0131t\u0131r bir d\u0131\u015f y\u00fczey elde edilir.<\/p>\n<p data-start=\"539\" data-end=\"576\"><strong data-start=\"539\" data-end=\"560\">Porsiyon Gramaj\u0131:<\/strong><br data-start=\"560\" data-end=\"563\" \/>150 gr \/ adet<\/p>\n<p data-start=\"578\" data-end=\"718\"><strong data-start=\"578\" data-end=\"612\"> 100 g \u0130\u00e7in Besin De\u011ferleri:<\/strong><br data-start=\"612\" data-end=\"615\" \/>Enerji (kcal): 260 kcal<br data-start=\"638\" data-end=\"641\" \/>Karbonhidrat: 35.0 g<br data-start=\"661\" data-end=\"664\" \/>Protein: 12.0 g<br data-start=\"679\" data-end=\"682\" \/>Ya\u011f: 7.5 g<br data-start=\"692\" data-end=\"695\" \/>Lif: 2.0 g<br data-start=\"705\" data-end=\"708\" \/>Tuz: 1.0 g<\/p>\n<p data-start=\"720\" data-end=\"853\" data-is-last-node=\"\" data-is-only-node=\"\"><strong data-start=\"720\" data-end=\"743\">\u26a0\ufe0f Alerjen Bilgisi:<\/strong><br data-start=\"743\" data-end=\"746\" \/>\u00dcr\u00fcn gluten i\u00e7erir. Hamurunda kullan\u0131lan un nedeniyle gluten hassasiyeti olan bireyler i\u00e7in uygun de\u011fildir.<\/p>\n","protected":false},"featured_media":2750,"comment_status":"open","ping_status":"closed","template":"","meta":{"pagelayer_contact_templates":[],"_pagelayer_content":""},"product_brand":[],"product_cat":[52],"product_tag":[],"class_list":{"0":"post-2549","1":"product","2":"type-product","3":"status-publish","4":"has-post-thumbnail","6":"product_cat-firin-urunleri","8":"first","9":"instock","10":"shipping-taxable","11":"purchasable","12":"product-type-simple"},"jetpack_sharing_enabled":true,"_links":{"self":[{"href":"https:\/\/qrideamenu.com\/kuzinrestaurant\/wp-json\/wp\/v2\/product\/2549","targetHints":{"allow":["GET"]}}],"collection":[{"href":"https:\/\/qrideamenu.com\/kuzinrestaurant\/wp-json\/wp\/v2\/product"}],"about":[{"href":"https:\/\/qrideamenu.com\/kuzinrestaurant\/wp-json\/wp\/v2\/types\/product"}],"replies":[{"embeddable":true,"href":"https:\/\/qrideamenu.com\/kuzinrestaurant\/wp-json\/wp\/v2\/comments?post=2549"}],"wp:featuredmedia":[{"embeddable":true,"href":"https:\/\/qrideamenu.com\/kuzinrestaurant\/wp-json\/wp\/v2\/media\/2750"}],"wp:attachment":[{"href":"https:\/\/qrideamenu.com\/kuzinrestaurant\/wp-json\/wp\/v2\/media?parent=2549"}],"wp:term":[{"taxonomy":"product_brand","embeddable":true,"href":"https:\/\/qrideamenu.com\/kuzinrestaurant\/wp-json\/wp\/v2\/product_brand?post=2549"},{"taxonomy":"product_cat","embeddable":true,"href":"https:\/\/qrideamenu.com\/kuzinrestaurant\/wp-json\/wp\/v2\/product_cat?post=2549"},{"taxonomy":"product_tag","embeddable":true,"href":"https:\/\/qrideamenu.com\/kuzinrestaurant\/wp-json\/wp\/v2\/product_tag?post=2549"}],"curies":[{"name":"wp","href":"https:\/\/api.w.org\/{rel}","templated":true}]}}