{"id":2552,"date":"2025-07-20T08:36:48","date_gmt":"2025-07-20T08:36:48","guid":{"rendered":"https:\/\/qrideamenu.com\/kuzinrestaurant\/?post_type=product&#038;p=2552"},"modified":"2025-11-12T06:54:37","modified_gmt":"2025-11-12T06:54:37","slug":"kusbasili-pide","status":"publish","type":"product","link":"https:\/\/qrideamenu.com\/kuzinrestaurant\/urun\/kusbasili-pide\/","title":{"rendered":"Ku\u015fba\u015f\u0131l\u0131 Pide"},"content":{"rendered":"<p data-start=\"0\" data-end=\"322\"><strong data-start=\"0\" data-end=\"18\">Ku\u015fba\u015f\u0131l\u0131 Pide<\/strong><br data-start=\"18\" data-end=\"21\" \/>Kuzin\u2019in ince hamuru ve zengin i\u00e7 harc\u0131yla haz\u0131rlanan klasik lezzeti. El yap\u0131m\u0131 ince pide hamuru, \u00f6zenle marine edilmi\u015f ku\u015fba\u015f\u0131 etlerle doldurulur. Ta\u015f f\u0131r\u0131nda pi\u015firilerek d\u0131\u015f\u0131 \u00e7\u0131t\u0131r, i\u00e7i yumu\u015fak kalacak \u015fekilde haz\u0131rlan\u0131r. Yan\u0131nda yo\u011furt veya salata ile servis edilerek doyurucu bir \u00f6\u011f\u00fcn sunar.<\/p>\n<p data-start=\"324\" data-end=\"482\"><strong data-start=\"324\" data-end=\"346\">Kullan\u0131lan Teknik:<\/strong><br data-start=\"346\" data-end=\"349\" \/>Hamur \u00f6zel mayalama s\u00fcrecinden ge\u00e7er. Ku\u015fba\u015f\u0131 etler, baharatlarla marine edilip pideye serilir ve y\u00fcksek \u0131s\u0131da ta\u015f f\u0131r\u0131nda pi\u015firilir.<\/p>\n<p data-start=\"484\" data-end=\"521\"><strong data-start=\"484\" data-end=\"505\">Porsiyon Gramaj\u0131:<\/strong><br data-start=\"505\" data-end=\"508\" \/>180 gr \/ adet<\/p>\n<p data-start=\"523\" data-end=\"663\"><strong data-start=\"523\" data-end=\"557\"> 100 g \u0130\u00e7in Besin De\u011ferleri:<\/strong><br data-start=\"557\" data-end=\"560\" \/>Enerji (kcal): 255 kcal<br data-start=\"583\" data-end=\"586\" \/>Karbonhidrat: 32.0 g<br data-start=\"606\" data-end=\"609\" \/>Protein: 14.0 g<br data-start=\"624\" data-end=\"627\" \/>Ya\u011f: 8.0 g<br data-start=\"637\" data-end=\"640\" \/>Lif: 1.8 g<br data-start=\"650\" data-end=\"653\" \/>Tuz: 0.9 g<\/p>\n<p data-start=\"665\" data-end=\"798\" data-is-last-node=\"\" data-is-only-node=\"\"><strong data-start=\"665\" data-end=\"688\">\u26a0\ufe0f Alerjen Bilgisi:<\/strong><br data-start=\"688\" data-end=\"691\" \/>\u00dcr\u00fcn gluten i\u00e7erir. Hamurunda kullan\u0131lan un nedeniyle gluten hassasiyeti olan bireyler i\u00e7in uygun de\u011fildir.<\/p>\n","protected":false},"excerpt":{"rendered":"<p data-start=\"0\" data-end=\"322\"><strong data-start=\"0\" data-end=\"18\">Ku\u015fba\u015f\u0131l\u0131 Pide<\/strong><br data-start=\"18\" data-end=\"21\" \/>Kuzin\u2019in ince hamuru ve zengin i\u00e7 harc\u0131yla haz\u0131rlanan klasik lezzeti. El yap\u0131m\u0131 ince pide hamuru, \u00f6zenle marine edilmi\u015f ku\u015fba\u015f\u0131 etlerle doldurulur. Ta\u015f f\u0131r\u0131nda pi\u015firilerek d\u0131\u015f\u0131 \u00e7\u0131t\u0131r, i\u00e7i yumu\u015fak kalacak \u015fekilde haz\u0131rlan\u0131r. Yan\u0131nda yo\u011furt veya salata ile servis edilerek doyurucu bir \u00f6\u011f\u00fcn sunar.<\/p>\n<p data-start=\"324\" data-end=\"482\"><strong data-start=\"324\" data-end=\"346\">Kullan\u0131lan Teknik:<\/strong><br data-start=\"346\" data-end=\"349\" \/>Hamur \u00f6zel mayalama s\u00fcrecinden ge\u00e7er. Ku\u015fba\u015f\u0131 etler, baharatlarla marine edilip pideye serilir ve y\u00fcksek \u0131s\u0131da ta\u015f f\u0131r\u0131nda pi\u015firilir.<\/p>\n<p data-start=\"484\" data-end=\"521\"><strong data-start=\"484\" data-end=\"505\">Porsiyon Gramaj\u0131:<\/strong><br data-start=\"505\" data-end=\"508\" \/>180 gr \/ adet<\/p>\n<p data-start=\"523\" data-end=\"663\"><strong data-start=\"523\" data-end=\"557\"> 100 g \u0130\u00e7in Besin De\u011ferleri:<\/strong><br data-start=\"557\" data-end=\"560\" \/>Enerji (kcal): 255 kcal<br data-start=\"583\" data-end=\"586\" \/>Karbonhidrat: 32.0 g<br data-start=\"606\" data-end=\"609\" \/>Protein: 14.0 g<br data-start=\"624\" data-end=\"627\" \/>Ya\u011f: 8.0 g<br data-start=\"637\" data-end=\"640\" \/>Lif: 1.8 g<br data-start=\"650\" data-end=\"653\" \/>Tuz: 0.9 g<\/p>\n<p data-start=\"665\" data-end=\"798\" data-is-last-node=\"\" data-is-only-node=\"\"><strong data-start=\"665\" data-end=\"688\">\u26a0\ufe0f Alerjen Bilgisi:<\/strong><br data-start=\"688\" data-end=\"691\" \/>\u00dcr\u00fcn gluten i\u00e7erir. Hamurunda kullan\u0131lan un nedeniyle gluten hassasiyeti olan bireyler i\u00e7in uygun de\u011fildir.<\/p>\n","protected":false},"featured_media":2751,"comment_status":"open","ping_status":"closed","template":"","meta":{"pagelayer_contact_templates":[],"_pagelayer_content":""},"product_brand":[],"product_cat":[52],"product_tag":[],"class_list":{"0":"post-2552","1":"product","2":"type-product","3":"status-publish","4":"has-post-thumbnail","6":"product_cat-firin-urunleri","8":"first","9":"instock","10":"shipping-taxable","11":"purchasable","12":"product-type-simple"},"jetpack_sharing_enabled":true,"_links":{"self":[{"href":"https:\/\/qrideamenu.com\/kuzinrestaurant\/wp-json\/wp\/v2\/product\/2552","targetHints":{"allow":["GET"]}}],"collection":[{"href":"https:\/\/qrideamenu.com\/kuzinrestaurant\/wp-json\/wp\/v2\/product"}],"about":[{"href":"https:\/\/qrideamenu.com\/kuzinrestaurant\/wp-json\/wp\/v2\/types\/product"}],"replies":[{"embeddable":true,"href":"https:\/\/qrideamenu.com\/kuzinrestaurant\/wp-json\/wp\/v2\/comments?post=2552"}],"wp:featuredmedia":[{"embeddable":true,"href":"https:\/\/qrideamenu.com\/kuzinrestaurant\/wp-json\/wp\/v2\/media\/2751"}],"wp:attachment":[{"href":"https:\/\/qrideamenu.com\/kuzinrestaurant\/wp-json\/wp\/v2\/media?parent=2552"}],"wp:term":[{"taxonomy":"product_brand","embeddable":true,"href":"https:\/\/qrideamenu.com\/kuzinrestaurant\/wp-json\/wp\/v2\/product_brand?post=2552"},{"taxonomy":"product_cat","embeddable":true,"href":"https:\/\/qrideamenu.com\/kuzinrestaurant\/wp-json\/wp\/v2\/product_cat?post=2552"},{"taxonomy":"product_tag","embeddable":true,"href":"https:\/\/qrideamenu.com\/kuzinrestaurant\/wp-json\/wp\/v2\/product_tag?post=2552"}],"curies":[{"name":"wp","href":"https:\/\/api.w.org\/{rel}","templated":true}]}}