{"id":2555,"date":"2025-07-20T08:37:28","date_gmt":"2025-07-20T08:37:28","guid":{"rendered":"https:\/\/qrideamenu.com\/kuzinrestaurant\/?post_type=product&#038;p=2555"},"modified":"2025-11-12T06:54:26","modified_gmt":"2025-11-12T06:54:26","slug":"kasarli-pide","status":"publish","type":"product","link":"https:\/\/qrideamenu.com\/kuzinrestaurant\/urun\/kasarli-pide\/","title":{"rendered":"Ka\u015farl\u0131 Pide"},"content":{"rendered":"<article class=\"text-token-text-primary w-full\" dir=\"auto\" data-testid=\"conversation-turn-60\" data-scroll-anchor=\"true\">\n<div class=\"text-base my-auto mx-auto pb-10 [--thread-content-margin:--spacing(4)] @[37rem]:[--thread-content-margin:--spacing(6)] @[72rem]:[--thread-content-margin:--spacing(16)] px-(--thread-content-margin)\">\n<div class=\"[--thread-content-max-width:32rem] @[34rem]:[--thread-content-max-width:40rem] @[64rem]:[--thread-content-max-width:48rem] mx-auto max-w-(--thread-content-max-width) flex-1 group\/turn-messages focus-visible:outline-hidden relative flex w-full min-w-0 flex-col agent-turn\" tabindex=\"-1\">\n<div class=\"flex max-w-full flex-col grow\">\n<div class=\"min-h-8 text-message relative flex w-full flex-col items-end gap-2 text-start break-words whitespace-normal [.text-message+&amp;]:mt-5\" dir=\"auto\" data-message-author-role=\"assistant\" data-message-id=\"4c726f06-9d84-4a1e-bc55-f3a510457787\" data-message-model-slug=\"gpt-4-1-mini\">\n<div class=\"flex w-full flex-col gap-1 empty:hidden first:pt-[3px]\">\n<div class=\"markdown prose dark:prose-invert w-full break-words dark\">\n<p data-start=\"0\" data-end=\"337\"><strong data-start=\"0\" data-end=\"16\">Ka\u015farl\u0131 Pide<\/strong><br data-start=\"16\" data-end=\"19\" \/>Kuzin\u2019in yumu\u015fak hamuru ve bol ka\u015far peyniriyle haz\u0131rlanan klasik pide lezzeti. El yap\u0131m\u0131 ince pide hamuru \u00fczerine bol miktarda rendelenmi\u015f ka\u015far peyniri serilir ve ta\u015f f\u0131r\u0131nda pi\u015firilir. Peynirin eriyip hafif k\u0131zard\u0131\u011f\u0131, d\u0131\u015f\u0131 \u00e7\u0131t\u0131r i\u00e7i yumu\u015fak pide, kahvalt\u0131dan ak\u015fam yeme\u011fine kadar her \u00f6\u011f\u00fcnde keyifle t\u00fcketilir.<\/p>\n<p data-start=\"339\" data-end=\"471\"><strong data-start=\"339\" data-end=\"361\">Kullan\u0131lan Teknik:<\/strong><br data-start=\"361\" data-end=\"364\" \/>Hamur \u00f6zel mayalama ile haz\u0131rlan\u0131r. \u00dczerine bol ka\u015far peyniri serilerek y\u00fcksek \u0131s\u0131da ta\u015f f\u0131r\u0131nda pi\u015firilir.<\/p>\n<p data-start=\"473\" data-end=\"510\"><strong data-start=\"473\" data-end=\"494\">Porsiyon Gramaj\u0131:<\/strong><br data-start=\"494\" data-end=\"497\" \/>180 gr \/ adet<\/p>\n<p data-start=\"512\" data-end=\"653\"><strong data-start=\"512\" data-end=\"546\"> 100 g \u0130\u00e7in Besin De\u011ferleri:<\/strong><br data-start=\"546\" data-end=\"549\" \/>Enerji (kcal): 280 kcal<br data-start=\"572\" data-end=\"575\" \/>Karbonhidrat: 30.0 g<br data-start=\"595\" data-end=\"598\" \/>Protein: 12.0 g<br data-start=\"613\" data-end=\"616\" \/>Ya\u011f: 12.0 g<br data-start=\"627\" data-end=\"630\" \/>Lif: 1.5 g<br data-start=\"640\" data-end=\"643\" \/>Tuz: 1.0 g<\/p>\n<p data-start=\"655\" data-end=\"780\" data-is-last-node=\"\" data-is-only-node=\"\"><strong data-start=\"655\" data-end=\"678\">\u26a0\ufe0f Alerjen Bilgisi:<\/strong><br data-start=\"678\" data-end=\"681\" \/>\u00dcr\u00fcn gluten ve s\u00fct \u00fcr\u00fcnleri i\u00e7erir. Gluten ve laktoz hassasiyeti olan bireyler i\u00e7in uygun de\u011fildir.<\/p>\n<\/div>\n<\/div>\n<\/div>\n<\/div>\n<div class=\"mx-[var(--mini-thread-content-inset)]\">\n<div class=\"flex min-h-[46px] justify-start\">\n<div class=\"touch:-me-2 touch:-ms-3.5 -ms-2.5 -me-1 flex flex-wrap items-center gap-y-4 p-1 select-none touch:w-[calc(100%+--spacing(3.5))] -mt-1 w-[calc(100%+--spacing(2.5))] duration-[1.5s] focus-within:transition-none hover:transition-none pointer-events-none [mask-image:linear-gradient(to_right,black_33%,transparent_66%)] [mask-size:300%_100%] [mask-position:100%_0%] motion-safe:transition-[mask-position] group-hover\/turn-messages:pointer-events-auto group-hover\/turn-messages:[mask-position:0_0] group-focus-within\/turn-messages:pointer-events-auto group-focus-within\/turn-messages:[mask-position:0_0] has-data-[state=open]:pointer-events-auto has-data-[state=open]:[mask-position:0_0]\"><\/div>\n<\/div>\n<\/div>\n<div class=\"aria-live=polite absolute\">\n<div class=\"flex items-center justify-center\"><span class=\"flex items-center gap-1.5 select-none\"><span class=\"sr-only whitespace-nowrap! md:not-sr-only\">ChatGPT\u2019ye sor<\/span><\/span><\/div>\n<\/div>\n<\/div>\n<\/div>\n<\/article>\n<div class=\"pointer-events-none h-px w-px\" aria-hidden=\"true\" data-edge=\"true\"><\/div>\n","protected":false},"excerpt":{"rendered":"<article class=\"text-token-text-primary w-full\" dir=\"auto\" data-testid=\"conversation-turn-60\" data-scroll-anchor=\"true\">\n<div class=\"text-base my-auto mx-auto pb-10 [--thread-content-margin:--spacing(4)] @[37rem]:[--thread-content-margin:--spacing(6)] @[72rem]:[--thread-content-margin:--spacing(16)] px-(--thread-content-margin)\">\n<div class=\"[--thread-content-max-width:32rem] @[34rem]:[--thread-content-max-width:40rem] @[64rem]:[--thread-content-max-width:48rem] mx-auto max-w-(--thread-content-max-width) flex-1 group\/turn-messages focus-visible:outline-hidden relative flex w-full min-w-0 flex-col agent-turn\" tabindex=\"-1\">\n<div class=\"flex max-w-full flex-col grow\">\n<div class=\"min-h-8 text-message relative flex w-full flex-col items-end gap-2 text-start break-words whitespace-normal [.text-message+&amp;]:mt-5\" dir=\"auto\" data-message-author-role=\"assistant\" data-message-id=\"4c726f06-9d84-4a1e-bc55-f3a510457787\" data-message-model-slug=\"gpt-4-1-mini\">\n<div class=\"flex w-full flex-col gap-1 empty:hidden first:pt-[3px]\">\n<div class=\"markdown prose dark:prose-invert w-full break-words dark\">\n<p data-start=\"0\" data-end=\"337\"><strong data-start=\"0\" data-end=\"16\">Ka\u015farl\u0131 Pide<\/strong><br data-start=\"16\" data-end=\"19\" \/>Kuzin\u2019in yumu\u015fak hamuru ve bol ka\u015far peyniriyle haz\u0131rlanan klasik pide lezzeti. El yap\u0131m\u0131 ince pide hamuru \u00fczerine bol miktarda rendelenmi\u015f ka\u015far peyniri serilir ve ta\u015f f\u0131r\u0131nda pi\u015firilir. Peynirin eriyip hafif k\u0131zard\u0131\u011f\u0131, d\u0131\u015f\u0131 \u00e7\u0131t\u0131r i\u00e7i yumu\u015fak pide, kahvalt\u0131dan ak\u015fam yeme\u011fine kadar her \u00f6\u011f\u00fcnde keyifle t\u00fcketilir.<\/p>\n<p data-start=\"339\" data-end=\"471\"><strong data-start=\"339\" data-end=\"361\">Kullan\u0131lan Teknik:<\/strong><br data-start=\"361\" data-end=\"364\" \/>Hamur \u00f6zel mayalama ile haz\u0131rlan\u0131r. \u00dczerine bol ka\u015far peyniri serilerek y\u00fcksek \u0131s\u0131da ta\u015f f\u0131r\u0131nda pi\u015firilir.<\/p>\n<p data-start=\"473\" data-end=\"510\"><strong data-start=\"473\" data-end=\"494\">Porsiyon Gramaj\u0131:<\/strong><br data-start=\"494\" data-end=\"497\" \/>180 gr \/ adet<\/p>\n<p data-start=\"512\" data-end=\"653\"><strong data-start=\"512\" data-end=\"546\"> 100 g \u0130\u00e7in Besin De\u011ferleri:<\/strong><br data-start=\"546\" data-end=\"549\" \/>Enerji (kcal): 280 kcal<br data-start=\"572\" data-end=\"575\" \/>Karbonhidrat: 30.0 g<br data-start=\"595\" data-end=\"598\" \/>Protein: 12.0 g<br data-start=\"613\" data-end=\"616\" \/>Ya\u011f: 12.0 g<br data-start=\"627\" data-end=\"630\" \/>Lif: 1.5 g<br data-start=\"640\" data-end=\"643\" \/>Tuz: 1.0 g<\/p>\n<p data-start=\"655\" data-end=\"780\" data-is-last-node=\"\" data-is-only-node=\"\"><strong data-start=\"655\" data-end=\"678\">\u26a0\ufe0f Alerjen Bilgisi:<\/strong><br data-start=\"678\" data-end=\"681\" \/>\u00dcr\u00fcn gluten ve s\u00fct \u00fcr\u00fcnleri i\u00e7erir. Gluten ve laktoz hassasiyeti olan bireyler i\u00e7in uygun de\u011fildir.<\/p>\n<\/div>\n<\/div>\n<\/div>\n<\/div>\n<div class=\"mx-[var(--mini-thread-content-inset)]\">\n<div class=\"flex min-h-[46px] justify-start\">\n<div class=\"touch:-me-2 touch:-ms-3.5 -ms-2.5 -me-1 flex flex-wrap items-center gap-y-4 p-1 select-none touch:w-[calc(100%+--spacing(3.5))] -mt-1 w-[calc(100%+--spacing(2.5))] duration-[1.5s] focus-within:transition-none hover:transition-none pointer-events-none [mask-image:linear-gradient(to_right,black_33%,transparent_66%)] [mask-size:300%_100%] [mask-position:100%_0%] motion-safe:transition-[mask-position] group-hover\/turn-messages:pointer-events-auto group-hover\/turn-messages:[mask-position:0_0] group-focus-within\/turn-messages:pointer-events-auto group-focus-within\/turn-messages:[mask-position:0_0] has-data-[state=open]:pointer-events-auto has-data-[state=open]:[mask-position:0_0]\"><\/div>\n<\/div>\n<\/div>\n<div class=\"aria-live=polite absolute\">\n<div class=\"flex items-center justify-center\"><span class=\"flex items-center gap-1.5 select-none\"><span class=\"sr-only whitespace-nowrap! md:not-sr-only\">ChatGPT\u2019ye sor<\/span><\/span><\/div>\n<\/div>\n<\/div>\n<\/div>\n<\/article>\n<div class=\"pointer-events-none h-px w-px\" aria-hidden=\"true\" data-edge=\"true\"><\/div>\n","protected":false},"featured_media":2790,"comment_status":"open","ping_status":"closed","template":"","meta":{"pagelayer_contact_templates":[],"_pagelayer_content":""},"product_brand":[],"product_cat":[52],"product_tag":[],"class_list":{"0":"post-2555","1":"product","2":"type-product","3":"status-publish","4":"has-post-thumbnail","6":"product_cat-firin-urunleri","8":"first","9":"instock","10":"shipping-taxable","11":"purchasable","12":"product-type-simple"},"jetpack_sharing_enabled":true,"_links":{"self":[{"href":"https:\/\/qrideamenu.com\/kuzinrestaurant\/wp-json\/wp\/v2\/product\/2555","targetHints":{"allow":["GET"]}}],"collection":[{"href":"https:\/\/qrideamenu.com\/kuzinrestaurant\/wp-json\/wp\/v2\/product"}],"about":[{"href":"https:\/\/qrideamenu.com\/kuzinrestaurant\/wp-json\/wp\/v2\/types\/product"}],"replies":[{"embeddable":true,"href":"https:\/\/qrideamenu.com\/kuzinrestaurant\/wp-json\/wp\/v2\/comments?post=2555"}],"wp:featuredmedia":[{"embeddable":true,"href":"https:\/\/qrideamenu.com\/kuzinrestaurant\/wp-json\/wp\/v2\/media\/2790"}],"wp:attachment":[{"href":"https:\/\/qrideamenu.com\/kuzinrestaurant\/wp-json\/wp\/v2\/media?parent=2555"}],"wp:term":[{"taxonomy":"product_brand","embeddable":true,"href":"https:\/\/qrideamenu.com\/kuzinrestaurant\/wp-json\/wp\/v2\/product_brand?post=2555"},{"taxonomy":"product_cat","embeddable":true,"href":"https:\/\/qrideamenu.com\/kuzinrestaurant\/wp-json\/wp\/v2\/product_cat?post=2555"},{"taxonomy":"product_tag","embeddable":true,"href":"https:\/\/qrideamenu.com\/kuzinrestaurant\/wp-json\/wp\/v2\/product_tag?post=2555"}],"curies":[{"name":"wp","href":"https:\/\/api.w.org\/{rel}","templated":true}]}}