{"id":2558,"date":"2025-07-20T08:38:38","date_gmt":"2025-07-20T08:38:38","guid":{"rendered":"https:\/\/qrideamenu.com\/kuzinrestaurant\/?post_type=product&#038;p=2558"},"modified":"2025-11-12T06:54:07","modified_gmt":"2025-11-12T06:54:07","slug":"karisik-pide","status":"publish","type":"product","link":"https:\/\/qrideamenu.com\/kuzinrestaurant\/urun\/karisik-pide\/","title":{"rendered":"Kar\u0131\u015f\u0131k Pide"},"content":{"rendered":"<h6 class=\"sr-only\"><strong style=\"color: #333333; font-family: Georgia, 'Times New Roman', 'Bitstream Charter', Times, serif; font-size: 16px;\" data-start=\"0\" data-end=\"16\">Kar\u0131\u015f\u0131k Pide<\/strong><\/h6>\n<div class=\"text-base my-auto mx-auto pb-10 [--thread-content-margin:--spacing(4)] @[37rem]:[--thread-content-margin:--spacing(6)] @[72rem]:[--thread-content-margin:--spacing(16)] px-(--thread-content-margin)\">\n<div class=\"[--thread-content-max-width:32rem] @[34rem]:[--thread-content-max-width:40rem] @[64rem]:[--thread-content-max-width:48rem] mx-auto max-w-(--thread-content-max-width) flex-1 group\/turn-messages focus-visible:outline-hidden relative flex w-full min-w-0 flex-col agent-turn\" tabindex=\"-1\">\n<div class=\"flex max-w-full flex-col grow\">\n<div class=\"min-h-8 text-message relative flex w-full flex-col items-end gap-2 text-start break-words whitespace-normal [.text-message+&amp;]:mt-5\" dir=\"auto\" data-message-author-role=\"assistant\" data-message-id=\"9eb38d81-4e84-41dc-ab69-fd55509bb5f4\" data-message-model-slug=\"gpt-4-1-mini\">\n<div class=\"flex w-full flex-col gap-1 empty:hidden first:pt-[3px]\">\n<div class=\"markdown prose dark:prose-invert w-full break-words dark\">\n<p data-start=\"0\" data-end=\"330\">Kuzin\u2019in en sevilen i\u00e7 har\u00e7lar\u0131n\u0131n bir arada bulu\u015ftu\u011fu doyurucu pide. El yap\u0131m\u0131 ince hamurun \u00fczerine k\u0131yma, ku\u015fba\u015f\u0131 et, ka\u015far peyniri ve sebzeler \u00f6zenle serilir. Ta\u015f f\u0131r\u0131nda pi\u015firilerek \u00e7\u0131t\u0131r d\u0131\u015f y\u00fczey ve zengin i\u00e7 dolgusuyla servis edilir. Hem et hem peynir sevenler i\u00e7in ideal, dengeli bir lezzet sunar.<\/p>\n<p data-start=\"332\" data-end=\"484\"><strong data-start=\"332\" data-end=\"354\">Kullan\u0131lan Teknik:<\/strong><br data-start=\"354\" data-end=\"357\" \/>Hamur \u00f6zel mayalama s\u00fcreciyle haz\u0131rlan\u0131r. Kar\u0131\u015f\u0131k i\u00e7 har\u00e7 pideye e\u015fit \u015fekilde yerle\u015ftirilip y\u00fcksek \u0131s\u0131da ta\u015f f\u0131r\u0131nda pi\u015firilir.<\/p>\n<p data-start=\"486\" data-end=\"523\"><strong data-start=\"486\" data-end=\"507\">Porsiyon Gramaj\u0131:<\/strong><br data-start=\"507\" data-end=\"510\" \/>180 gr \/ adet<\/p>\n<p data-start=\"525\" data-end=\"666\"><strong data-start=\"525\" data-end=\"559\"> 100 g \u0130\u00e7in Besin De\u011ferleri:<\/strong><br data-start=\"559\" data-end=\"562\" \/>Enerji (kcal): 270 kcal<br data-start=\"585\" data-end=\"588\" \/>Karbonhidrat: 32.0 g<br data-start=\"608\" data-end=\"611\" \/>Protein: 14.0 g<br data-start=\"626\" data-end=\"629\" \/>Ya\u011f: 10.0 g<br data-start=\"640\" data-end=\"643\" \/>Lif: 1.7 g<br data-start=\"653\" data-end=\"656\" \/>Tuz: 1.0 g<\/p>\n<p data-start=\"668\" data-end=\"790\" data-is-last-node=\"\" data-is-only-node=\"\"><strong data-start=\"668\" data-end=\"691\">\u26a0\ufe0f Alerjen Bilgisi:<\/strong><br data-start=\"691\" data-end=\"694\" \/>\u00dcr\u00fcn gluten ve s\u00fct \u00fcr\u00fcnleri i\u00e7erir. Gluten ve laktoz hassasiyeti olan bireyler dikkat etmelidir.<\/p>\n<\/div>\n<\/div>\n<\/div>\n<\/div>\n<\/div>\n<\/div>\n","protected":false},"excerpt":{"rendered":"<p>Kar\u0131\u015f\u0131k Pide<\/p>\n<p>Kuzin\u2019in en sevilen i\u00e7 har\u00e7lar\u0131n\u0131n bir arada bulu\u015ftu\u011fu doyurucu pide. El yap\u0131m\u0131 ince hamurun \u00fczerine k\u0131yma, ku\u015fba\u015f\u0131 et, ka\u015far peyniri ve sebzeler \u00f6zenle serilir. Ta\u015f f\u0131r\u0131nda pi\u015firilerek \u00e7\u0131t\u0131r d\u0131\u015f y\u00fczey ve zengin i\u00e7 dolgusuyla servis edilir. Hem et hem peynir sevenler i\u00e7in ideal, dengeli bir lezzet sunar.<\/p>\n<p>Kullan\u0131lan Teknik:<br \/>\nHamur \u00f6zel mayalama s\u00fcreciyle haz\u0131rlan\u0131r. Kar\u0131\u015f\u0131k i\u00e7 har\u00e7 pideye e\u015fit \u015fekilde yerle\u015ftirilip y\u00fcksek \u0131s\u0131da ta\u015f f\u0131r\u0131nda pi\u015firilir.<\/p>\n<p>Porsiyon Gramaj\u0131:<br \/>\n180 gr \/ adet<\/p>\n<p>100 g \u0130\u00e7in Besin De\u011ferleri:<br \/>\nEnerji (kcal): 270 kcal<br \/>\nKarbonhidrat: 32.0 g<br \/>\nProtein: 14.0 g<br \/>\nYa\u011f: 10.0 g<br \/>\nLif: 1.7 g<br \/>\nTuz: 1.0 g<\/p>\n<p>Alerjen Bilgisi:<br \/>\n\u00dcr\u00fcn gluten ve s\u00fct \u00fcr\u00fcnleri i\u00e7erir. Gluten ve laktoz hassasiyeti olan bireyler dikkat etmelidir.<\/p>\n","protected":false},"featured_media":2793,"comment_status":"open","ping_status":"closed","template":"","meta":{"pagelayer_contact_templates":[],"_pagelayer_content":""},"product_brand":[],"product_cat":[52],"product_tag":[],"class_list":{"0":"post-2558","1":"product","2":"type-product","3":"status-publish","4":"has-post-thumbnail","6":"product_cat-firin-urunleri","8":"first","9":"instock","10":"shipping-taxable","11":"purchasable","12":"product-type-simple"},"jetpack_sharing_enabled":true,"_links":{"self":[{"href":"https:\/\/qrideamenu.com\/kuzinrestaurant\/wp-json\/wp\/v2\/product\/2558","targetHints":{"allow":["GET"]}}],"collection":[{"href":"https:\/\/qrideamenu.com\/kuzinrestaurant\/wp-json\/wp\/v2\/product"}],"about":[{"href":"https:\/\/qrideamenu.com\/kuzinrestaurant\/wp-json\/wp\/v2\/types\/product"}],"replies":[{"embeddable":true,"href":"https:\/\/qrideamenu.com\/kuzinrestaurant\/wp-json\/wp\/v2\/comments?post=2558"}],"wp:featuredmedia":[{"embeddable":true,"href":"https:\/\/qrideamenu.com\/kuzinrestaurant\/wp-json\/wp\/v2\/media\/2793"}],"wp:attachment":[{"href":"https:\/\/qrideamenu.com\/kuzinrestaurant\/wp-json\/wp\/v2\/media?parent=2558"}],"wp:term":[{"taxonomy":"product_brand","embeddable":true,"href":"https:\/\/qrideamenu.com\/kuzinrestaurant\/wp-json\/wp\/v2\/product_brand?post=2558"},{"taxonomy":"product_cat","embeddable":true,"href":"https:\/\/qrideamenu.com\/kuzinrestaurant\/wp-json\/wp\/v2\/product_cat?post=2558"},{"taxonomy":"product_tag","embeddable":true,"href":"https:\/\/qrideamenu.com\/kuzinrestaurant\/wp-json\/wp\/v2\/product_tag?post=2558"}],"curies":[{"name":"wp","href":"https:\/\/api.w.org\/{rel}","templated":true}]}}