{"id":2570,"date":"2025-07-16T09:04:34","date_gmt":"2025-07-16T09:04:34","guid":{"rendered":"https:\/\/qrideamenu.com\/kuzinrestaurant\/?post_type=product&#038;p=2570"},"modified":"2026-01-01T08:11:59","modified_gmt":"2026-01-01T08:11:59","slug":"sutlac","status":"publish","type":"product","link":"https:\/\/qrideamenu.com\/kuzinrestaurant\/urun\/sutlac\/","title":{"rendered":"F\u0131r\u0131n S\u00fctla\u00e7"},"content":{"rendered":"<p data-start=\"0\" data-end=\"347\"><strong data-start=\"0\" data-end=\"16\">F\u0131r\u0131n S\u00fctla\u00e7<\/strong><br data-start=\"16\" data-end=\"19\" \/>Kuzin\u2019in geleneksel s\u00fctlac\u0131n\u0131 modern dokunu\u015fla ta\u00e7land\u0131rd\u0131\u011f\u0131 f\u0131r\u0131n s\u00fctla\u00e7. Pirin\u00e7 ve taze s\u00fct, uzun s\u00fcre yava\u015f ate\u015fte pi\u015firilir. \u00dczerine serpi\u015ftirilen toz \u015feker ile ta\u015f f\u0131r\u0131nda hafif\u00e7e k\u0131zart\u0131larak, karamelize ve \u00e7\u0131t\u0131r bir \u00fcst tabaka olu\u015fturulur. Kremams\u0131 i\u00e7 dokusu ve k\u0131t\u0131r \u00fcst y\u00fczeyiyle dengeli bir tatl\u0131 deneyimi sunar.<\/p>\n<p data-start=\"349\" data-end=\"484\"><strong data-start=\"349\" data-end=\"371\">Kullan\u0131lan Teknik:<\/strong><br data-start=\"371\" data-end=\"374\" \/>S\u00fct ve pirin\u00e7 yava\u015f pi\u015firilir, ard\u0131ndan \u00fczeri toz \u015fekerle kaplan\u0131p ta\u015f f\u0131r\u0131nda f\u0131r\u0131nlanarak karamelize edilir.<\/p>\n<p data-start=\"486\" data-end=\"525\"><strong data-start=\"486\" data-end=\"507\">Porsiyon Gramaj\u0131:<\/strong><br data-start=\"507\" data-end=\"510\" \/>180 gr \/ servis<\/p>\n<p data-start=\"527\" data-end=\"664\"><strong data-start=\"527\" data-end=\"561\"> 100 g \u0130\u00e7in Besin De\u011ferleri:<\/strong><br data-start=\"561\" data-end=\"564\" \/>Enerji (kcal): 140 kcal<br data-start=\"587\" data-end=\"590\" \/>Karbonhidrat: 24.0 g<br data-start=\"610\" data-end=\"613\" \/>Protein: 4.0 g<br data-start=\"627\" data-end=\"630\" \/>Ya\u011f: 2.5 g<br data-start=\"640\" data-end=\"643\" \/>Lif: 0 g<br data-start=\"651\" data-end=\"654\" \/>Tuz: 0.1 g<\/p>\n<p data-start=\"666\" data-end=\"759\" data-is-last-node=\"\" data-is-only-node=\"\"><strong data-start=\"666\" data-end=\"689\">&#x26a0;&#xfe0f; Alerjen Bilgisi:<\/strong><br data-start=\"689\" data-end=\"692\" \/>\u00dcr\u00fcn s\u00fct i\u00e7erir. Laktoz hassasiyeti olan bireyler dikkat etmelidir.<\/p>\n","protected":false},"excerpt":{"rendered":"<p data-start=\"0\" data-end=\"347\"><strong data-start=\"0\" data-end=\"16\">F\u0131r\u0131n S\u00fctla\u00e7<\/strong><br data-start=\"16\" data-end=\"19\" \/>Kuzin\u2019in geleneksel s\u00fctlac\u0131n\u0131 modern dokunu\u015fla ta\u00e7land\u0131rd\u0131\u011f\u0131 f\u0131r\u0131n s\u00fctla\u00e7. Pirin\u00e7 ve taze s\u00fct, uzun s\u00fcre yava\u015f ate\u015fte pi\u015firilir. \u00dczerine serpi\u015ftirilen toz \u015feker ile ta\u015f f\u0131r\u0131nda hafif\u00e7e k\u0131zart\u0131larak, karamelize ve \u00e7\u0131t\u0131r bir \u00fcst tabaka olu\u015fturulur. Kremams\u0131 i\u00e7 dokusu ve k\u0131t\u0131r \u00fcst y\u00fczeyiyle dengeli bir tatl\u0131 deneyimi sunar.<\/p>\n<p data-start=\"349\" data-end=\"484\"><strong data-start=\"349\" data-end=\"371\">Kullan\u0131lan Teknik:<\/strong><br data-start=\"371\" data-end=\"374\" \/>S\u00fct ve pirin\u00e7 yava\u015f pi\u015firilir, ard\u0131ndan \u00fczeri toz \u015fekerle kaplan\u0131p ta\u015f f\u0131r\u0131nda f\u0131r\u0131nlanarak karamelize edilir.<\/p>\n<p data-start=\"486\" data-end=\"525\"><strong data-start=\"486\" data-end=\"507\">Porsiyon Gramaj\u0131:<\/strong><br data-start=\"507\" data-end=\"510\" \/>180 gr \/ servis<\/p>\n<p data-start=\"527\" data-end=\"664\"><strong data-start=\"527\" data-end=\"561\"> 100 g \u0130\u00e7in Besin De\u011ferleri:<\/strong><br data-start=\"561\" data-end=\"564\" \/>Enerji (kcal): 140 kcal<br data-start=\"587\" data-end=\"590\" \/>Karbonhidrat: 24.0 g<br data-start=\"610\" data-end=\"613\" \/>Protein: 4.0 g<br data-start=\"627\" data-end=\"630\" \/>Ya\u011f: 2.5 g<br data-start=\"640\" data-end=\"643\" \/>Lif: 0 g<br data-start=\"651\" data-end=\"654\" \/>Tuz: 0.1 g<\/p>\n<p data-start=\"666\" data-end=\"759\" data-is-last-node=\"\" data-is-only-node=\"\"><strong data-start=\"666\" data-end=\"689\">&#x26a0;&#xfe0f; Alerjen Bilgisi:<\/strong><br data-start=\"689\" data-end=\"692\" \/>\u00dcr\u00fcn s\u00fct i\u00e7erir. Laktoz hassasiyeti olan bireyler dikkat etmelidir.<\/p>\n","protected":false},"featured_media":2795,"comment_status":"open","ping_status":"closed","template":"","meta":{"pagelayer_contact_templates":[],"_pagelayer_content":""},"product_brand":[],"product_cat":[53],"product_tag":[],"class_list":{"0":"post-2570","1":"product","2":"type-product","3":"status-publish","4":"has-post-thumbnail","6":"product_cat-tatlilar","8":"first","9":"instock","10":"shipping-taxable","11":"purchasable","12":"product-type-simple"},"jetpack_sharing_enabled":true,"_links":{"self":[{"href":"https:\/\/qrideamenu.com\/kuzinrestaurant\/wp-json\/wp\/v2\/product\/2570","targetHints":{"allow":["GET"]}}],"collection":[{"href":"https:\/\/qrideamenu.com\/kuzinrestaurant\/wp-json\/wp\/v2\/product"}],"about":[{"href":"https:\/\/qrideamenu.com\/kuzinrestaurant\/wp-json\/wp\/v2\/types\/product"}],"replies":[{"embeddable":true,"href":"https:\/\/qrideamenu.com\/kuzinrestaurant\/wp-json\/wp\/v2\/comments?post=2570"}],"wp:featuredmedia":[{"embeddable":true,"href":"https:\/\/qrideamenu.com\/kuzinrestaurant\/wp-json\/wp\/v2\/media\/2795"}],"wp:attachment":[{"href":"https:\/\/qrideamenu.com\/kuzinrestaurant\/wp-json\/wp\/v2\/media?parent=2570"}],"wp:term":[{"taxonomy":"product_brand","embeddable":true,"href":"https:\/\/qrideamenu.com\/kuzinrestaurant\/wp-json\/wp\/v2\/product_brand?post=2570"},{"taxonomy":"product_cat","embeddable":true,"href":"https:\/\/qrideamenu.com\/kuzinrestaurant\/wp-json\/wp\/v2\/product_cat?post=2570"},{"taxonomy":"product_tag","embeddable":true,"href":"https:\/\/qrideamenu.com\/kuzinrestaurant\/wp-json\/wp\/v2\/product_tag?post=2570"}],"curies":[{"name":"wp","href":"https:\/\/api.w.org\/{rel}","templated":true}]}}