{"id":2573,"date":"2025-07-16T09:06:58","date_gmt":"2025-07-16T09:06:58","guid":{"rendered":"https:\/\/qrideamenu.com\/kuzinrestaurant\/?post_type=product&#038;p=2573"},"modified":"2026-01-01T08:11:48","modified_gmt":"2026-01-01T08:11:48","slug":"kazandibi","status":"publish","type":"product","link":"https:\/\/qrideamenu.com\/kuzinrestaurant\/urun\/kazandibi\/","title":{"rendered":"Kazandibi"},"content":{"rendered":"<p data-start=\"0\" data-end=\"340\"><strong data-start=\"0\" data-end=\"13\">Kazandibi<\/strong><br data-start=\"13\" data-end=\"16\" \/>Kuzin\u2019in geleneksel tatl\u0131lar\u0131ndan, caramelize edilmi\u015f s\u00fct bazl\u0131 e\u015fsiz lezzet. S\u00fct, pirin\u00e7 unu ve toz \u015fekerle haz\u0131rlanan kar\u0131\u015f\u0131m, kal\u0131n bir tabaka halinde tavada pi\u015firilir. Alt y\u00fczeyi kontroll\u00fc \u015fekilde karamelize edilerek, hafif \u00e7\u0131t\u0131r ve kahverengi bir doku kazan\u0131r. S\u00fctl\u00fc tatl\u0131 sevenler i\u00e7in klasik ve \u00f6zel bir tercih.<\/p>\n<p data-start=\"342\" data-end=\"483\"><strong data-start=\"342\" data-end=\"364\">Kullan\u0131lan Teknik:<\/strong><br data-start=\"364\" data-end=\"367\" \/>S\u00fctl\u00fc kar\u0131\u015f\u0131m tavada k\u0131s\u0131k ate\u015fte pi\u015firilir, alt y\u00fczey karamelize edilerek tatl\u0131ya e\u015fsiz aroma ve doku kazand\u0131r\u0131l\u0131r.<\/p>\n<p data-start=\"485\" data-end=\"524\"><strong data-start=\"485\" data-end=\"506\">Porsiyon Gramaj\u0131:<\/strong><br data-start=\"506\" data-end=\"509\" \/>150 gr \/ servis<\/p>\n<p data-start=\"526\" data-end=\"663\"><strong data-start=\"526\" data-end=\"560\"> 100 g \u0130\u00e7in Besin De\u011ferleri:<\/strong><br data-start=\"560\" data-end=\"563\" \/>Enerji (kcal): 180 kcal<br data-start=\"586\" data-end=\"589\" \/>Karbonhidrat: 30.0 g<br data-start=\"609\" data-end=\"612\" \/>Protein: 5.0 g<br data-start=\"626\" data-end=\"629\" \/>Ya\u011f: 4.0 g<br data-start=\"639\" data-end=\"642\" \/>Lif: 0 g<br data-start=\"650\" data-end=\"653\" \/>Tuz: 0.1 g<\/p>\n<p data-start=\"665\" data-end=\"758\" data-is-last-node=\"\" data-is-only-node=\"\"><strong data-start=\"665\" data-end=\"688\">&#x26a0;&#xfe0f; Alerjen Bilgisi:<\/strong><br data-start=\"688\" data-end=\"691\" \/>\u00dcr\u00fcn s\u00fct i\u00e7erir. Laktoz hassasiyeti olan bireyler dikkat etmelidir.<\/p>\n","protected":false},"excerpt":{"rendered":"<p data-start=\"0\" data-end=\"340\"><strong data-start=\"0\" data-end=\"13\">Kazandibi<\/strong><br data-start=\"13\" data-end=\"16\" \/>Kuzin\u2019in geleneksel tatl\u0131lar\u0131ndan, caramelize edilmi\u015f s\u00fct bazl\u0131 e\u015fsiz lezzet. S\u00fct, pirin\u00e7 unu ve toz \u015fekerle haz\u0131rlanan kar\u0131\u015f\u0131m, kal\u0131n bir tabaka halinde tavada pi\u015firilir. Alt y\u00fczeyi kontroll\u00fc \u015fekilde karamelize edilerek, hafif \u00e7\u0131t\u0131r ve kahverengi bir doku kazan\u0131r. S\u00fctl\u00fc tatl\u0131 sevenler i\u00e7in klasik ve \u00f6zel bir tercih.<\/p>\n<p data-start=\"342\" data-end=\"483\"><strong data-start=\"342\" data-end=\"364\">Kullan\u0131lan Teknik:<\/strong><br data-start=\"364\" data-end=\"367\" \/>S\u00fctl\u00fc kar\u0131\u015f\u0131m tavada k\u0131s\u0131k ate\u015fte pi\u015firilir, alt y\u00fczey karamelize edilerek tatl\u0131ya e\u015fsiz aroma ve doku kazand\u0131r\u0131l\u0131r.<\/p>\n<p data-start=\"485\" data-end=\"524\"><strong data-start=\"485\" data-end=\"506\">Porsiyon Gramaj\u0131:<\/strong><br data-start=\"506\" data-end=\"509\" \/>150 gr \/ servis<\/p>\n<p data-start=\"526\" data-end=\"663\"><strong data-start=\"526\" data-end=\"560\"> 100 g \u0130\u00e7in Besin De\u011ferleri:<\/strong><br data-start=\"560\" data-end=\"563\" \/>Enerji (kcal): 180 kcal<br data-start=\"586\" data-end=\"589\" \/>Karbonhidrat: 30.0 g<br data-start=\"609\" data-end=\"612\" \/>Protein: 5.0 g<br data-start=\"626\" data-end=\"629\" \/>Ya\u011f: 4.0 g<br data-start=\"639\" data-end=\"642\" \/>Lif: 0 g<br data-start=\"650\" data-end=\"653\" \/>Tuz: 0.1 g<\/p>\n<p data-start=\"665\" data-end=\"758\" data-is-last-node=\"\" data-is-only-node=\"\"><strong data-start=\"665\" data-end=\"688\">&#x26a0;&#xfe0f; Alerjen Bilgisi:<\/strong><br data-start=\"688\" data-end=\"691\" \/>\u00dcr\u00fcn s\u00fct i\u00e7erir. Laktoz hassasiyeti olan bireyler dikkat etmelidir.<\/p>\n","protected":false},"featured_media":2796,"comment_status":"open","ping_status":"closed","template":"","meta":{"pagelayer_contact_templates":[],"_pagelayer_content":""},"product_brand":[],"product_cat":[53],"product_tag":[],"class_list":{"0":"post-2573","1":"product","2":"type-product","3":"status-publish","4":"has-post-thumbnail","6":"product_cat-tatlilar","8":"first","9":"instock","10":"shipping-taxable","11":"purchasable","12":"product-type-simple"},"jetpack_sharing_enabled":true,"_links":{"self":[{"href":"https:\/\/qrideamenu.com\/kuzinrestaurant\/wp-json\/wp\/v2\/product\/2573","targetHints":{"allow":["GET"]}}],"collection":[{"href":"https:\/\/qrideamenu.com\/kuzinrestaurant\/wp-json\/wp\/v2\/product"}],"about":[{"href":"https:\/\/qrideamenu.com\/kuzinrestaurant\/wp-json\/wp\/v2\/types\/product"}],"replies":[{"embeddable":true,"href":"https:\/\/qrideamenu.com\/kuzinrestaurant\/wp-json\/wp\/v2\/comments?post=2573"}],"wp:featuredmedia":[{"embeddable":true,"href":"https:\/\/qrideamenu.com\/kuzinrestaurant\/wp-json\/wp\/v2\/media\/2796"}],"wp:attachment":[{"href":"https:\/\/qrideamenu.com\/kuzinrestaurant\/wp-json\/wp\/v2\/media?parent=2573"}],"wp:term":[{"taxonomy":"product_brand","embeddable":true,"href":"https:\/\/qrideamenu.com\/kuzinrestaurant\/wp-json\/wp\/v2\/product_brand?post=2573"},{"taxonomy":"product_cat","embeddable":true,"href":"https:\/\/qrideamenu.com\/kuzinrestaurant\/wp-json\/wp\/v2\/product_cat?post=2573"},{"taxonomy":"product_tag","embeddable":true,"href":"https:\/\/qrideamenu.com\/kuzinrestaurant\/wp-json\/wp\/v2\/product_tag?post=2573"}],"curies":[{"name":"wp","href":"https:\/\/api.w.org\/{rel}","templated":true}]}}