{"id":2576,"date":"2025-07-16T09:10:12","date_gmt":"2025-07-16T09:10:12","guid":{"rendered":"https:\/\/qrideamenu.com\/kuzinrestaurant\/?post_type=product&#038;p=2576"},"modified":"2026-01-01T08:11:36","modified_gmt":"2026-01-01T08:11:36","slug":"kadayif","status":"publish","type":"product","link":"https:\/\/qrideamenu.com\/kuzinrestaurant\/urun\/kadayif\/","title":{"rendered":"Kaday\u0131f"},"content":{"rendered":"<p data-start=\"0\" data-end=\"302\"><strong data-start=\"0\" data-end=\"11\">Kaday\u0131f<\/strong><br data-start=\"11\" data-end=\"14\" \/>Kuzin\u2019in \u00e7\u0131t\u0131r \u00e7\u0131t\u0131r tel kaday\u0131f\u0131, geleneksel \u015ferbetle bulu\u015fuyor. \u0130nce tel kaday\u0131f, tereya\u011f\u0131 ile k\u0131zart\u0131l\u0131r ve bol ceviz i\u00e7iyle doldurulur. \u00dczerine s\u0131cak \u015ferbet d\u00f6k\u00fclerek tatland\u0131r\u0131l\u0131r. S\u0131cak servis edilen bu tatl\u0131, \u00e7\u0131t\u0131rl\u0131\u011f\u0131 ve tatl\u0131 dengesiyle damaklarda unutulmaz bir iz b\u0131rak\u0131r.<\/p>\n<p data-start=\"304\" data-end=\"431\"><strong data-start=\"304\" data-end=\"326\">Kullan\u0131lan Teknik:<\/strong><br data-start=\"326\" data-end=\"329\" \/>Kaday\u0131f tereya\u011f\u0131nda \u00e7\u0131t\u0131r \u00e7\u0131t\u0131r k\u0131zart\u0131l\u0131r, ard\u0131ndan cevizle doldurulup, s\u0131cak \u015ferbetle tatland\u0131r\u0131l\u0131r.<\/p>\n<p data-start=\"433\" data-end=\"472\"><strong data-start=\"433\" data-end=\"454\">Porsiyon Gramaj\u0131:<\/strong><br data-start=\"454\" data-end=\"457\" \/>180 gr \/ servis<\/p>\n<p data-start=\"474\" data-end=\"614\"><strong data-start=\"474\" data-end=\"508\"> 100 g \u0130\u00e7in Besin De\u011ferleri:<\/strong><br data-start=\"508\" data-end=\"511\" \/>Enerji (kcal): 350 kcal<br data-start=\"534\" data-end=\"537\" \/>Karbonhidrat: 45.0 g<br data-start=\"557\" data-end=\"560\" \/>Protein: 5.0 g<br data-start=\"574\" data-end=\"577\" \/>Ya\u011f: 15.0 g<br data-start=\"588\" data-end=\"591\" \/>Lif: 3.0 g<br data-start=\"601\" data-end=\"604\" \/>Tuz: 0.1 g<\/p>\n<p data-start=\"616\" data-end=\"731\" data-is-last-node=\"\" data-is-only-node=\"\"><strong data-start=\"616\" data-end=\"639\">&#x26a0;&#xfe0f; Alerjen Bilgisi:<\/strong><br data-start=\"639\" data-end=\"642\" \/>\u00dcr\u00fcn s\u00fct ve ceviz i\u00e7erir. Laktoz ve f\u0131nd\u0131k\/ceviz alerjisi olan bireyler dikkat etmelidir.<\/p>\n","protected":false},"excerpt":{"rendered":"<p data-start=\"0\" data-end=\"302\"><strong data-start=\"0\" data-end=\"11\">Kaday\u0131f<\/strong><br data-start=\"11\" data-end=\"14\" \/>Kuzin\u2019in \u00e7\u0131t\u0131r \u00e7\u0131t\u0131r tel kaday\u0131f\u0131, geleneksel \u015ferbetle bulu\u015fuyor. \u0130nce tel kaday\u0131f, tereya\u011f\u0131 ile k\u0131zart\u0131l\u0131r ve bol ceviz i\u00e7iyle doldurulur. \u00dczerine s\u0131cak \u015ferbet d\u00f6k\u00fclerek tatland\u0131r\u0131l\u0131r. S\u0131cak servis edilen bu tatl\u0131, \u00e7\u0131t\u0131rl\u0131\u011f\u0131 ve tatl\u0131 dengesiyle damaklarda unutulmaz bir iz b\u0131rak\u0131r.<\/p>\n<p data-start=\"304\" data-end=\"431\"><strong data-start=\"304\" data-end=\"326\">Kullan\u0131lan Teknik:<\/strong><br data-start=\"326\" data-end=\"329\" \/>Kaday\u0131f tereya\u011f\u0131nda \u00e7\u0131t\u0131r \u00e7\u0131t\u0131r k\u0131zart\u0131l\u0131r, ard\u0131ndan cevizle doldurulup, s\u0131cak \u015ferbetle tatland\u0131r\u0131l\u0131r.<\/p>\n<p data-start=\"433\" data-end=\"472\"><strong data-start=\"433\" data-end=\"454\">Porsiyon Gramaj\u0131:<\/strong><br data-start=\"454\" data-end=\"457\" \/>180 gr \/ servis<\/p>\n<p data-start=\"474\" data-end=\"614\"><strong data-start=\"474\" data-end=\"508\"> 100 g \u0130\u00e7in Besin De\u011ferleri:<\/strong><br data-start=\"508\" data-end=\"511\" \/>Enerji (kcal): 350 kcal<br data-start=\"534\" data-end=\"537\" \/>Karbonhidrat: 45.0 g<br data-start=\"557\" data-end=\"560\" \/>Protein: 5.0 g<br data-start=\"574\" data-end=\"577\" \/>Ya\u011f: 15.0 g<br data-start=\"588\" data-end=\"591\" \/>Lif: 3.0 g<br data-start=\"601\" data-end=\"604\" \/>Tuz: 0.1 g<\/p>\n<p data-start=\"616\" data-end=\"731\" data-is-last-node=\"\" data-is-only-node=\"\"><strong data-start=\"616\" data-end=\"639\">&#x26a0;&#xfe0f; Alerjen Bilgisi:<\/strong><br data-start=\"639\" data-end=\"642\" \/>\u00dcr\u00fcn s\u00fct ve ceviz i\u00e7erir. Laktoz ve f\u0131nd\u0131k\/ceviz alerjisi olan bireyler dikkat etmelidir.<\/p>\n","protected":false},"featured_media":2797,"comment_status":"open","ping_status":"closed","template":"","meta":{"pagelayer_contact_templates":[],"_pagelayer_content":""},"product_brand":[],"product_cat":[53],"product_tag":[],"class_list":{"0":"post-2576","1":"product","2":"type-product","3":"status-publish","4":"has-post-thumbnail","6":"product_cat-tatlilar","8":"first","9":"instock","10":"shipping-taxable","11":"purchasable","12":"product-type-simple"},"jetpack_sharing_enabled":true,"_links":{"self":[{"href":"https:\/\/qrideamenu.com\/kuzinrestaurant\/wp-json\/wp\/v2\/product\/2576","targetHints":{"allow":["GET"]}}],"collection":[{"href":"https:\/\/qrideamenu.com\/kuzinrestaurant\/wp-json\/wp\/v2\/product"}],"about":[{"href":"https:\/\/qrideamenu.com\/kuzinrestaurant\/wp-json\/wp\/v2\/types\/product"}],"replies":[{"embeddable":true,"href":"https:\/\/qrideamenu.com\/kuzinrestaurant\/wp-json\/wp\/v2\/comments?post=2576"}],"wp:featuredmedia":[{"embeddable":true,"href":"https:\/\/qrideamenu.com\/kuzinrestaurant\/wp-json\/wp\/v2\/media\/2797"}],"wp:attachment":[{"href":"https:\/\/qrideamenu.com\/kuzinrestaurant\/wp-json\/wp\/v2\/media?parent=2576"}],"wp:term":[{"taxonomy":"product_brand","embeddable":true,"href":"https:\/\/qrideamenu.com\/kuzinrestaurant\/wp-json\/wp\/v2\/product_brand?post=2576"},{"taxonomy":"product_cat","embeddable":true,"href":"https:\/\/qrideamenu.com\/kuzinrestaurant\/wp-json\/wp\/v2\/product_cat?post=2576"},{"taxonomy":"product_tag","embeddable":true,"href":"https:\/\/qrideamenu.com\/kuzinrestaurant\/wp-json\/wp\/v2\/product_tag?post=2576"}],"curies":[{"name":"wp","href":"https:\/\/api.w.org\/{rel}","templated":true}]}}