{"id":2585,"date":"2025-07-16T09:12:29","date_gmt":"2025-07-16T09:12:29","guid":{"rendered":"https:\/\/qrideamenu.com\/kuzinrestaurant\/?post_type=product&#038;p=2585"},"modified":"2026-01-01T08:11:05","modified_gmt":"2026-01-01T08:11:05","slug":"2585","status":"publish","type":"product","link":"https:\/\/qrideamenu.com\/kuzinrestaurant\/urun\/2585\/","title":{"rendered":"Kabak Tatl\u0131s\u0131"},"content":{"rendered":"<h6 class=\"sr-only\"><strong style=\"color: #333333; font-family: Georgia, 'Times New Roman', 'Bitstream Charter', Times, serif; font-size: 16px;\" data-start=\"0\" data-end=\"17\">Kabak Tatl\u0131s\u0131<\/strong><\/h6>\n<div class=\"text-base my-auto mx-auto pb-10 [--thread-content-margin:--spacing(4)] @[37rem]:[--thread-content-margin:--spacing(6)] @[72rem]:[--thread-content-margin:--spacing(16)] px-(--thread-content-margin)\">\n<div class=\"[--thread-content-max-width:32rem] @[34rem]:[--thread-content-max-width:40rem] @[64rem]:[--thread-content-max-width:48rem] mx-auto max-w-(--thread-content-max-width) flex-1 group\/turn-messages focus-visible:outline-hidden relative flex w-full min-w-0 flex-col agent-turn\" tabindex=\"-1\">\n<div class=\"flex max-w-full flex-col grow\">\n<div class=\"min-h-8 text-message relative flex w-full flex-col items-end gap-2 text-start break-words whitespace-normal [.text-message+&amp;]:mt-5\" dir=\"auto\" data-message-author-role=\"assistant\" data-message-id=\"4bac179f-8d18-4b6f-8d2b-833c597acab5\" data-message-model-slug=\"gpt-4o\">\n<div class=\"flex w-full flex-col gap-1 empty:hidden first:pt-[3px]\">\n<div class=\"markdown prose dark:prose-invert w-full break-words dark\">\n<p data-start=\"0\" data-end=\"358\">Kuzin\u2019in do\u011fal pancar \u015fekeriyle tatland\u0131rd\u0131\u011f\u0131, hafif ve geleneksel bir lezzet. Do\u011fal bal kaba\u011f\u0131 dilimleri, d\u00fc\u015f\u00fck \u0131s\u0131da uzun s\u00fcre pi\u015firilerek yumu\u015fac\u0131k k\u0131vama getirilir. \u00dczerine ceviz serpilerek servis edilir. \u015eeker miktar\u0131 dengelenmi\u015f, lif oran\u0131 y\u00fcksek bu tatl\u0131, \u00f6zellikle hafif ama tatmin edici bir final arayanlar i\u00e7in birebirdir.<\/p>\n<p data-start=\"360\" data-end=\"495\"><strong data-start=\"360\" data-end=\"382\">Kullan\u0131lan Teknik:<\/strong><br data-start=\"382\" data-end=\"385\" \/>Kabaklar \u00f6nceden dinlendirilip, d\u00fc\u015f\u00fck \u0131s\u0131da kendi suyuyla yava\u015f\u00e7a pi\u015firilir. \u00dczeri cevizle s\u00fcslenerek sunulur.<\/p>\n<p data-start=\"497\" data-end=\"536\"><strong data-start=\"497\" data-end=\"518\">Porsiyon Gramaj\u0131:<\/strong><br data-start=\"518\" data-end=\"521\" \/>180 gr \/ servis<\/p>\n<p data-start=\"538\" data-end=\"678\"><strong data-start=\"538\" data-end=\"572\"> 100 g \u0130\u00e7in Besin De\u011ferleri:<\/strong><br data-start=\"572\" data-end=\"575\" \/>Enerji (kcal): 120 kcal<br data-start=\"598\" data-end=\"601\" \/>Karbonhidrat: 25.0 g<br data-start=\"621\" data-end=\"624\" \/>Protein: 1.0 g<br data-start=\"638\" data-end=\"641\" \/>Ya\u011f: 2.5 g<br data-start=\"651\" data-end=\"654\" \/>Lif: 2.8 g<br data-start=\"664\" data-end=\"667\" \/>Tuz: 0.01 g<\/p>\n<p data-start=\"680\" data-end=\"774\" data-is-last-node=\"\" data-is-only-node=\"\"><strong data-start=\"680\" data-end=\"703\">&#x26a0;&#xfe0f; Alerjen Bilgisi:<\/strong><br data-start=\"703\" data-end=\"706\" \/>\u00dcr\u00fcn ceviz i\u00e7erir. Ceviz alerjisi olan bireyler i\u00e7in uygun de\u011fildir.<\/p>\n<\/div>\n<\/div>\n<\/div>\n<\/div>\n<\/div>\n<\/div>\n","protected":false},"excerpt":{"rendered":"<h6 class=\"sr-only\"><strong style=\"color: #333333; font-family: Georgia, 'Times New Roman', 'Bitstream Charter', Times, serif; font-size: 16px;\" data-start=\"0\" data-end=\"17\">Kabak Tatl\u0131s\u0131<\/strong><\/h6>\n<div class=\"text-base my-auto mx-auto pb-10 [--thread-content-margin:--spacing(4)] @[37rem]:[--thread-content-margin:--spacing(6)] @[72rem]:[--thread-content-margin:--spacing(16)] px-(--thread-content-margin)\">\n<div class=\"[--thread-content-max-width:32rem] @[34rem]:[--thread-content-max-width:40rem] @[64rem]:[--thread-content-max-width:48rem] mx-auto max-w-(--thread-content-max-width) flex-1 group\/turn-messages focus-visible:outline-hidden relative flex w-full min-w-0 flex-col agent-turn\" tabindex=\"-1\">\n<div class=\"flex max-w-full flex-col grow\">\n<div class=\"min-h-8 text-message relative flex w-full flex-col items-end gap-2 text-start break-words whitespace-normal [.text-message+&amp;]:mt-5\" dir=\"auto\" data-message-author-role=\"assistant\" data-message-id=\"4bac179f-8d18-4b6f-8d2b-833c597acab5\" data-message-model-slug=\"gpt-4o\">\n<div class=\"flex w-full flex-col gap-1 empty:hidden first:pt-[3px]\">\n<div class=\"markdown prose dark:prose-invert w-full break-words dark\">\n<p data-start=\"0\" data-end=\"358\">Kuzin\u2019in do\u011fal pancar \u015fekeriyle tatland\u0131rd\u0131\u011f\u0131, hafif ve geleneksel bir lezzet. Do\u011fal bal kaba\u011f\u0131 dilimleri, d\u00fc\u015f\u00fck \u0131s\u0131da uzun s\u00fcre pi\u015firilerek yumu\u015fac\u0131k k\u0131vama getirilir. \u00dczerine ceviz serpilerek servis edilir. \u015eeker miktar\u0131 dengelenmi\u015f, lif oran\u0131 y\u00fcksek bu tatl\u0131, \u00f6zellikle hafif ama tatmin edici bir final arayanlar i\u00e7in birebirdir.<\/p>\n<p data-start=\"360\" data-end=\"495\"><strong data-start=\"360\" data-end=\"382\">Kullan\u0131lan Teknik:<\/strong><br data-start=\"382\" data-end=\"385\" \/>Kabaklar \u00f6nceden dinlendirilip, d\u00fc\u015f\u00fck \u0131s\u0131da kendi suyuyla yava\u015f\u00e7a pi\u015firilir. \u00dczeri cevizle s\u00fcslenerek sunulur.<\/p>\n<p data-start=\"497\" data-end=\"536\"><strong data-start=\"497\" data-end=\"518\">Porsiyon Gramaj\u0131:<\/strong><br data-start=\"518\" data-end=\"521\" \/>180 gr \/ servis<\/p>\n<p data-start=\"538\" data-end=\"678\"><strong data-start=\"538\" data-end=\"572\"> 100 g \u0130\u00e7in Besin De\u011ferleri:<\/strong><br data-start=\"572\" data-end=\"575\" \/>Enerji (kcal): 120 kcal<br data-start=\"598\" data-end=\"601\" \/>Karbonhidrat: 25.0 g<br data-start=\"621\" data-end=\"624\" \/>Protein: 1.0 g<br data-start=\"638\" data-end=\"641\" \/>Ya\u011f: 2.5 g<br data-start=\"651\" data-end=\"654\" \/>Lif: 2.8 g<br data-start=\"664\" data-end=\"667\" \/>Tuz: 0.01 g<\/p>\n<p data-start=\"680\" data-end=\"774\" data-is-last-node=\"\" data-is-only-node=\"\"><strong data-start=\"680\" data-end=\"703\">&#x26a0;&#xfe0f; Alerjen Bilgisi:<\/strong><br data-start=\"703\" data-end=\"706\" \/>\u00dcr\u00fcn ceviz i\u00e7erir. Ceviz alerjisi olan bireyler i\u00e7in uygun de\u011fildir.<\/p>\n<\/div>\n<\/div>\n<\/div>\n<\/div>\n<\/div>\n<\/div>\n","protected":false},"featured_media":2980,"comment_status":"open","ping_status":"closed","template":"","meta":{"pagelayer_contact_templates":[],"_pagelayer_content":""},"product_brand":[],"product_cat":[53],"product_tag":[],"class_list":{"0":"post-2585","1":"product","2":"type-product","3":"status-publish","4":"has-post-thumbnail","6":"product_cat-tatlilar","8":"first","9":"instock","10":"shipping-taxable","11":"purchasable","12":"product-type-simple"},"jetpack_sharing_enabled":true,"_links":{"self":[{"href":"https:\/\/qrideamenu.com\/kuzinrestaurant\/wp-json\/wp\/v2\/product\/2585","targetHints":{"allow":["GET"]}}],"collection":[{"href":"https:\/\/qrideamenu.com\/kuzinrestaurant\/wp-json\/wp\/v2\/product"}],"about":[{"href":"https:\/\/qrideamenu.com\/kuzinrestaurant\/wp-json\/wp\/v2\/types\/product"}],"replies":[{"embeddable":true,"href":"https:\/\/qrideamenu.com\/kuzinrestaurant\/wp-json\/wp\/v2\/comments?post=2585"}],"wp:featuredmedia":[{"embeddable":true,"href":"https:\/\/qrideamenu.com\/kuzinrestaurant\/wp-json\/wp\/v2\/media\/2980"}],"wp:attachment":[{"href":"https:\/\/qrideamenu.com\/kuzinrestaurant\/wp-json\/wp\/v2\/media?parent=2585"}],"wp:term":[{"taxonomy":"product_brand","embeddable":true,"href":"https:\/\/qrideamenu.com\/kuzinrestaurant\/wp-json\/wp\/v2\/product_brand?post=2585"},{"taxonomy":"product_cat","embeddable":true,"href":"https:\/\/qrideamenu.com\/kuzinrestaurant\/wp-json\/wp\/v2\/product_cat?post=2585"},{"taxonomy":"product_tag","embeddable":true,"href":"https:\/\/qrideamenu.com\/kuzinrestaurant\/wp-json\/wp\/v2\/product_tag?post=2585"}],"curies":[{"name":"wp","href":"https:\/\/api.w.org\/{rel}","templated":true}]}}