{"id":2611,"date":"2025-07-22T12:49:09","date_gmt":"2025-07-22T12:49:09","guid":{"rendered":"https:\/\/qrideamenu.com\/kuzinrestaurant\/?post_type=product&#038;p=2611"},"modified":"2026-01-01T08:03:28","modified_gmt":"2026-01-01T08:03:28","slug":"tas-kebap","status":"publish","type":"product","link":"https:\/\/qrideamenu.com\/kuzinrestaurant\/urun\/tas-kebap\/","title":{"rendered":"Tas Kebap"},"content":{"rendered":"<p data-start=\"0\" data-end=\"347\"><strong data-start=\"0\" data-end=\"14\">Tas Kebab\u0131<\/strong><br data-start=\"14\" data-end=\"17\" \/>Kuzin\u2019in geleneksel y\u00f6ntemlerle haz\u0131rlad\u0131\u011f\u0131, bol aromal\u0131 ve sulu et yeme\u011fi. K\u00fcp do\u011franm\u0131\u015f dana eti, so\u011fan, havu\u00e7 ve domates ile birlikte ta\u015f tabanl\u0131 tencerede m\u00fch\u00fcrlenir. Kendi suyunu sal\u0131p \u00e7ekene kadar a\u011f\u0131r ate\u015fte pi\u015firilir. Yumu\u015fac\u0131k et dokusu ve sebzelerle zenginle\u015fen aromas\u0131yla pilav ya da p\u00fcre e\u015fli\u011finde servis edilir.<\/p>\n<p data-start=\"349\" data-end=\"510\"><strong data-start=\"349\" data-end=\"371\">Kullan\u0131lan Teknik:<\/strong><br data-start=\"371\" data-end=\"374\" \/>Etler \u00f6nce m\u00fch\u00fcrlenir, ard\u0131ndan sebzelerle birlikte a\u011f\u0131r ate\u015fte uzun s\u00fcre pi\u015firilerek suyunu b\u0131rak\u0131p lezzetini yo\u011funla\u015ft\u0131rmas\u0131 sa\u011flan\u0131r.<\/p>\n<p data-start=\"512\" data-end=\"551\"><strong data-start=\"512\" data-end=\"533\">Porsiyon Gramaj\u0131:<\/strong><br data-start=\"533\" data-end=\"536\" \/>220 gr \/ servis<\/p>\n<p data-start=\"553\" data-end=\"692\"><strong data-start=\"553\" data-end=\"587\"> 100 g \u0130\u00e7in Besin De\u011ferleri:<\/strong><br data-start=\"587\" data-end=\"590\" \/>Enerji (kcal): 165 kcal<br data-start=\"613\" data-end=\"616\" \/>Karbonhidrat: 4.0 g<br data-start=\"635\" data-end=\"638\" \/>Protein: 20.0 g<br data-start=\"653\" data-end=\"656\" \/>Ya\u011f: 8.0 g<br data-start=\"666\" data-end=\"669\" \/>Lif: 1.0 g<br data-start=\"679\" data-end=\"682\" \/>Tuz: 0.7 g<\/p>\n<p data-start=\"694\" data-end=\"783\" data-is-last-node=\"\" data-is-only-node=\"\"><strong data-start=\"694\" data-end=\"717\">&#x26a0;&#xfe0f; Alerjen Bilgisi:<\/strong><br data-start=\"717\" data-end=\"720\" \/>\u00dcr\u00fcn alerjen i\u00e7ermez. Gluten veya s\u00fct \u00fcr\u00fcn\u00fc kullan\u0131lmamaktad\u0131r.<\/p>\n","protected":false},"excerpt":{"rendered":"<p>Tas Kebab\u0131<br \/>\nKuzin\u2019in geleneksel y\u00f6ntemlerle haz\u0131rlad\u0131\u011f\u0131, bol aromal\u0131 ve sulu et yeme\u011fi. K\u00fcp do\u011franm\u0131\u015f dana eti, so\u011fan, havu\u00e7 ve domates ile birlikte ta\u015f tabanl\u0131 tencerede m\u00fch\u00fcrlenir. Kendi suyunu sal\u0131p \u00e7ekene kadar a\u011f\u0131r ate\u015fte pi\u015firilir. Yumu\u015fac\u0131k et dokusu ve sebzelerle zenginle\u015fen aromas\u0131yla pilav ya da p\u00fcre e\u015fli\u011finde servis edilir.<\/p>\n<p>Kullan\u0131lan Teknik:<br \/>\nEtler \u00f6nce m\u00fch\u00fcrlenir, ard\u0131ndan sebzelerle birlikte a\u011f\u0131r ate\u015fte uzun s\u00fcre pi\u015firilerek suyunu b\u0131rak\u0131p lezzetini yo\u011funla\u015ft\u0131rmas\u0131 sa\u011flan\u0131r.<\/p>\n<p>Porsiyon Gramaj\u0131:<br \/>\n220 gr \/ servis<\/p>\n<p>100 g \u0130\u00e7in Besin De\u011ferleri:<br \/>\nEnerji (kcal): 165 kcal<br \/>\nKarbonhidrat: 4.0 g<br \/>\nProtein: 20.0 g<br \/>\nYa\u011f: 8.0 g<br \/>\nLif: 1.0 g<br \/>\nTuz: 0.7 g<\/p>\n<p>Alerjen Bilgisi:<br \/>\n\u00dcr\u00fcn alerjen i\u00e7ermez. Gluten veya s\u00fct \u00fcr\u00fcn\u00fc kullan\u0131lmamaktad\u0131r.<\/p>\n","protected":false},"featured_media":2805,"comment_status":"open","ping_status":"closed","template":"","meta":{"pagelayer_contact_templates":[],"_pagelayer_content":""},"product_brand":[],"product_cat":[55],"product_tag":[],"class_list":{"0":"post-2611","1":"product","2":"type-product","3":"status-publish","4":"has-post-thumbnail","6":"product_cat-etler","8":"first","9":"instock","10":"shipping-taxable","11":"purchasable","12":"product-type-simple"},"jetpack_sharing_enabled":true,"_links":{"self":[{"href":"https:\/\/qrideamenu.com\/kuzinrestaurant\/wp-json\/wp\/v2\/product\/2611","targetHints":{"allow":["GET"]}}],"collection":[{"href":"https:\/\/qrideamenu.com\/kuzinrestaurant\/wp-json\/wp\/v2\/product"}],"about":[{"href":"https:\/\/qrideamenu.com\/kuzinrestaurant\/wp-json\/wp\/v2\/types\/product"}],"replies":[{"embeddable":true,"href":"https:\/\/qrideamenu.com\/kuzinrestaurant\/wp-json\/wp\/v2\/comments?post=2611"}],"wp:featuredmedia":[{"embeddable":true,"href":"https:\/\/qrideamenu.com\/kuzinrestaurant\/wp-json\/wp\/v2\/media\/2805"}],"wp:attachment":[{"href":"https:\/\/qrideamenu.com\/kuzinrestaurant\/wp-json\/wp\/v2\/media?parent=2611"}],"wp:term":[{"taxonomy":"product_brand","embeddable":true,"href":"https:\/\/qrideamenu.com\/kuzinrestaurant\/wp-json\/wp\/v2\/product_brand?post=2611"},{"taxonomy":"product_cat","embeddable":true,"href":"https:\/\/qrideamenu.com\/kuzinrestaurant\/wp-json\/wp\/v2\/product_cat?post=2611"},{"taxonomy":"product_tag","embeddable":true,"href":"https:\/\/qrideamenu.com\/kuzinrestaurant\/wp-json\/wp\/v2\/product_tag?post=2611"}],"curies":[{"name":"wp","href":"https:\/\/api.w.org\/{rel}","templated":true}]}}