{"id":2623,"date":"2025-07-22T13:00:34","date_gmt":"2025-07-22T13:00:34","guid":{"rendered":"https:\/\/qrideamenu.com\/kuzinrestaurant\/?post_type=product&#038;p=2623"},"modified":"2025-07-25T10:27:49","modified_gmt":"2025-07-25T10:27:49","slug":"kuzu-kavurma","status":"publish","type":"product","link":"https:\/\/qrideamenu.com\/kuzinrestaurant\/urun\/kuzu-kavurma\/","title":{"rendered":"Kuzu Kavurma"},"content":{"rendered":"<p data-start=\"0\" data-end=\"391\"><strong data-start=\"0\" data-end=\"16\">Kuzu Kavurma<\/strong><br data-start=\"16\" data-end=\"19\" \/>Kuzin\u2019in geleneksel y\u00f6ntemle haz\u0131rlad\u0131\u011f\u0131, sade ve yo\u011fun aromal\u0131 et lezzeti. Taze kuzu eti, kendi ya\u011f\u0131yla birlikte ta\u015f tabanda a\u011f\u0131r ate\u015fte kavrularak haz\u0131rlan\u0131r. Etin do\u011fal lezzetini korumak i\u00e7in yaln\u0131zca tuz, defne yapra\u011f\u0131 ve iste\u011fe g\u00f6re az miktarda karabiber kullan\u0131l\u0131r. \u0130\u00e7 ya\u011f\u0131yla yumu\u015fayan et dokusu ve hafif k\u0131t\u0131r d\u0131\u015f y\u00fczeyiyle sade ama etkileyici bir tat sunar.<\/p>\n<p data-start=\"393\" data-end=\"544\"><strong data-start=\"393\" data-end=\"415\">Kullan\u0131lan Teknik:<\/strong><br data-start=\"415\" data-end=\"418\" \/>Kuzu eti m\u00fch\u00fcrlendikten sonra d\u00fc\u015f\u00fck \u0131s\u0131da, kendi ya\u011f\u0131 ve suyuyla yava\u015f\u00e7a pi\u015firilir. Baharat kullan\u0131m\u0131 minimum d\u00fczeyde tutulur.<\/p>\n<p data-start=\"546\" data-end=\"585\"><strong data-start=\"546\" data-end=\"567\">Porsiyon Gramaj\u0131:<\/strong><br data-start=\"567\" data-end=\"570\" \/>200 gr \/ servis<\/p>\n<p data-start=\"587\" data-end=\"723\"><strong data-start=\"587\" data-end=\"621\"> 100 g \u0130\u00e7in Besin De\u011ferleri:<\/strong><br data-start=\"621\" data-end=\"624\" \/>Enerji (kcal): 305 kcal<br data-start=\"647\" data-end=\"650\" \/>Karbonhidrat: 0 g<br data-start=\"667\" data-end=\"670\" \/>Protein: 23.0 g<br data-start=\"685\" data-end=\"688\" \/>Ya\u011f: 24.0 g<br data-start=\"699\" data-end=\"702\" \/>Lif: 0 g<br data-start=\"710\" data-end=\"713\" \/>Tuz: 0.7 g<\/p>\n<p data-start=\"725\" data-end=\"829\" data-is-last-node=\"\" data-is-only-node=\"\"><strong data-start=\"725\" data-end=\"748\">\u26a0\ufe0f Alerjen Bilgisi:<\/strong><br data-start=\"748\" data-end=\"751\" \/>\u00dcr\u00fcn alerjen i\u00e7ermez. Gluten ve s\u00fct \u00fcr\u00fcn\u00fc i\u00e7ermez; t\u00fcm bireyler i\u00e7in uygundur.<\/p>\n","protected":false},"excerpt":{"rendered":"<p data-start=\"0\" data-end=\"391\"><strong data-start=\"0\" data-end=\"16\">Kuzu Kavurma<\/strong><br data-start=\"16\" data-end=\"19\" \/>Kuzin\u2019in geleneksel y\u00f6ntemle haz\u0131rlad\u0131\u011f\u0131, sade ve yo\u011fun aromal\u0131 et lezzeti. Taze kuzu eti, kendi ya\u011f\u0131yla birlikte ta\u015f tabanda a\u011f\u0131r ate\u015fte kavrularak haz\u0131rlan\u0131r. Etin do\u011fal lezzetini korumak i\u00e7in yaln\u0131zca tuz, defne yapra\u011f\u0131 ve iste\u011fe g\u00f6re az miktarda karabiber kullan\u0131l\u0131r. \u0130\u00e7 ya\u011f\u0131yla yumu\u015fayan et dokusu ve hafif k\u0131t\u0131r d\u0131\u015f y\u00fczeyiyle sade ama etkileyici bir tat sunar.<\/p>\n<p data-start=\"393\" data-end=\"544\"><strong data-start=\"393\" data-end=\"415\">Kullan\u0131lan Teknik:<\/strong><br data-start=\"415\" data-end=\"418\" \/>Kuzu eti m\u00fch\u00fcrlendikten sonra d\u00fc\u015f\u00fck \u0131s\u0131da, kendi ya\u011f\u0131 ve suyuyla yava\u015f\u00e7a pi\u015firilir. Baharat kullan\u0131m\u0131 minimum d\u00fczeyde tutulur.<\/p>\n<p data-start=\"546\" data-end=\"585\"><strong data-start=\"546\" data-end=\"567\">Porsiyon Gramaj\u0131:<\/strong><br data-start=\"567\" data-end=\"570\" \/>200 gr \/ servis<\/p>\n<p data-start=\"587\" data-end=\"723\"><strong data-start=\"587\" data-end=\"621\"> 100 g \u0130\u00e7in Besin De\u011ferleri:<\/strong><br data-start=\"621\" data-end=\"624\" \/>Enerji (kcal): 305 kcal<br data-start=\"647\" data-end=\"650\" \/>Karbonhidrat: 0 g<br data-start=\"667\" data-end=\"670\" \/>Protein: 23.0 g<br data-start=\"685\" data-end=\"688\" \/>Ya\u011f: 24.0 g<br data-start=\"699\" data-end=\"702\" \/>Lif: 0 g<br data-start=\"710\" data-end=\"713\" \/>Tuz: 0.7 g<\/p>\n<p data-start=\"725\" data-end=\"829\" data-is-last-node=\"\" data-is-only-node=\"\"><strong data-start=\"725\" data-end=\"748\">\u26a0\ufe0f Alerjen Bilgisi:<\/strong><br data-start=\"748\" data-end=\"751\" \/>\u00dcr\u00fcn alerjen i\u00e7ermez. Gluten ve s\u00fct \u00fcr\u00fcn\u00fc i\u00e7ermez; t\u00fcm bireyler i\u00e7in uygundur.<\/p>\n","protected":false},"featured_media":2808,"comment_status":"open","ping_status":"closed","template":"","meta":{"pagelayer_contact_templates":[],"_pagelayer_content":""},"product_brand":[],"product_cat":[55],"product_tag":[],"class_list":{"0":"post-2623","1":"product","2":"type-product","3":"status-publish","4":"has-post-thumbnail","6":"product_cat-etler","8":"first","9":"instock","10":"shipping-taxable","11":"purchasable","12":"product-type-simple"},"jetpack_sharing_enabled":true,"_links":{"self":[{"href":"https:\/\/qrideamenu.com\/kuzinrestaurant\/wp-json\/wp\/v2\/product\/2623","targetHints":{"allow":["GET"]}}],"collection":[{"href":"https:\/\/qrideamenu.com\/kuzinrestaurant\/wp-json\/wp\/v2\/product"}],"about":[{"href":"https:\/\/qrideamenu.com\/kuzinrestaurant\/wp-json\/wp\/v2\/types\/product"}],"replies":[{"embeddable":true,"href":"https:\/\/qrideamenu.com\/kuzinrestaurant\/wp-json\/wp\/v2\/comments?post=2623"}],"wp:featuredmedia":[{"embeddable":true,"href":"https:\/\/qrideamenu.com\/kuzinrestaurant\/wp-json\/wp\/v2\/media\/2808"}],"wp:attachment":[{"href":"https:\/\/qrideamenu.com\/kuzinrestaurant\/wp-json\/wp\/v2\/media?parent=2623"}],"wp:term":[{"taxonomy":"product_brand","embeddable":true,"href":"https:\/\/qrideamenu.com\/kuzinrestaurant\/wp-json\/wp\/v2\/product_brand?post=2623"},{"taxonomy":"product_cat","embeddable":true,"href":"https:\/\/qrideamenu.com\/kuzinrestaurant\/wp-json\/wp\/v2\/product_cat?post=2623"},{"taxonomy":"product_tag","embeddable":true,"href":"https:\/\/qrideamenu.com\/kuzinrestaurant\/wp-json\/wp\/v2\/product_tag?post=2623"}],"curies":[{"name":"wp","href":"https:\/\/api.w.org\/{rel}","templated":true}]}}