{"id":2635,"date":"2025-07-22T13:06:00","date_gmt":"2025-07-22T13:06:00","guid":{"rendered":"https:\/\/qrideamenu.com\/kuzinrestaurant\/?post_type=product&#038;p=2635"},"modified":"2026-01-01T07:59:49","modified_gmt":"2026-01-01T07:59:49","slug":"pilic-topkapi","status":"publish","type":"product","link":"https:\/\/qrideamenu.com\/kuzinrestaurant\/urun\/pilic-topkapi\/","title":{"rendered":"Pili\u00e7 Topkap\u0131"},"content":{"rendered":"<p data-start=\"0\" data-end=\"365\"><strong data-start=\"0\" data-end=\"17\">Pili\u00e7 Topkap\u0131<\/strong><br data-start=\"17\" data-end=\"20\" \/>Kuzin\u2019in \u00f6zg\u00fcn tarifiyle haz\u0131rlanan, baharatl\u0131 ve sulu pilav \u00fcst\u00fc tavuk yeme\u011fi. Marin edilmi\u015f pili\u00e7 par\u00e7alar\u0131, tereya\u011f\u0131 ve \u00f6zel baharat kar\u0131\u015f\u0131m\u0131yla tavada m\u00fch\u00fcrlenir. \u00dczerine bol aromal\u0131 domates sosu eklenerek f\u0131r\u0131nlan\u0131r. Yan\u0131nda sade pilavla servis edilir. Hem yumu\u015fak hem baharatl\u0131 lezzetiyle Kuzin\u2019in \u00f6zel tavuk se\u00e7eneklerinden biridir.<\/p>\n<p data-start=\"367\" data-end=\"526\"><strong data-start=\"367\" data-end=\"389\">Kullan\u0131lan Teknik:<\/strong><br data-start=\"389\" data-end=\"392\" \/>Pili\u00e7 par\u00e7alar\u0131 \u00f6nce baharatl\u0131 marine edilir, sonra m\u00fch\u00fcrlenip sosuyla f\u0131r\u0131nlanarak servis \u00f6ncesi lezzetlerin i\u00e7 i\u00e7e ge\u00e7mesi sa\u011flan\u0131r.<\/p>\n<p data-start=\"528\" data-end=\"581\"><strong data-start=\"528\" data-end=\"549\">Porsiyon Gramaj\u0131:<\/strong><br data-start=\"549\" data-end=\"552\" \/>220 gr \/ servis (tavuk + sos)<\/p>\n<p data-start=\"583\" data-end=\"722\"><strong data-start=\"583\" data-end=\"617\"> 100 g \u0130\u00e7in Besin De\u011ferleri:<\/strong><br data-start=\"617\" data-end=\"620\" \/>Enerji (kcal): 195 kcal<br data-start=\"643\" data-end=\"646\" \/>Karbonhidrat: 4.0 g<br data-start=\"665\" data-end=\"668\" \/>Protein: 22.0 g<br data-start=\"683\" data-end=\"686\" \/>Ya\u011f: 9.0 g<br data-start=\"696\" data-end=\"699\" \/>Lif: 0.5 g<br data-start=\"709\" data-end=\"712\" \/>Tuz: 0.8 g<\/p>\n<p data-start=\"724\" data-end=\"811\" data-is-last-node=\"\" data-is-only-node=\"\"><strong data-start=\"724\" data-end=\"747\">&#x26a0;&#xfe0f; Alerjen Bilgisi:<\/strong><br data-start=\"747\" data-end=\"750\" \/>\u00dcr\u00fcn alerjen i\u00e7ermez. Gluten ve s\u00fct \u00fcr\u00fcn\u00fc kullan\u0131lmamaktad\u0131r.<\/p>\n","protected":false},"excerpt":{"rendered":"<p data-start=\"0\" data-end=\"365\"><strong data-start=\"0\" data-end=\"17\">Pili\u00e7 Topkap\u0131<\/strong><br data-start=\"17\" data-end=\"20\" \/>Kuzin\u2019in \u00f6zg\u00fcn tarifiyle haz\u0131rlanan, baharatl\u0131 ve sulu pilav \u00fcst\u00fc tavuk yeme\u011fi. Marin edilmi\u015f pili\u00e7 par\u00e7alar\u0131, tereya\u011f\u0131 ve \u00f6zel baharat kar\u0131\u015f\u0131m\u0131yla tavada m\u00fch\u00fcrlenir. \u00dczerine bol aromal\u0131 domates sosu eklenerek f\u0131r\u0131nlan\u0131r. Yan\u0131nda sade pilavla servis edilir. Hem yumu\u015fak hem baharatl\u0131 lezzetiyle Kuzin\u2019in \u00f6zel tavuk se\u00e7eneklerinden biridir.<\/p>\n<p data-start=\"367\" data-end=\"526\"><strong data-start=\"367\" data-end=\"389\">Kullan\u0131lan Teknik:<\/strong><br data-start=\"389\" data-end=\"392\" \/>Pili\u00e7 par\u00e7alar\u0131 \u00f6nce baharatl\u0131 marine edilir, sonra m\u00fch\u00fcrlenip sosuyla f\u0131Pili\u00e7 Topkap\u0131<br \/>\nKuzin\u2019in \u00f6zg\u00fcn tarifiyle haz\u0131rlanan, baharatl\u0131 ve sulu pilav \u00fcst\u00fc tavuk yeme\u011fi. Marin edilmi\u015f pili\u00e7 par\u00e7alar\u0131, tereya\u011f\u0131 ve \u00f6zel baharat kar\u0131\u015f\u0131m\u0131yla tavada m\u00fch\u00fcrlenir. \u00dczerine bol aromal\u0131 domates sosu eklenerek f\u0131r\u0131nlan\u0131r. Yan\u0131nda sade pilavla servis edilir. Hem yumu\u015fak hem baharatl\u0131 lezzetiyle Kuzin\u2019in \u00f6zel tavuk se\u00e7eneklerinden biridir.<\/p>\n<p>Kullan\u0131lan Teknik:<br \/>\nPili\u00e7 par\u00e7alar\u0131 \u00f6nce baharatl\u0131 marine edilir, sonra m\u00fch\u00fcrlenip sosuyla f\u0131r\u0131nlanarak servis \u00f6ncesi lezzetlerin i\u00e7 i\u00e7e ge\u00e7mesi sa\u011flan\u0131r.<\/p>\n<p>Porsiyon Gramaj\u0131:<br \/>\n220 gr \/ servis (tavuk + sos)<\/p>\n<p>100 g \u0130\u00e7in Besin De\u011ferleri:<br \/>\nEnerji (kcal): 195 kcal<br \/>\nKarbonhidrat: 4.0 g<br \/>\nProtein: 22.0 g<br \/>\nYa\u011f: 9.0 g<br \/>\nLif: 0.5 g<br \/>\nTuz: 0.8 g<\/p>\n<p>Alerjen Bilgisi:<br \/>\n\u00dcr\u00fcn alerjen i\u00e7ermez. Gluten ve s\u00fct \u00fcr\u00fcn\u00fc kullan\u0131lmamaktad\u0131r.r\u0131nlanarak servis \u00f6ncesi lezzetlerin i\u00e7 i\u00e7e ge\u00e7mesi sa\u011flan\u0131r.<\/p>\n<p data-start=\"528\" data-end=\"581\"><strong data-start=\"528\" data-end=\"549\">Porsiyon Gramaj\u0131:<\/strong><br data-start=\"549\" data-end=\"552\" \/>220 gr \/ servis (tavuk + sos)<\/p>\n<p data-start=\"583\" data-end=\"722\"><strong data-start=\"583\" data-end=\"617\"> 100 g \u0130\u00e7in Besin De\u011ferleri:<\/strong><br data-start=\"617\" data-end=\"620\" \/>Enerji (kcal): 195 kcal<br data-start=\"643\" data-end=\"646\" \/>Karbonhidrat: 4.0 g<br data-start=\"665\" data-end=\"668\" \/>Protein: 22.0 g<br data-start=\"683\" data-end=\"686\" \/>Ya\u011f: 9.0 g<br data-start=\"696\" data-end=\"699\" \/>Lif: 0.5 g<br data-start=\"709\" data-end=\"712\" \/>Tuz: 0.8 g<\/p>\n<p data-start=\"724\" data-end=\"811\" data-is-last-node=\"\" data-is-only-node=\"\"><strong data-start=\"724\" data-end=\"747\">&#x26a0;&#xfe0f; Alerjen Bilgisi:<\/strong><br data-start=\"747\" data-end=\"750\" \/>\u00dcr\u00fcn alerjen i\u00e7ermez. Gluten ve s\u00fct \u00fcr\u00fcn\u00fc kullan\u0131lmamaktad\u0131r.<\/p>\n","protected":false},"featured_media":2811,"comment_status":"open","ping_status":"closed","template":"","meta":{"pagelayer_contact_templates":[],"_pagelayer_content":""},"product_brand":[],"product_cat":[55],"product_tag":[],"class_list":{"0":"post-2635","1":"product","2":"type-product","3":"status-publish","4":"has-post-thumbnail","6":"product_cat-etler","8":"first","9":"instock","10":"shipping-taxable","11":"purchasable","12":"product-type-simple"},"jetpack_sharing_enabled":true,"_links":{"self":[{"href":"https:\/\/qrideamenu.com\/kuzinrestaurant\/wp-json\/wp\/v2\/product\/2635","targetHints":{"allow":["GET"]}}],"collection":[{"href":"https:\/\/qrideamenu.com\/kuzinrestaurant\/wp-json\/wp\/v2\/product"}],"about":[{"href":"https:\/\/qrideamenu.com\/kuzinrestaurant\/wp-json\/wp\/v2\/types\/product"}],"replies":[{"embeddable":true,"href":"https:\/\/qrideamenu.com\/kuzinrestaurant\/wp-json\/wp\/v2\/comments?post=2635"}],"wp:featuredmedia":[{"embeddable":true,"href":"https:\/\/qrideamenu.com\/kuzinrestaurant\/wp-json\/wp\/v2\/media\/2811"}],"wp:attachment":[{"href":"https:\/\/qrideamenu.com\/kuzinrestaurant\/wp-json\/wp\/v2\/media?parent=2635"}],"wp:term":[{"taxonomy":"product_brand","embeddable":true,"href":"https:\/\/qrideamenu.com\/kuzinrestaurant\/wp-json\/wp\/v2\/product_brand?post=2635"},{"taxonomy":"product_cat","embeddable":true,"href":"https:\/\/qrideamenu.com\/kuzinrestaurant\/wp-json\/wp\/v2\/product_cat?post=2635"},{"taxonomy":"product_tag","embeddable":true,"href":"https:\/\/qrideamenu.com\/kuzinrestaurant\/wp-json\/wp\/v2\/product_tag?post=2635"}],"curies":[{"name":"wp","href":"https:\/\/api.w.org\/{rel}","templated":true}]}}