{"id":2638,"date":"2025-07-22T13:08:25","date_gmt":"2025-07-22T13:08:25","guid":{"rendered":"https:\/\/qrideamenu.com\/kuzinrestaurant\/?post_type=product&#038;p=2638"},"modified":"2026-01-01T07:59:37","modified_gmt":"2026-01-01T07:59:37","slug":"tavuk-snitzel","status":"publish","type":"product","link":"https:\/\/qrideamenu.com\/kuzinrestaurant\/urun\/tavuk-snitzel\/","title":{"rendered":"Tavuk \u015enitzel"},"content":{"rendered":"<p data-start=\"89\" data-end=\"518\"><strong data-start=\"89\" data-end=\"100\">\u015enitzel<\/strong><br data-start=\"100\" data-end=\"103\" \/>Kuzin mutfa\u011f\u0131n\u0131n \u00e7\u0131t\u0131r lezzeti. \u00d6zenle se\u00e7ilmi\u015f dana filetosu, ince d\u00f6v\u00fcl\u00fcp \u00f6zel baharat kar\u0131\u015f\u0131m\u0131yla marine edilir. Ard\u0131ndan klasik pane y\u00f6ntemiyle; \u00f6nce una, sonra \u00e7\u0131rp\u0131lm\u0131\u015f yumurtaya, son olarak da \u00e7\u0131t\u0131r panko ekme\u011fine buland\u0131ktan sonra alt\u0131n sar\u0131s\u0131 rengini alana dek taze tereya\u011f\u0131nda k\u0131zart\u0131l\u0131r. Kuzin\u2019in \u00f6zel marinasyon ve k\u0131zartma teknikleri sayesinde her lokmada yumu\u015fakl\u0131k ve \u00e7\u0131t\u0131rl\u0131k m\u00fckemmel uyum sa\u011flar.<\/p>\n<p data-start=\"520\" data-end=\"701\"><strong data-start=\"520\" data-end=\"542\">Kullan\u0131lan Teknik:<\/strong><br data-start=\"542\" data-end=\"545\" \/>Dana filetosu, nazik\u00e7e d\u00f6v\u00fcl\u00fcp marine edilerek etin dokusu korunur; panko pane ve tereya\u011f\u0131nda k\u0131zartma y\u00f6ntemi ile \u00e7\u0131t\u0131r ve hafif bir d\u0131\u015f kabuk olu\u015fturulur.<\/p>\n<p data-start=\"703\" data-end=\"740\"><strong data-start=\"703\" data-end=\"724\">Porsiyon Gramaj\u0131:<\/strong><br data-start=\"724\" data-end=\"727\" \/>180 gr \/ adet<\/p>\n<p data-start=\"742\" data-end=\"879\"><strong data-start=\"745\" data-end=\"776\">100 g \u0130\u00e7in Besin De\u011ferleri:<\/strong><br data-start=\"776\" data-end=\"779\" \/>Enerji (kcal): 230 kcal<br data-start=\"802\" data-end=\"805\" \/>Karbonhidrat: 12 g<br data-start=\"823\" data-end=\"826\" \/>Protein: 22 g<br data-start=\"839\" data-end=\"842\" \/>Ya\u011f: 10 g<br data-start=\"851\" data-end=\"854\" \/>Lif: 0.5 g<br data-start=\"864\" data-end=\"867\" \/>Tuz: 1.2 g<\/p>\n<p data-start=\"881\" data-end=\"1043\">&#x26a0;&#xfe0f; <strong data-start=\"884\" data-end=\"904\">Alerjen Bilgisi:<\/strong><br data-start=\"904\" data-end=\"907\" \/>Bu \u00fcr\u00fcn gluten ve yumurta i\u00e7erir. Pane kaplamas\u0131nda un ve yumurta kullan\u0131ld\u0131\u011f\u0131ndan gluten ve yumurta hassasiyeti olanlar i\u00e7in \u00f6nerilmez.<\/p>\n","protected":false},"excerpt":{"rendered":"<p data-start=\"89\" data-end=\"518\"><strong data-start=\"89\" data-end=\"100\">\u015enitzel<\/strong><br data-start=\"100\" data-end=\"103\" \/>Kuzin mutfa\u011f\u0131n\u0131n \u00e7\u0131t\u0131r lezzeti. \u00d6zenle se\u00e7ilmi\u015f dana filetosu, ince d\u00f6v\u00fcl\u00fcp \u00f6zel baharat kar\u0131\u015f\u0131m\u0131yla marine edilir. Ard\u0131ndan klasik pane y\u00f6ntemiyle; \u00f6nce una, sonra \u00e7\u0131rp\u0131lm\u0131\u015f yumurtaya, son olarak da \u00e7\u0131t\u0131r panko ekme\u011fine buland\u0131ktan sonra alt\u0131n sar\u0131s\u0131 rengini alana dek taze tereya\u011f\u0131nda k\u0131zart\u0131l\u0131r. Kuzin\u2019in \u00f6zel marinasyon ve k\u0131zartma teknikleri sayesinde her lokmada yumu\u015fakl\u0131k ve \u00e7\u0131t\u0131rl\u0131k m\u00fckemmel uyum sa\u011flar.<\/p>\n<p data-start=\"520\" data-end=\"701\"><strong data-start=\"520\" data-end=\"542\">Kullan\u0131lan Teknik:<\/strong><br data-start=\"542\" data-end=\"545\" \/>Dana filetosu, nazik\u00e7e d\u00f6v\u00fcl\u00fcp marine edilerek etin dokusu korunur; panko pane ve tereya\u011f\u0131nda k\u0131zartma y\u00f6ntemi ile \u00e7\u0131t\u0131r ve hafif bir d\u0131\u015f kabuk olu\u015fturulur.<\/p>\n<p data-start=\"703\" data-end=\"740\"><strong data-start=\"703\" data-end=\"724\">Porsiyon Gramaj\u0131:<\/strong><br data-start=\"724\" data-end=\"727\" \/>180 gr \/ adet<\/p>\n<p data-start=\"742\" data-end=\"879\"><strong data-start=\"745\" data-end=\"776\">100 g \u0130\u00e7in Besin De\u011ferleri:<\/strong><br data-start=\"776\" data-end=\"779\" \/>Enerji (kcal): 230 kcal<br data-start=\"802\" data-end=\"805\" \/>Karbonhidrat: 12 g<br data-start=\"823\" data-end=\"826\" \/>Protein: 22 g<br data-start=\"839\" data-end=\"842\" \/>Ya\u011f: 10 g<br data-start=\"851\" data-end=\"854\" \/>Lif: 0.5 g<br data-start=\"864\" data-end=\"867\" \/>Tuz: 1.2 g<\/p>\n<p data-start=\"881\" data-end=\"1043\">&#x26a0;&#xfe0f; <strong data-start=\"884\" data-end=\"904\">Alerjen Bilgisi:<\/strong><br data-start=\"904\" data-end=\"907\" \/>Bu \u00fcr\u00fcn gluten ve yumurta i\u00e7erir. Pane kaplamas\u0131nda un ve yumurta kullan\u0131ld\u0131\u011f\u0131ndan gluten ve yumurta hassasiyeti olanlar i\u00e7in \u00f6nerilmez.<\/p>\n","protected":false},"featured_media":2812,"comment_status":"open","ping_status":"closed","template":"","meta":{"pagelayer_contact_templates":[],"_pagelayer_content":""},"product_brand":[],"product_cat":[55],"product_tag":[],"class_list":{"0":"post-2638","1":"product","2":"type-product","3":"status-publish","4":"has-post-thumbnail","6":"product_cat-etler","8":"first","9":"instock","10":"shipping-taxable","11":"purchasable","12":"product-type-simple"},"jetpack_sharing_enabled":true,"_links":{"self":[{"href":"https:\/\/qrideamenu.com\/kuzinrestaurant\/wp-json\/wp\/v2\/product\/2638","targetHints":{"allow":["GET"]}}],"collection":[{"href":"https:\/\/qrideamenu.com\/kuzinrestaurant\/wp-json\/wp\/v2\/product"}],"about":[{"href":"https:\/\/qrideamenu.com\/kuzinrestaurant\/wp-json\/wp\/v2\/types\/product"}],"replies":[{"embeddable":true,"href":"https:\/\/qrideamenu.com\/kuzinrestaurant\/wp-json\/wp\/v2\/comments?post=2638"}],"wp:featuredmedia":[{"embeddable":true,"href":"https:\/\/qrideamenu.com\/kuzinrestaurant\/wp-json\/wp\/v2\/media\/2812"}],"wp:attachment":[{"href":"https:\/\/qrideamenu.com\/kuzinrestaurant\/wp-json\/wp\/v2\/media?parent=2638"}],"wp:term":[{"taxonomy":"product_brand","embeddable":true,"href":"https:\/\/qrideamenu.com\/kuzinrestaurant\/wp-json\/wp\/v2\/product_brand?post=2638"},{"taxonomy":"product_cat","embeddable":true,"href":"https:\/\/qrideamenu.com\/kuzinrestaurant\/wp-json\/wp\/v2\/product_cat?post=2638"},{"taxonomy":"product_tag","embeddable":true,"href":"https:\/\/qrideamenu.com\/kuzinrestaurant\/wp-json\/wp\/v2\/product_tag?post=2638"}],"curies":[{"name":"wp","href":"https:\/\/api.w.org\/{rel}","templated":true}]}}