{"id":2647,"date":"2025-07-22T13:11:11","date_gmt":"2025-07-22T13:11:11","guid":{"rendered":"https:\/\/qrideamenu.com\/kuzinrestaurant\/?post_type=product&#038;p=2647"},"modified":"2026-01-01T07:59:04","modified_gmt":"2026-01-01T07:59:04","slug":"pilic-sote","status":"publish","type":"product","link":"https:\/\/qrideamenu.com\/kuzinrestaurant\/urun\/pilic-sote\/","title":{"rendered":"Pili\u00e7 Sote"},"content":{"rendered":"<p data-start=\"87\" data-end=\"401\"><strong data-start=\"87\" data-end=\"101\">Pili\u00e7 Sote<\/strong><br data-start=\"101\" data-end=\"104\" \/>Kuzin mutfa\u011f\u0131ndan lezzetli ve hafif bir se\u00e7enek. Taze pili\u00e7 g\u00f6\u011fs\u00fc, renkli sebzelerle (biber, domates, so\u011fan) birlikte \u00f6zel baharatlarla sotelenir. Etin yumu\u015fakl\u0131\u011f\u0131 ve sebzelerin tazeli\u011fi, Kuzin\u2019in \u00f6zenli haz\u0131rlama ve h\u0131zl\u0131 pi\u015firme tekni\u011fiyle bir araya gelir. Sa\u011fl\u0131kl\u0131 ve doyurucu bir \u00f6\u011f\u00fcn sunar.<\/p>\n<p data-start=\"403\" data-end=\"553\"><strong data-start=\"403\" data-end=\"425\">Kullan\u0131lan Teknik:<\/strong><br data-start=\"425\" data-end=\"428\" \/>Pili\u00e7 g\u00f6\u011fs\u00fc ve sebzeler, y\u00fcksek ate\u015fte k\u0131sa s\u00fcrede h\u0131zl\u0131 sotelenerek lezzetleri korunur ve yeme\u011fe canl\u0131 renkler kazand\u0131r\u0131l\u0131r.<\/p>\n<p data-start=\"555\" data-end=\"596\"><strong data-start=\"555\" data-end=\"576\">Porsiyon Gramaj\u0131:<\/strong><br data-start=\"576\" data-end=\"579\" \/>220 gr \/ porsiyon<\/p>\n<p data-start=\"598\" data-end=\"733\"><strong data-start=\"601\" data-end=\"632\">100 g \u0130\u00e7in Besin De\u011ferleri:<\/strong><br data-start=\"632\" data-end=\"635\" \/>Enerji (kcal): 140 kcal<br data-start=\"658\" data-end=\"661\" \/>Karbonhidrat: 5 g<br data-start=\"678\" data-end=\"681\" \/>Protein: 21 g<br data-start=\"694\" data-end=\"697\" \/>Ya\u011f: 4 g<br data-start=\"705\" data-end=\"708\" \/>Lif: 1.5 g<br data-start=\"718\" data-end=\"721\" \/>Tuz: 0.9 g<\/p>\n<p data-start=\"735\" data-end=\"827\">&#x26a0;&#xfe0f; <strong data-start=\"738\" data-end=\"758\">Alerjen Bilgisi:<\/strong><br data-start=\"758\" data-end=\"761\" \/>Bu \u00fcr\u00fcn alerjen i\u00e7ermez; sebzeler ve baharatlar do\u011fal kaynakl\u0131d\u0131r.<\/p>\n","protected":false},"excerpt":{"rendered":"<p data-start=\"87\" data-end=\"401\"><strong data-start=\"87\" data-end=\"101\">Pili\u00e7 Sote<\/strong><br data-start=\"101\" data-end=\"104\" \/>Kuzin mutfa\u011f\u0131ndan lezzetli ve hafif bir se\u00e7enek. Taze pili\u00e7 g\u00f6\u011fs\u00fc, renkli sebzelerle (biber, domates, so\u011fan) birlikte \u00f6zel baharatlarla sotelenir. Etin yumu\u015fakl\u0131\u011f\u0131 ve sebzelerin tazeli\u011fi, Kuzin\u2019in \u00f6zenli haz\u0131rlama ve h\u0131zl\u0131 pi\u015firme tekni\u011fiyle bir araya gelir. Sa\u011fl\u0131kl\u0131 ve doyurucu bir \u00f6\u011f\u00fcn sunar.<\/p>\n<p data-start=\"403\" data-end=\"553\"><strong data-start=\"403\" data-end=\"425\">Kullan\u0131lan Teknik:<\/strong><br data-start=\"425\" data-end=\"428\" \/>Pili\u00e7 g\u00f6\u011fs\u00fc ve sebzeler, y\u00fcksek ate\u015fte k\u0131sa s\u00fcrede h\u0131zl\u0131 sotelenerek lezzetleri korunur ve yeme\u011fe canl\u0131 renkler kazand\u0131r\u0131l\u0131r.<\/p>\n<p data-start=\"555\" data-end=\"596\"><strong data-start=\"555\" data-end=\"576\">Porsiyon Gramaj\u0131:<\/strong><br data-start=\"576\" data-end=\"579\" \/>220 gr \/ porsiyon<\/p>\n<p data-start=\"598\" data-end=\"733\"><strong data-start=\"601\" data-end=\"632\">100 g \u0130\u00e7in Besin De\u011ferleri:<\/strong><br data-start=\"632\" data-end=\"635\" \/>Enerji (kcal): 140 kcal<br data-start=\"658\" data-end=\"661\" \/>Karbonhidrat: 5 g<br data-start=\"678\" data-end=\"681\" \/>Protein: 21 g<br data-start=\"694\" data-end=\"697\" \/>Ya\u011f: 4 g<br data-start=\"705\" data-end=\"708\" \/>Lif: 1.5 g<br data-start=\"718\" data-end=\"721\" \/>Tuz: 0.9 g<\/p>\n<p data-start=\"735\" data-end=\"827\">&#x26a0;&#xfe0f; <strong data-start=\"738\" data-end=\"758\">Alerjen Bilgisi:<\/strong><br data-start=\"758\" data-end=\"761\" \/>Bu \u00fcr\u00fcn alerjen i\u00e7ermez; sebzeler ve baharatlar do\u011fal kaynakl\u0131d\u0131r.<\/p>\n","protected":false},"featured_media":2815,"comment_status":"open","ping_status":"closed","template":"","meta":{"pagelayer_contact_templates":[],"_pagelayer_content":""},"product_brand":[],"product_cat":[55],"product_tag":[],"class_list":{"0":"post-2647","1":"product","2":"type-product","3":"status-publish","4":"has-post-thumbnail","6":"product_cat-etler","8":"first","9":"instock","10":"shipping-taxable","11":"purchasable","12":"product-type-simple"},"jetpack_sharing_enabled":true,"_links":{"self":[{"href":"https:\/\/qrideamenu.com\/kuzinrestaurant\/wp-json\/wp\/v2\/product\/2647","targetHints":{"allow":["GET"]}}],"collection":[{"href":"https:\/\/qrideamenu.com\/kuzinrestaurant\/wp-json\/wp\/v2\/product"}],"about":[{"href":"https:\/\/qrideamenu.com\/kuzinrestaurant\/wp-json\/wp\/v2\/types\/product"}],"replies":[{"embeddable":true,"href":"https:\/\/qrideamenu.com\/kuzinrestaurant\/wp-json\/wp\/v2\/comments?post=2647"}],"wp:featuredmedia":[{"embeddable":true,"href":"https:\/\/qrideamenu.com\/kuzinrestaurant\/wp-json\/wp\/v2\/media\/2815"}],"wp:attachment":[{"href":"https:\/\/qrideamenu.com\/kuzinrestaurant\/wp-json\/wp\/v2\/media?parent=2647"}],"wp:term":[{"taxonomy":"product_brand","embeddable":true,"href":"https:\/\/qrideamenu.com\/kuzinrestaurant\/wp-json\/wp\/v2\/product_brand?post=2647"},{"taxonomy":"product_cat","embeddable":true,"href":"https:\/\/qrideamenu.com\/kuzinrestaurant\/wp-json\/wp\/v2\/product_cat?post=2647"},{"taxonomy":"product_tag","embeddable":true,"href":"https:\/\/qrideamenu.com\/kuzinrestaurant\/wp-json\/wp\/v2\/product_tag?post=2647"}],"curies":[{"name":"wp","href":"https:\/\/api.w.org\/{rel}","templated":true}]}}