{"id":2660,"date":"2025-07-15T19:44:30","date_gmt":"2025-07-15T19:44:30","guid":{"rendered":"https:\/\/qrideamenu.com\/kuzinrestaurant\/?post_type=product&#038;p=2660"},"modified":"2026-01-01T08:13:37","modified_gmt":"2026-01-01T08:13:37","slug":"fanta","status":"publish","type":"product","link":"https:\/\/qrideamenu.com\/kuzinrestaurant\/urun\/fanta\/","title":{"rendered":"Fanta"},"content":{"rendered":"<p data-start=\"56\" data-end=\"320\"><strong data-start=\"56\" data-end=\"65\">Fanta<\/strong><br data-start=\"65\" data-end=\"68\" \/>Kuzin Restaurant\u2019ta meyve aromal\u0131, canl\u0131 ve enerjik bir alternatif arayanlar i\u00e7in sunulan Fanta, portakal\u0131n ne\u015feli aromas\u0131yla serinletici bir lezzet sunar. Tatl\u0131 ve hafif gazl\u0131 yap\u0131s\u0131yla \u00f6zellikle yaz aylar\u0131nda en \u00e7ok tercih edilen i\u00e7eceklerimizdendir.<\/p>\n<p data-start=\"322\" data-end=\"420\"><strong data-start=\"322\" data-end=\"344\">Kullan\u0131lan Teknik:<\/strong><br data-start=\"344\" data-end=\"347\" \/>So\u011fuk zincirle muhafaza edilir, 3\u00b0C-5\u00b0C aras\u0131nda servis \u00f6ncesi so\u011futulur.<\/p>\n<p data-start=\"422\" data-end=\"459\"><strong data-start=\"422\" data-end=\"443\">Porsiyon Gramaj\u0131:<\/strong><br data-start=\"443\" data-end=\"446\" \/>250 ml \/ \u015fi\u015fe<\/p>\n<p data-start=\"461\" data-end=\"614\"><strong data-start=\"461\" data-end=\"495\"> 100 g \u0130\u00e7in Besin De\u011ferleri:<\/strong><br data-start=\"495\" data-end=\"498\" \/>Enerji (kcal): 42 kcal<br data-start=\"520\" data-end=\"523\" \/>Karbonhidrat: 10.2 g<br data-start=\"543\" data-end=\"546\" \/>\u2013 \u015eeker: 10.2 g<br data-start=\"561\" data-end=\"564\" \/>Protein: 0 g<br data-start=\"576\" data-end=\"579\" \/>Ya\u011f: 0 g<br data-start=\"587\" data-end=\"590\" data-is-only-node=\"\" \/>Lif: 0 g<br data-start=\"598\" data-end=\"601\" \/>Tuz: 0.01 g<\/p>\n<p data-start=\"616\" data-end=\"732\"><strong data-start=\"616\" data-end=\"638\">&#x26a0; Alerjen Bilgisi:<\/strong><br data-start=\"638\" data-end=\"641\" \/>Alerjen i\u00e7ermez. Y\u00fcksek \u015feker i\u00e7eri\u011fi nedeniyle diyabet hassasiyeti olanlar i\u00e7in \u00f6nerilmez.<\/p>\n","protected":false},"excerpt":{"rendered":"<p data-start=\"56\" data-end=\"320\"><strong data-start=\"56\" data-end=\"65\">Fanta<\/strong><br data-start=\"65\" data-end=\"68\" \/>Kuzin Restaurant\u2019ta meyve aromal\u0131, canl\u0131 ve enerjik bir alternatif arayanlar i\u00e7in sunulan Fanta, portakal\u0131n ne\u015feli aromas\u0131yla serinletici bir lezzet sunar. Tatl\u0131 ve hafif gazl\u0131 yap\u0131s\u0131yla \u00f6zellikle yaz aylar\u0131nda en \u00e7ok tercih edilen i\u00e7eceklerimizdendir.<\/p>\n<p data-start=\"322\" data-end=\"420\"><strong data-start=\"322\" data-end=\"344\">Kullan\u0131lan Teknik:<\/strong><br data-start=\"344\" data-end=\"347\" \/>So\u011fuk zincirle muhafaza edilir, 3\u00b0C-5\u00b0C aras\u0131nda servis \u00f6ncesi so\u011futulur.<\/p>\n<p data-start=\"422\" data-end=\"459\"><strong data-start=\"422\" data-end=\"443\">Porsiyon Gramaj\u0131:<\/strong><br data-start=\"443\" data-end=\"446\" \/>250 ml \/ \u015fi\u015fe<\/p>\n<p data-start=\"461\" data-end=\"614\"><strong data-start=\"461\" data-end=\"495\"> 100 g \u0130\u00e7in Besin De\u011ferleri:<\/strong><br data-start=\"495\" data-end=\"498\" \/>Enerji (kcal): 42 kcal<br data-start=\"520\" data-end=\"523\" \/>Karbonhidrat: 10.2 g<br data-start=\"543\" data-end=\"546\" \/>\u2013 \u015eeker: 10.2 g<br data-start=\"561\" data-end=\"564\" \/>Protein: 0 g<br data-start=\"576\" data-end=\"579\" \/>Ya\u011f: 0 g<br data-start=\"587\" data-end=\"590\" data-is-only-node=\"\" \/>Lif: 0 g<br data-start=\"598\" data-end=\"601\" \/>Tuz: 0.01 g<\/p>\n<p data-start=\"616\" data-end=\"732\"><strong data-start=\"616\" data-end=\"638\">&#x26a0; Alerjen Bilgisi:<\/strong><br data-start=\"638\" data-end=\"641\" \/>Alerjen i\u00e7ermez. Y\u00fcksek \u015feker i\u00e7eri\u011fi nedeniyle diyabet hassasiyeti olanlar i\u00e7in \u00f6nerilmez.<\/p>\n","protected":false},"featured_media":2821,"comment_status":"open","ping_status":"closed","template":"","meta":{"pagelayer_contact_templates":[],"_pagelayer_content":""},"product_brand":[],"product_cat":[54],"product_tag":[],"class_list":{"0":"post-2660","1":"product","2":"type-product","3":"status-publish","4":"has-post-thumbnail","6":"product_cat-icecekler","8":"first","9":"instock","10":"shipping-taxable","11":"purchasable","12":"product-type-simple"},"jetpack_sharing_enabled":true,"_links":{"self":[{"href":"https:\/\/qrideamenu.com\/kuzinrestaurant\/wp-json\/wp\/v2\/product\/2660","targetHints":{"allow":["GET"]}}],"collection":[{"href":"https:\/\/qrideamenu.com\/kuzinrestaurant\/wp-json\/wp\/v2\/product"}],"about":[{"href":"https:\/\/qrideamenu.com\/kuzinrestaurant\/wp-json\/wp\/v2\/types\/product"}],"replies":[{"embeddable":true,"href":"https:\/\/qrideamenu.com\/kuzinrestaurant\/wp-json\/wp\/v2\/comments?post=2660"}],"wp:featuredmedia":[{"embeddable":true,"href":"https:\/\/qrideamenu.com\/kuzinrestaurant\/wp-json\/wp\/v2\/media\/2821"}],"wp:attachment":[{"href":"https:\/\/qrideamenu.com\/kuzinrestaurant\/wp-json\/wp\/v2\/media?parent=2660"}],"wp:term":[{"taxonomy":"product_brand","embeddable":true,"href":"https:\/\/qrideamenu.com\/kuzinrestaurant\/wp-json\/wp\/v2\/product_brand?post=2660"},{"taxonomy":"product_cat","embeddable":true,"href":"https:\/\/qrideamenu.com\/kuzinrestaurant\/wp-json\/wp\/v2\/product_cat?post=2660"},{"taxonomy":"product_tag","embeddable":true,"href":"https:\/\/qrideamenu.com\/kuzinrestaurant\/wp-json\/wp\/v2\/product_tag?post=2660"}],"curies":[{"name":"wp","href":"https:\/\/api.w.org\/{rel}","templated":true}]}}