{"id":2672,"date":"2025-07-15T19:47:43","date_gmt":"2025-07-15T19:47:43","guid":{"rendered":"https:\/\/qrideamenu.com\/kuzinrestaurant\/?post_type=product&#038;p=2672"},"modified":"2026-01-01T08:12:52","modified_gmt":"2026-01-01T08:12:52","slug":"salgam","status":"publish","type":"product","link":"https:\/\/qrideamenu.com\/kuzinrestaurant\/urun\/salgam\/","title":{"rendered":"\u015ealgam"},"content":{"rendered":"<p data-start=\"59\" data-end=\"344\"><strong data-start=\"59\" data-end=\"69\">\u015ealgam<\/strong><br data-start=\"69\" data-end=\"72\" \/>Kuzin Restaurant\u2019ta geleneksel Anadolu sofralar\u0131n\u0131n vazge\u00e7ilmez i\u00e7ece\u011fi olan \u015falgam, do\u011fal fermantasyonla haz\u0131rlanm\u0131\u015f pancar ve mor havu\u00e7 kar\u0131\u015f\u0131m\u0131yla sunulur. Ac\u0131l\u0131 ve ac\u0131s\u0131z se\u00e7enekleriyle et yemeklerinin ve kebaplar\u0131n yan\u0131nda dengeleyici, i\u015ftah a\u00e7\u0131c\u0131 bir tamamlay\u0131c\u0131d\u0131r.<\/p>\n<p data-start=\"346\" data-end=\"456\"><strong data-start=\"346\" data-end=\"368\">Kullan\u0131lan Teknik:<\/strong><br data-start=\"368\" data-end=\"371\" \/>Do\u011fal fermantasyonla olgunla\u015ft\u0131r\u0131l\u0131r; so\u011fuk zincirle korunur ve 4\u00b0C\u2019de servis edilir.<\/p>\n<p data-start=\"458\" data-end=\"497\"><strong data-start=\"458\" data-end=\"479\">Porsiyon Gramaj\u0131:<\/strong><br data-start=\"479\" data-end=\"482\" \/>300 ml \/ bardak<\/p>\n<p data-start=\"499\" data-end=\"652\"><strong data-start=\"499\" data-end=\"533\"> 100 g \u0130\u00e7in Besin De\u011ferleri:<\/strong><br data-start=\"533\" data-end=\"536\" \/>Enerji (kcal): 8 kcal<br data-start=\"557\" data-end=\"560\" \/>Karbonhidrat: 1.5 g<br data-start=\"579\" data-end=\"582\" \/>\u2013 \u015eeker: 0.5 g<br data-start=\"596\" data-end=\"599\" \/>Protein: 0.3 g<br data-start=\"613\" data-end=\"616\" \/>Ya\u011f: 0 g<br data-start=\"624\" data-end=\"627\" data-is-only-node=\"\" \/>Lif: 0.2 g<br data-start=\"637\" data-end=\"640\" \/>Tuz: 1.6 g<\/p>\n<p data-start=\"654\" data-end=\"775\"><strong data-start=\"654\" data-end=\"676\">&#x26a0; Alerjen Bilgisi:<\/strong><br data-start=\"676\" data-end=\"679\" \/>Y\u00fcksek tuz i\u00e7eri\u011fi nedeniyle tansiyon problemi olan bireyler i\u00e7in dikkatli t\u00fcketilmesi \u00f6nerilir.<\/p>\n","protected":false},"excerpt":{"rendered":"<p data-start=\"59\" data-end=\"344\"><strong data-start=\"59\" data-end=\"69\">\u015ealgam<\/strong><br data-start=\"69\" data-end=\"72\" \/>Kuzin Restaurant\u2019ta geleneksel Anadolu sofralar\u0131n\u0131n vazge\u00e7ilmez i\u00e7ece\u011fi olan \u015falgam, do\u011fal fermantasyonla haz\u0131rlanm\u0131\u015f pancar ve mor havu\u00e7 kar\u0131\u015f\u0131m\u0131yla sunulur. Ac\u0131l\u0131 ve ac\u0131s\u0131z se\u00e7enekleriyle et yemeklerinin ve kebaplar\u0131n yan\u0131nda dengeleyici, i\u015ftah a\u00e7\u0131c\u0131 bir tamamlay\u0131c\u0131d\u0131r.<\/p>\n<p data-start=\"346\" data-end=\"456\"><strong data-start=\"346\" data-end=\"368\">Kullan\u0131lan Teknik:<\/strong><br data-start=\"368\" data-end=\"371\" \/>Do\u011fal fermantasyonla olgunla\u015ft\u0131r\u0131l\u0131r; so\u011fuk zincirle korunur ve 4\u00b0C\u2019de servis edilir.<\/p>\n<p data-start=\"458\" data-end=\"497\"><strong data-start=\"458\" data-end=\"479\">Porsiyon Gramaj\u0131:<\/strong><br data-start=\"479\" data-end=\"482\" \/>300 ml \/ bardak<\/p>\n<p data-start=\"499\" data-end=\"652\"><strong data-start=\"499\" data-end=\"533\"> 100 g \u0130\u00e7in Besin De\u011ferleri:<\/strong><br data-start=\"533\" data-end=\"536\" \/>Enerji (kcal): 8 kcal<br data-start=\"557\" data-end=\"560\" \/>Karbonhidrat: 1.5 g<br data-start=\"579\" data-end=\"582\" \/>\u2013 \u015eeker: 0.5 g<br data-start=\"596\" data-end=\"599\" \/>Protein: 0.3 g<br data-start=\"613\" data-end=\"616\" \/>Ya\u011f: 0 g<br data-start=\"624\" data-end=\"627\" data-is-only-node=\"\" \/>Lif: 0.2 g<br data-start=\"637\" data-end=\"640\" \/>Tuz: 1.6 g<\/p>\n<p data-start=\"654\" data-end=\"775\"><strong data-start=\"654\" data-end=\"676\">&#x26a0; Alerjen Bilgisi:<\/strong><br data-start=\"676\" data-end=\"679\" \/>Y\u00fcksek tuz i\u00e7eri\u011fi nedeniyle tansiyon problemi olan bireyler i\u00e7in dikkatli t\u00fcketilmesi \u00f6nerilir.<\/p>\n","protected":false},"featured_media":2824,"comment_status":"open","ping_status":"closed","template":"","meta":{"pagelayer_contact_templates":[],"_pagelayer_content":""},"product_brand":[],"product_cat":[54],"product_tag":[],"class_list":{"0":"post-2672","1":"product","2":"type-product","3":"status-publish","4":"has-post-thumbnail","6":"product_cat-icecekler","8":"first","9":"instock","10":"shipping-taxable","11":"purchasable","12":"product-type-simple"},"jetpack_sharing_enabled":true,"_links":{"self":[{"href":"https:\/\/qrideamenu.com\/kuzinrestaurant\/wp-json\/wp\/v2\/product\/2672","targetHints":{"allow":["GET"]}}],"collection":[{"href":"https:\/\/qrideamenu.com\/kuzinrestaurant\/wp-json\/wp\/v2\/product"}],"about":[{"href":"https:\/\/qrideamenu.com\/kuzinrestaurant\/wp-json\/wp\/v2\/types\/product"}],"replies":[{"embeddable":true,"href":"https:\/\/qrideamenu.com\/kuzinrestaurant\/wp-json\/wp\/v2\/comments?post=2672"}],"wp:featuredmedia":[{"embeddable":true,"href":"https:\/\/qrideamenu.com\/kuzinrestaurant\/wp-json\/wp\/v2\/media\/2824"}],"wp:attachment":[{"href":"https:\/\/qrideamenu.com\/kuzinrestaurant\/wp-json\/wp\/v2\/media?parent=2672"}],"wp:term":[{"taxonomy":"product_brand","embeddable":true,"href":"https:\/\/qrideamenu.com\/kuzinrestaurant\/wp-json\/wp\/v2\/product_brand?post=2672"},{"taxonomy":"product_cat","embeddable":true,"href":"https:\/\/qrideamenu.com\/kuzinrestaurant\/wp-json\/wp\/v2\/product_cat?post=2672"},{"taxonomy":"product_tag","embeddable":true,"href":"https:\/\/qrideamenu.com\/kuzinrestaurant\/wp-json\/wp\/v2\/product_tag?post=2672"}],"curies":[{"name":"wp","href":"https:\/\/api.w.org\/{rel}","templated":true}]}}